{"id":9933,"date":"2022-05-26T14:52:38","date_gmt":"2022-05-26T12:52:38","guid":{"rendered":"https:\/\/ready-os.com\/?page_id=9933"},"modified":"2023-01-17T10:18:44","modified_gmt":"2023-01-17T09:18:44","slug":"zakupy","status":"publish","type":"page","link":"https:\/\/www2.ready-os.com\/pl\/zakupy\/","title":{"rendered":"Zakupy"},"content":{"rendered":"\n<div style=\"height:50px\" aria-hidden=\"true\" class=\"wp-block-spacer\"><\/div>\n\n\n\n<div class=\"wp-block-columns is-layout-flex wp-container-core-columns-layout-2 wp-block-columns-is-layout-flex\">\n<div class=\"wp-block-column is-layout-flow wp-block-column-is-layout-flow\" style=\"flex-basis:100%\">\n<div class=\"wp-block-columns is-layout-flex wp-container-core-columns-layout-1 wp-block-columns-is-layout-flex\">\n<div class=\"wp-block-column is-layout-flow wp-block-column-is-layout-flow\" style=\"flex-basis:47%\">\n<figure class=\"wp-block-image size-large\"><img decoding=\"async\" src=\"\/assets\/pictures\/Workflow-proces-zakupow-Zapotrzebowania-2-1024x640.jpg\" alt=\"Procesowanie zapotrzebowan w systemie EZD\"\/><\/figure>\n<\/div>\n\n\n\n<div class=\"wp-block-column is-layout-flow wp-block-column-is-layout-flow\" style=\"flex-basis:8%\"><\/div>\n\n\n\n<div class=\"wp-block-column is-layout-flow wp-block-column-is-layout-flow\">\n<h3 class=\"wp-block-heading\" id=\"h-zapotrzebowanie-pierwszy-krok-do-zakupu\">Zapotrzebowanie \u2013 pierwszy krok do zakupu<\/h3>\n\n\n\n<div style=\"height:19px\" aria-hidden=\"true\" class=\"wp-block-spacer\"><\/div>\n\n\n\n<h6 class=\"wp-block-heading\" id=\"h-nim-dojdzie-do-zakupu-dokladnie-okreslimy-jakie-jest-zapotrzebowanie-i-specyfikacja\">Nim dojdzie do zakupu \u2013dok\u0142adnie okre\u015blimy, jakie jest zapotrzebowanie i specyfikacja.<\/h6>\n\n\n\n<p><\/p>\n\n\n\n<ul><li>Cykl \u017cycia zapotrzebowania podzielono na: NOWE, OCZEKUJ\u0104CE NA AKCEPTACJ\u0118, ZAAKCEPTOWANE, W TOKU, ANULOWANE\/ODRZUCONE.<\/li><li>Ka\u017cdy dodaj\u0105cy zapotrzebowanie okre\u015bla szczeg\u00f3\u0142ow\u0105 specyfikacj\u0119 zakupu r\u0119cznie lub wybieraj\u0105c z bazy produkt\u00f3w.<\/li><li>Pozycje w zapotrzebowaniu mo\u017cna dodawa\u0107 pojedynczo lub zbiorczo.<\/li><\/ul>\n\n\n\n<div class=\"wp-block-buttons is-layout-flex wp-block-buttons-is-layout-flex\"><\/div>\n<\/div>\n\n\n\n<div class=\"wp-block-column is-layout-flow wp-block-column-is-layout-flow\" style=\"flex-basis:5%\"><\/div>\n<\/div>\n<\/div>\n<\/div>\n\n\n\n<div style=\"height:60px\" aria-hidden=\"true\" class=\"wp-block-spacer\"><\/div>\n\n\n\n<div class=\"wp-block-columns is-layout-flex wp-container-core-columns-layout-4 wp-block-columns-is-layout-flex\">\n<div class=\"wp-block-column reverse-mobile is-layout-flow wp-block-column-is-layout-flow\" style=\"flex-basis:100%\">\n<div class=\"wp-block-columns is-layout-flex wp-container-core-columns-layout-3 wp-block-columns-is-layout-flex\">\n<div class=\"wp-block-column is-layout-flow wp-block-column-is-layout-flow\" style=\"flex-basis:5%\"><\/div>\n\n\n\n<div class=\"wp-block-column is-layout-flow wp-block-column-is-layout-flow\">\n<h3 class=\"wp-block-heading\" id=\"h-zamowienie-drugi-krok-do-zakupu\">Zam\u00f3wienie \u2013 drugi krok do zakupu<\/h3>\n\n\n\n<div style=\"height:19px\" aria-hidden=\"true\" class=\"wp-block-spacer\"><\/div>\n\n\n\n<h6 class=\"wp-block-heading\" id=\"h-wszystkie-dane-w-jednym-miejscu\">Wszystkie dane w jednym miejscu.<\/h6>\n\n\n\n<p><\/p>\n\n\n\n<ul><li>Proste przekszta\u0142cenie zapotrzebowania w zam\u00f3wienie lub odes\u0142anie go do poprawy w razie konieczno\u015bci.<\/li><li>Szybka i \u0142atwa weryfikacja zamawianych produkt\u00f3w.<\/li><li>Dost\u0119pno\u015b\u0107 do informacji o tym, czy obieg danego zakupu nadal trwa.<\/li><li>Informacje o tym, czy zam\u00f3wienie zrealizowano w ca\u0142o\u015bci lub cz\u0119\u015bciowo.<\/li><li>Dla u\u0142atwienia pracy i wyszukiwania zam\u00f3wie\u0144 modu\u0142 posiada na wygodne i funkcjonalne zak\u0142adki.<\/li><\/ul>\n\n\n\n<div class=\"wp-block-buttons is-layout-flex wp-block-buttons-is-layout-flex\"><\/div>\n<\/div>\n\n\n\n<div class=\"wp-block-column is-layout-flow wp-block-column-is-layout-flow\" style=\"flex-basis:8%\"><\/div>\n\n\n\n<div class=\"wp-block-column is-layout-flow wp-block-column-is-layout-flow\" style=\"flex-basis:47%\">\n<figure class=\"wp-block-image size-large\"><img decoding=\"async\" src=\"\/assets\/pictures\/Generowanie-dokumentow-zamowienia-system-obiegu-dokumentow-1024x640.jpg\" alt=\"Wofklow zamowien - system EOD\"\/><\/figure>\n<\/div>\n<\/div>\n<\/div>\n<\/div>\n\n\n\n<div style=\"height:60px\" aria-hidden=\"true\" class=\"wp-block-spacer\"><\/div>\n\n\n\n<div class=\"wp-block-columns is-layout-flex wp-container-core-columns-layout-6 wp-block-columns-is-layout-flex\">\n<div class=\"wp-block-column is-layout-flow wp-block-column-is-layout-flow\" style=\"flex-basis:100%\">\n<div class=\"wp-block-columns is-layout-flex wp-container-core-columns-layout-5 wp-block-columns-is-layout-flex\">\n<div class=\"wp-block-column text-center is-layout-flow wp-block-column-is-layout-flow\" style=\"flex-basis:47%\">\n<figure class=\"wp-block-image size-large\"><img decoding=\"async\" src=\"\/assets\/pictures\/planowanie-budzetu-i-baza-produktow-system-EOD-1024x640.jpg\" alt=\"EOD- planowanie bud\u017cetu, wyb\u00f3r pozycji z bazy produkt\u00f3w\"\/><\/figure>\n<\/div>\n\n\n\n<div class=\"wp-block-column is-layout-flow wp-block-column-is-layout-flow\" style=\"flex-basis:8%\"><\/div>\n\n\n\n<div class=\"wp-block-column is-layout-flow wp-block-column-is-layout-flow\">\n<h3 class=\"wp-block-heading\" id=\"h-przejrzysty-dostep-do-specyfikacji-i-zatwierdzonych-zakupow\">Przejrzysty dost\u0119p do specyfikacji i zatwierdzonych zakup\u00f3w<\/h3>\n\n\n\n<div style=\"height:19px\" aria-hidden=\"true\" class=\"wp-block-spacer\"><\/div>\n\n\n\n<h6 class=\"wp-block-heading\" id=\"h-juz-na-etapie-tworzenia-zamowienia-mozesz-przyporzadkowac-je-do-konkretnego-dzialu-projektu-czy-linii-budzetowej\">Ju\u017c na etapie tworzenia zam\u00f3wienia mo\u017cesz przyporz\u0105dkowa\u0107 je do konkretnego dzia\u0142u, projektu czy linii bud\u017cetowej.<\/h6>\n\n\n\n<p><\/p>\n\n\n\n<ul><li>Workflow obiegu akceptacji zapotrzebowania i zam\u00f3wienia pozwala na zachowanie porz\u0105dku w obu procesach.<\/li><li>Oszcz\u0119dno\u015bci finansowe wynikaj\u0105ce z dost\u0119pno\u015bci do informacji o zakupie produkt\u00f3w.<\/li><li>Oznaczenie zlecaj\u0105cego i odbieraj\u0105cego produkty.<\/li><li>Jasna \u015bcie\u017cka zakupowa produkt\u00f3w.<\/li><li>Pe\u0142na kontrola nad ilo\u015bci\u0105 zakupionych materia\u0142\u00f3w i produkt\u00f3w.<\/li><\/ul>\n\n\n\n<div class=\"wp-block-buttons is-layout-flex wp-block-buttons-is-layout-flex\"><\/div>\n<\/div>\n\n\n\n<div class=\"wp-block-column is-layout-flow wp-block-column-is-layout-flow\" style=\"flex-basis:5%\"><\/div>\n<\/div>\n<\/div>\n<\/div>\n\n\n\n<div style=\"height:60px\" aria-hidden=\"true\" class=\"wp-block-spacer\"><\/div>\n\n\n\n<div class=\"wp-block-columns is-layout-flex wp-container-core-columns-layout-8 wp-block-columns-is-layout-flex\">\n<div class=\"wp-block-column reverse-mobile is-layout-flow wp-block-column-is-layout-flow\" style=\"flex-basis:100%\">\n<div class=\"wp-block-columns is-layout-flex wp-container-core-columns-layout-7 wp-block-columns-is-layout-flex\">\n<div class=\"wp-block-column is-layout-flow wp-block-column-is-layout-flow\" style=\"flex-basis:5%\"><\/div>\n\n\n\n<div class=\"wp-block-column is-layout-flow wp-block-column-is-layout-flow\">\n<h3 class=\"wp-block-heading\" id=\"h-dane-ktore-latwo-wyszukasz\">Dane, kt\u00f3re \u0142atwo wyszukasz<\/h3>\n\n\n\n<div style=\"height:19px\" aria-hidden=\"true\" class=\"wp-block-spacer\"><\/div>\n\n\n\n<h6 class=\"wp-block-heading\" id=\"h-szczegoly-historia-i-powiazania-pomoc-w-szybkim-otrzymaniu-informacji-o-zapotrzebowaniu-i-zamowieniu\">\u201eSzczeg\u00f3\u0142y\u201d, \u201eHistoria\u201d i \u201ePowi\u0105zania\u201d \u2013 pomoc w szybkim otrzymaniu informacji o zapotrzebowaniu i zam\u00f3wieniu.<\/h6>\n\n\n\n<p><\/p>\n\n\n\n<ul><li>Generowanie nowych dokument\u00f3w Zapotrzebowania, gdzie wprowadzamy dane, status dokumentu oraz informacje o kolejnych pozycjach.<\/li><li>Proste przekszta\u0142cenie w kilku krokach Zapotrzebowania w Zam\u00f3wienie.<\/li><li>Generowanie plik\u00f3w Zam\u00f3wie\u0144 z szablon\u00f3w PDF, RTF.<\/li><li>Okre\u015blenie stopnia realizacji zam\u00f3wienia.<\/li><\/ul>\n\n\n\n<div class=\"wp-block-buttons is-layout-flex wp-block-buttons-is-layout-flex\"><\/div>\n<\/div>\n\n\n\n<div class=\"wp-block-column is-layout-flow wp-block-column-is-layout-flow\" style=\"flex-basis:8%\"><\/div>\n\n\n\n<div class=\"wp-block-column is-layout-flow wp-block-column-is-layout-flow\" style=\"flex-basis:47%\">\n<figure class=\"wp-block-image size-large\"><img decoding=\"async\" src=\"\/assets\/pictures\/Zakupy-widok-wszystkich-zamowien-w-systemie-EZD-1024x640.jpg\" alt=\"\"\/><\/figure>\n<\/div>\n<\/div>\n<\/div>\n<\/div>\n\n\n\n<div style=\"height:60px\" aria-hidden=\"true\" class=\"wp-block-spacer\"><\/div>\n\n\n\n<div class=\"wp-block-columns is-layout-flex wp-container-core-columns-layout-10 wp-block-columns-is-layout-flex\">\n<div class=\"wp-block-column is-layout-flow wp-block-column-is-layout-flow\" style=\"flex-basis:100%\">\n<div class=\"wp-block-columns is-layout-flex wp-container-core-columns-layout-9 wp-block-columns-is-layout-flex\">\n<div class=\"wp-block-column is-layout-flow wp-block-column-is-layout-flow\" style=\"flex-basis:47%\">\n<figure class=\"wp-block-video\"><video autoplay loop muted src=\"https:\/\/ready-os.com\/wp-content\/uploads\/2022\/05\/Powiazanie-faktury-zakupu-z-zamowieniem-w-systemie-EZD-2.mp4\" playsinline><\/video><\/figure>\n<\/div>\n\n\n\n<div class=\"wp-block-column is-layout-flow wp-block-column-is-layout-flow\" style=\"flex-basis:8%\"><\/div>\n\n\n\n<div class=\"wp-block-column is-layout-flow wp-block-column-is-layout-flow\">\n<h3 class=\"wp-block-heading\" id=\"h-automatyczna-akceptacja-faktur-zakupu\">Automatyczna akceptacja faktur zakupu<\/h3>\n\n\n\n<div style=\"height:19px\" aria-hidden=\"true\" class=\"wp-block-spacer\"><\/div>\n\n\n\n<h6 class=\"wp-block-heading\" id=\"h-zmniejsz-liczbe-potrzebnych-akceptacji-przy-tych-samych-zakupach\">Zmniejsz liczb\u0119 potrzebnych akceptacji przy tych samych zakupach.<\/h6>\n\n\n\n<p><\/p>\n\n\n\n<ul><li>Mo\u017cliwo\u015bci powi\u0105zania faktur zakupu z zam\u00f3wieniem. <\/li><li>Mo\u017cliwo\u015b\u0107 ustawienia regu\u0142y automatycznej akceptacji faktury, gdy warto\u015b\u0107 zam\u00f3wienia nie przekroczy wskazanej kwoty.<\/li><li>W po\u0142\u0105czeniu z aplikacj\u0105 Ready_\u2122 Bud\u017cety mo\u017cna ustawi\u0107 automatyczn\u0105 akceptacj\u0119 faktur zakupu do limitu bud\u017cetu projektu.<\/li><\/ul>\n\n\n\n<div class=\"wp-block-buttons is-layout-flex wp-block-buttons-is-layout-flex\"><\/div>\n<\/div>\n\n\n\n<div class=\"wp-block-column is-layout-flow wp-block-column-is-layout-flow\" style=\"flex-basis:5%\"><\/div>\n<\/div>\n<\/div>\n<\/div>\n","protected":false},"excerpt":{"rendered":"<p>Zapotrzebowanie \u2013 pierwszy krok do zakupu Nim dojdzie do zakupu \u2013dok\u0142adnie okre\u015blimy, jakie jest zapotrzebowanie i specyfikacja. Cykl \u017cycia zapotrzebowania podzielono na: NOWE, OCZEKUJ\u0104CE NA AKCEPTACJ\u0118, ZAAKCEPTOWANE, W TOKU, ANULOWANE\/ODRZUCONE. Ka\u017cdy dodaj\u0105cy zapotrzebowanie okre\u015bla szczeg\u00f3\u0142ow\u0105 specyfikacj\u0119 zakupu r\u0119cznie lub wybieraj\u0105c z bazy produkt\u00f3w. Pozycje w zapotrzebowaniu mo\u017cna dodawa\u0107 pojedynczo lub zbiorczo. Zam\u00f3wienie \u2013 drugi krok [&hellip;]<\/p>\n","protected":false},"author":2,"featured_media":10270,"parent":0,"menu_order":0,"comment_status":"closed","ping_status":"closed","template":"template-parts\/page-app-13.php","meta":{"footnotes":""},"_links":{"self":[{"href":"https:\/\/www2.ready-os.com\/pl\/wp-json\/wp\/v2\/pages\/9933"}],"collection":[{"href":"https:\/\/www2.ready-os.com\/pl\/wp-json\/wp\/v2\/pages"}],"about":[{"href":"https:\/\/www2.ready-os.com\/pl\/wp-json\/wp\/v2\/types\/page"}],"author":[{"embeddable":true,"href":"https:\/\/www2.ready-os.com\/pl\/wp-json\/wp\/v2\/users\/2"}],"replies":[{"embeddable":true,"href":"https:\/\/www2.ready-os.com\/pl\/wp-json\/wp\/v2\/comments?post=9933"}],"version-history":[{"count":7,"href":"https:\/\/www2.ready-os.com\/pl\/wp-json\/wp\/v2\/pages\/9933\/revisions"}],"predecessor-version":[{"id":10158,"href":"https:\/\/www2.ready-os.com\/pl\/wp-json\/wp\/v2\/pages\/9933\/revisions\/10158"}],"wp:featuredmedia":[{"embeddable":true,"href":"https:\/\/www2.ready-os.com\/pl\/wp-json\/wp\/v2\/media\/10270"}],"wp:attachment":[{"href":"https:\/\/www2.ready-os.com\/pl\/wp-json\/wp\/v2\/media?parent=9933"}],"curies":[{"name":"wp","href":"https:\/\/api.w.org\/{rel}","templated":true}]}}