{"id":9931,"date":"2022-05-26T15:02:44","date_gmt":"2022-05-26T13:02:44","guid":{"rendered":"https:\/\/ready-os.com\/?page_id=9931"},"modified":"2022-11-18T12:23:37","modified_gmt":"2022-11-18T11:23:37","slug":"eteczka","status":"publish","type":"page","link":"https:\/\/www2.ready-os.com\/pl\/eteczka\/","title":{"rendered":"eTeczka"},"content":{"rendered":"\n<div style=\"height:50px\" aria-hidden=\"true\" class=\"wp-block-spacer\"><\/div>\n\n\n\n<div class=\"wp-block-columns is-layout-flex wp-container-core-columns-layout-2 wp-block-columns-is-layout-flex\">\n<div class=\"wp-block-column is-layout-flow wp-block-column-is-layout-flow\" style=\"flex-basis:100%\">\n<div class=\"wp-block-columns is-layout-flex wp-container-core-columns-layout-1 wp-block-columns-is-layout-flex\">\n<div class=\"wp-block-column is-layout-flow wp-block-column-is-layout-flow\" style=\"flex-basis:47%\">\n<figure class=\"wp-block-image size-large\" id=\"eteczka-pracownicza\"><img decoding=\"async\" src=\"\/assets\/pictures\/Integralnosc-dokumenty-podpisane.png\" alt=\"Digitalizacja i archiwizacja dokument\u00f3w pracowniczych w jednym miejscu. Zobacz jakie to proste. \"\/><\/figure>\n<\/div>\n\n\n\n<div class=\"wp-block-column is-layout-flow wp-block-column-is-layout-flow\" style=\"flex-basis:8%\"><\/div>\n\n\n\n<div class=\"wp-block-column is-layout-flow wp-block-column-is-layout-flow\">\n<h3 class=\"wp-block-heading\" id=\"h-bezpieczenstwo-to-podstawa\">Bezpiecze\u0144stwo to podstawa<\/h3>\n\n\n\n<div style=\"height:19px\" aria-hidden=\"true\" class=\"wp-block-spacer\"><\/div>\n\n\n\n<h6 class=\"wp-block-heading\" id=\"h-dbamy-o-bezpieczenstwo-twoich-dokumentow-system-zapewnia-wszystkie-wymagania-prawne\">Dbamy o bezpiecze\u0144stwo Twoich dokument\u00f3w. System zapewnia wszystkie wymagania prawne. <\/h6>\n\n\n\n<p><\/p>\n\n\n\n<ul><li>Codziennie tworzy si\u0119 kopia zapasowa bazy i zachowana zostaje poprzednia.<\/li><li>Mo\u017cliwo\u015b\u0107 usuni\u0119cia wskazanych dokument\u00f3w nast\u0119puje dopiero po up\u0142ywie okre\u015blonego prawnie czasu dla wskazanych kategorii.<\/li><li>Szczeg\u00f3\u0142owa historia zmian pozwala na przegl\u0105danie wprowadzanych zmian w dokumentacji i identyfikacj\u0119 os\u00f3b, kt\u00f3re tych zmian dokona\u0142y.<\/li><li>System posiada zabezpieczenia przed wprowadzeniem niechcianych zmian, z wyj\u0105tkiem tych ustalonych w procedurach.<\/li><li>System pozwala zweryfikowa\u0107 integralno\u015b\u0107 dokument\u00f3w przypisanych elektronicznie.<\/li><\/ul>\n\n\n\n<div class=\"wp-block-buttons is-layout-flex wp-block-buttons-is-layout-flex\"><\/div>\n<\/div>\n\n\n\n<div class=\"wp-block-column is-layout-flow wp-block-column-is-layout-flow\" style=\"flex-basis:5%\"><\/div>\n<\/div>\n<\/div>\n<\/div>\n\n\n\n<div style=\"height:60px\" aria-hidden=\"true\" class=\"wp-block-spacer\"><\/div>\n\n\n\n<div class=\"wp-block-columns is-layout-flex wp-container-core-columns-layout-4 wp-block-columns-is-layout-flex\">\n<div class=\"wp-block-column reverse-mobile is-layout-flow wp-block-column-is-layout-flow\" style=\"flex-basis:100%\">\n<div class=\"wp-block-columns is-layout-flex wp-container-core-columns-layout-3 wp-block-columns-is-layout-flex\">\n<div class=\"wp-block-column is-layout-flow wp-block-column-is-layout-flow\" style=\"flex-basis:5%\"><\/div>\n\n\n\n<div class=\"wp-block-column is-layout-flow wp-block-column-is-layout-flow\">\n<h3 class=\"wp-block-heading\" id=\"h-latwe-wyszukiwanie-po-metadanych\">\u0141atwe wyszukiwanie po metadanych<\/h3>\n\n\n\n<div style=\"height:19px\" aria-hidden=\"true\" class=\"wp-block-spacer\"><\/div>\n\n\n\n<h6 class=\"wp-block-heading\" id=\"h-juz-na-etapie-wprowadzania-wniosku-metadane-uzywane-w-e-teczce-sa-zgodne-z-13-ust-3-rozporzadzenia-ministerstwa-rodziny-pracy-i-polityki-spolecznej\">Ju\u017c na etapie wprowadzania wniosku Metadane u\u017cywane w e-Teczce s\u0105 zgodne z \u00a7 13 ust. 3 rozporz\u0105dzenia Ministerstwa Rodziny, Pracy i Polityki Spo\u0142ecznej.<\/h6>\n\n\n\n<ul><li>Wszystkie metadane s\u0105 wprowadzone do systemu.<\/li><li>\u0141atwe wyszukiwanie spraw pracowniczych po metadanych m.in. takich jak numer PESEL, imi\u0119 i nazwisko.<\/li><li>Oszcz\u0119dno\u015b\u0107 czasu i mniejszy nak\u0142ad pracy dzi\u0119ki szybkiemu odnajdywaniu w\u0142a\u015bciwych informacji, dzi\u0119ki wyszukiwarce.<\/li><\/ul>\n\n\n\n<div class=\"wp-block-buttons is-layout-flex wp-block-buttons-is-layout-flex\"><\/div>\n<\/div>\n\n\n\n<div class=\"wp-block-column is-layout-flow wp-block-column-is-layout-flow\" style=\"flex-basis:8%\"><\/div>\n\n\n\n<div class=\"wp-block-column is-layout-flow wp-block-column-is-layout-flow\" style=\"flex-basis:47%\">\n<figure class=\"wp-block-image size-large\"><img decoding=\"async\" src=\"\/assets\/pictures\/wyszukiwanie-po-metadanych-1024x535.png\" alt=\"\"\/><\/figure>\n<\/div>\n<\/div>\n<\/div>\n<\/div>\n\n\n\n<div style=\"height:60px\" aria-hidden=\"true\" class=\"wp-block-spacer\"><\/div>\n\n\n\n<div class=\"wp-block-columns is-layout-flex wp-container-core-columns-layout-6 wp-block-columns-is-layout-flex\">\n<div class=\"wp-block-column is-layout-flow wp-block-column-is-layout-flow\" style=\"flex-basis:100%\">\n<div class=\"wp-block-columns is-layout-flex wp-container-core-columns-layout-5 wp-block-columns-is-layout-flex\">\n<div class=\"wp-block-column is-layout-flow wp-block-column-is-layout-flow\" style=\"flex-basis:47%\">\n<figure class=\"wp-block-video\"><video autoplay loop muted src=\"\/assets\/pictures\/OCR-wporwadzenie-dokumentow-do-eTeczki.mp4\" playsinline><\/video><\/figure>\n<\/div>\n\n\n\n<div class=\"wp-block-column is-layout-flow wp-block-column-is-layout-flow\" style=\"flex-basis:8%\"><\/div>\n\n\n\n<div class=\"wp-block-column is-layout-flow wp-block-column-is-layout-flow\">\n<h3 class=\"wp-block-heading\" id=\"h-prosta-archiwizacja-dokumentow-papierowych\">Prosta archiwizacja dokument\u00f3w papierowych<\/h3>\n\n\n\n<div style=\"height:19px\" aria-hidden=\"true\" class=\"wp-block-spacer\"><\/div>\n\n\n\n<h6 class=\"wp-block-heading\" id=\"h-system-ready-pozwala-na-przechowywanie-wersji-papierowych-dokumentow-w-formie-zdigitalizowanej\"><strong>System Ready_\u2122 pozwala na przechowywanie wersji papierowych dokument\u00f3w w formie zdigitalizowanej.<\/strong><\/h6>\n\n\n\n<ul><li>Dokumenty papierowe trafiaj\u0105ce do systemu s\u0105 dzielone i przypisywane do konkretnych pracownik\u00f3w i cz\u0119\u015bci teczek (A, B, C, D).<\/li><li>Przypisywanie nast\u0119puje zgodnie z kategoriami zawartymi w rozporz\u0105dzeniu Ministerstwa Rodziny, Pracy i Polityki Spo\u0142ecznej.<\/li><li>Odzwierciedlona zostaje standardowa i zgodna z przepisami struktura tradycyjnego archiwum danych pracowniczych.<\/li><li>Zmniejszenie koszt\u00f3w utrzymania archiwum danych pracowniczych.<\/li><\/ul>\n\n\n\n<div class=\"wp-block-buttons is-layout-flex wp-block-buttons-is-layout-flex\"><\/div>\n<\/div>\n\n\n\n<div class=\"wp-block-column is-layout-flow wp-block-column-is-layout-flow\" style=\"flex-basis:5%\"><\/div>\n<\/div>\n<\/div>\n<\/div>\n\n\n\n<div style=\"height:60px\" aria-hidden=\"true\" class=\"wp-block-spacer\"><\/div>\n\n\n\n<div class=\"wp-block-columns is-layout-flex wp-container-core-columns-layout-8 wp-block-columns-is-layout-flex\">\n<div class=\"wp-block-column reverse-mobile is-layout-flow wp-block-column-is-layout-flow\" style=\"flex-basis:100%\">\n<div class=\"wp-block-columns is-layout-flex wp-container-core-columns-layout-7 wp-block-columns-is-layout-flex\">\n<div class=\"wp-block-column is-layout-flow wp-block-column-is-layout-flow\" style=\"flex-basis:5%\"><\/div>\n\n\n\n<div class=\"wp-block-column is-layout-flow wp-block-column-is-layout-flow\">\n<h3 class=\"wp-block-heading\" id=\"h-dostep-do-dokumentacji\">Dost\u0119p do dokumentacji<\/h3>\n\n\n\n<div style=\"height:19px\" aria-hidden=\"true\" class=\"wp-block-spacer\"><\/div>\n\n\n\n<h6 class=\"wp-block-heading\" id=\"h-tylko-osoby-upowaznione-moga-stale-przegladac-dokumenty-pracownicze\"><strong>Tylko osoby upowa\u017cnione mog\u0105 stale przegl\u0105da\u0107 dokumenty pracownicze.<\/strong><\/h6>\n\n\n\n<p><\/p>\n\n\n\n<ul><li>Osoby uprawnione maj\u0105 wgl\u0105d do folder\u00f3w z aktami pracowniczymi z poziomu systemu. <\/li><li>eT<span style=\"color: initial;\">eczki zapisywane s\u0105 w bezpiecznym elektronicznym archiwum.<\/span><\/li><\/ul>\n\n\n\n<div class=\"wp-block-buttons is-layout-flex wp-block-buttons-is-layout-flex\"><\/div>\n<\/div>\n\n\n\n<div class=\"wp-block-column is-layout-flow wp-block-column-is-layout-flow\" style=\"flex-basis:8%\"><\/div>\n\n\n\n<div class=\"wp-block-column is-layout-flow wp-block-column-is-layout-flow\" style=\"flex-basis:47%\">\n<figure class=\"wp-block-image size-large\"><img decoding=\"async\" src=\"\/assets\/pictures\/eTeczka-zarzadzanie-uprawnieniami-w-EOD-1024x640.jpg\" alt=\"\"\/><\/figure>\n<\/div>\n<\/div>\n<\/div>\n<\/div>\n\n\n\n<div style=\"height:60px\" aria-hidden=\"true\" class=\"wp-block-spacer\"><\/div>\n\n\n\n<div class=\"wp-block-columns is-layout-flex wp-container-core-columns-layout-10 wp-block-columns-is-layout-flex\">\n<div class=\"wp-block-column is-layout-flow wp-block-column-is-layout-flow\" style=\"flex-basis:100%\">\n<div class=\"wp-block-columns is-layout-flex wp-container-core-columns-layout-9 wp-block-columns-is-layout-flex\">\n<div class=\"wp-block-column is-layout-flow wp-block-column-is-layout-flow\" style=\"flex-basis:47%\">\n<figure class=\"wp-block-image size-large\"><img decoding=\"async\" src=\"\/assets\/pictures\/eksport-dokumentacji-pracowniczej-1024x620.png\" alt=\"\"\/><\/figure>\n<\/div>\n\n\n\n<div class=\"wp-block-column is-layout-flow wp-block-column-is-layout-flow\" style=\"flex-basis:8%\"><\/div>\n\n\n\n<div class=\"wp-block-column is-layout-flow wp-block-column-is-layout-flow\">\n<h3 class=\"wp-block-heading\" id=\"h-eksport-dokumentacji\">Eksport dokumentacji<\/h3>\n\n\n\n<div style=\"height:19px\" aria-hidden=\"true\" class=\"wp-block-spacer\"><\/div>\n\n\n\n<h6 class=\"wp-block-heading\" id=\"h-latwy-i-szybki-eksport-calej-badz-czesci-dokumentacji\"><strong>\u0141atwy i szybki eksport ca\u0142ej b\u0105d\u017a cz\u0119\u015bci dokumentacji.<\/strong><\/h6>\n\n\n\n<p><\/p>\n\n\n\n<ul><li>System umo\u017cliwia wydanie w wersji elektronicznej dokumentacji pracowniczej.<\/li><li>Wydzielon\u0105 teczk\u0119 pracownika wraz z jej zawarto\u015bci\u0105 mo\u017cna pobra\u0107 w formacie .zip, a nast\u0119pnie przegl\u0105da\u0107 na dysku lokalnego komputera lub przekaza\u0107 do innego systemu.<\/li><\/ul>\n\n\n\n<div class=\"wp-block-buttons is-layout-flex wp-block-buttons-is-layout-flex\"><\/div>\n<\/div>\n\n\n\n<div class=\"wp-block-column is-layout-flow wp-block-column-is-layout-flow\" style=\"flex-basis:5%\"><\/div>\n<\/div>\n<\/div>\n<\/div>\n","protected":false},"excerpt":{"rendered":"<p>Bezpiecze\u0144stwo to podstawa Dbamy o bezpiecze\u0144stwo Twoich dokument\u00f3w. System zapewnia wszystkie wymagania prawne. Codziennie tworzy si\u0119 kopia zapasowa bazy i zachowana zostaje poprzednia. Mo\u017cliwo\u015b\u0107 usuni\u0119cia wskazanych dokument\u00f3w nast\u0119puje dopiero po up\u0142ywie okre\u015blonego prawnie czasu dla wskazanych kategorii. Szczeg\u00f3\u0142owa historia zmian pozwala na przegl\u0105danie wprowadzanych zmian w dokumentacji i identyfikacj\u0119 os\u00f3b, kt\u00f3re tych zmian dokona\u0142y. System [&hellip;]<\/p>\n","protected":false},"author":2,"featured_media":10268,"parent":0,"menu_order":0,"comment_status":"closed","ping_status":"closed","template":"template-parts\/page-app-14.php","meta":{"footnotes":""},"_links":{"self":[{"href":"https:\/\/www2.ready-os.com\/pl\/wp-json\/wp\/v2\/pages\/9931"}],"collection":[{"href":"https:\/\/www2.ready-os.com\/pl\/wp-json\/wp\/v2\/pages"}],"about":[{"href":"https:\/\/www2.ready-os.com\/pl\/wp-json\/wp\/v2\/types\/page"}],"author":[{"embeddable":true,"href":"https:\/\/www2.ready-os.com\/pl\/wp-json\/wp\/v2\/users\/2"}],"replies":[{"embeddable":true,"href":"https:\/\/www2.ready-os.com\/pl\/wp-json\/wp\/v2\/comments?post=9931"}],"version-history":[{"count":2,"href":"https:\/\/www2.ready-os.com\/pl\/wp-json\/wp\/v2\/pages\/9931\/revisions"}],"predecessor-version":[{"id":10160,"href":"https:\/\/www2.ready-os.com\/pl\/wp-json\/wp\/v2\/pages\/9931\/revisions\/10160"}],"wp:featuredmedia":[{"embeddable":true,"href":"https:\/\/www2.ready-os.com\/pl\/wp-json\/wp\/v2\/media\/10268"}],"wp:attachment":[{"href":"https:\/\/www2.ready-os.com\/pl\/wp-json\/wp\/v2\/media?parent=9931"}],"curies":[{"name":"wp","href":"https:\/\/api.w.org\/{rel}","templated":true}]}}