{"id":9007,"date":"2022-01-30T13:53:05","date_gmt":"2022-01-30T12:53:05","guid":{"rendered":"https:\/\/ready-os.com\/?page_id=9007"},"modified":"2023-04-12T15:38:26","modified_gmt":"2023-04-12T13:38:26","slug":"budzetowanie","status":"publish","type":"page","link":"https:\/\/www2.ready-os.com\/pl\/budzetowanie\/","title":{"rendered":"Bud\u017cetowanie"},"content":{"rendered":"\n<div style=\"height:50px\" aria-hidden=\"true\" class=\"wp-block-spacer\"><\/div>\n\n\n\n<div class=\"wp-block-columns is-layout-flex wp-container-core-columns-layout-2 wp-block-columns-is-layout-flex\">\n<div class=\"wp-block-column is-layout-flow wp-block-column-is-layout-flow\" style=\"flex-basis:100%\">\n<div class=\"wp-block-columns is-layout-flex wp-container-core-columns-layout-1 wp-block-columns-is-layout-flex\">\n<div class=\"wp-block-column is-layout-flow wp-block-column-is-layout-flow\" style=\"flex-basis:47%\">\n<figure class=\"wp-block-image size-large\"><img decoding=\"async\" src=\"\/wp-content\/uploads\/2021\/03\/Edycja-budzetu.png\" alt=\"\"\/><\/figure>\n<\/div>\n\n\n\n<div class=\"wp-block-column is-layout-flow wp-block-column-is-layout-flow\" style=\"flex-basis:8%\"><\/div>\n\n\n\n<div class=\"wp-block-column is-layout-flow wp-block-column-is-layout-flow\">\n<h3 class=\"wp-block-heading\" id=\"h-tworzenie-budzetu\">Tworzenie bud\u017cetu<\/h3>\n\n\n\n<div style=\"height:19px\" aria-hidden=\"true\" class=\"wp-block-spacer\"><\/div>\n\n\n\n<h6 class=\"wp-block-heading\" id=\"h-w-ready-przejmiesz-kontrole-nad-wydatkami\">W Ready_ przejmiesz kontrol\u0119 nad wydatkami:<\/h6>\n\n\n\n<p><\/p>\n\n\n\n<ul><li>Zaplanujesz bud\u017cet miesi\u0119czny lub kwartalny z uwzgl\u0119dnieniem podzia\u0142u na pracownik\u00f3w, miejsca powstawania koszt\u00f3w, rodzaje koszt\u00f3w i inne stosowane analityki.<\/li><li>Wygodnie edytujesz dane w pliku Excel.<\/li><li>Zarz\u0105dzisz uprawnieniami do bud\u017cet\u00f3w. Zarz\u0105d i ksi\u0119gowo\u015b\u0107 widz\u0105 wszystko, a managerowie tylko do czego powinni mie\u0107 dost\u0119p.<\/li><\/ul>\n\n\n\n<div class=\"wp-block-buttons is-layout-flex wp-block-buttons-is-layout-flex\"><\/div>\n<\/div>\n\n\n\n<div class=\"wp-block-column is-layout-flow wp-block-column-is-layout-flow\" style=\"flex-basis:5%\"><\/div>\n<\/div>\n<\/div>\n<\/div>\n\n\n\n<div style=\"height:60px\" aria-hidden=\"true\" class=\"wp-block-spacer\"><\/div>\n\n\n\n<div class=\"wp-block-columns is-layout-flex wp-container-core-columns-layout-4 wp-block-columns-is-layout-flex\">\n<div class=\"wp-block-column reverse-mobile is-layout-flow wp-block-column-is-layout-flow\" style=\"flex-basis:100%\">\n<div class=\"wp-block-columns is-layout-flex wp-container-core-columns-layout-3 wp-block-columns-is-layout-flex\">\n<div class=\"wp-block-column is-layout-flow wp-block-column-is-layout-flow\" style=\"flex-basis:5%\"><\/div>\n\n\n\n<div class=\"wp-block-column is-layout-flow wp-block-column-is-layout-flow\">\n<h3 class=\"wp-block-heading\" id=\"h-planuj-wydatki-wnioski-zakupowe\">Planuj wydatki \u2013 wnioski zakupowe<\/h3>\n\n\n\n<div style=\"height:19px\" aria-hidden=\"true\" class=\"wp-block-spacer\"><\/div>\n\n\n\n<h6 class=\"wp-block-heading\" id=\"h-w-ready-juz-na-etapie-skladania-wniosku-zakupowego-mozesz-zweryfikowac-czy-wydatek-nie-przekroczy-zaplanowanego-budzetu\">W Ready_ ju\u017c na etapie sk\u0142adania wniosku zakupowego mo\u017cesz zweryfikowa\u0107, czy wydatek nie przekroczy zaplanowanego bud\u017cetu:<\/h6>\n\n\n\n<p><\/p>\n\n\n\n<ul><li>Wnioski zakupowe z pozycjami i bez pozycji.<\/li><li>Uzale\u017cnienie procesu akceptacji wniosku od przekroczenia bud\u017cetu.<\/li><li>Uprawnienia do dysponowania bud\u017cetem.wszystkich obiekt\u00f3w.<\/li><\/ul>\n\n\n\n<div class=\"wp-block-buttons is-layout-flex wp-block-buttons-is-layout-flex\"><\/div>\n<\/div>\n\n\n\n<div class=\"wp-block-column is-layout-flow wp-block-column-is-layout-flow\" style=\"flex-basis:8%\"><\/div>\n\n\n\n<div class=\"wp-block-column is-layout-flow wp-block-column-is-layout-flow\" style=\"flex-basis:47%\">\n<figure class=\"wp-block-image size-large\"><img decoding=\"async\" src=\"\/wp-content\/uploads\/2021\/03\/Wnioski-zakupowe.jpg\" alt=\"\"\/><\/figure>\n<\/div>\n<\/div>\n<\/div>\n<\/div>\n\n\n\n<div style=\"height:60px\" aria-hidden=\"true\" class=\"wp-block-spacer\"><\/div>\n\n\n\n<div class=\"wp-block-columns is-layout-flex wp-container-core-columns-layout-6 wp-block-columns-is-layout-flex\">\n<div class=\"wp-block-column is-layout-flow wp-block-column-is-layout-flow\" style=\"flex-basis:100%\">\n<div class=\"wp-block-columns is-layout-flex wp-container-core-columns-layout-5 wp-block-columns-is-layout-flex\">\n<div class=\"wp-block-column is-layout-flow wp-block-column-is-layout-flow\" style=\"flex-basis:47%\">\n<figure class=\"wp-block-image size-large\"><img decoding=\"async\" src=\"\/wp-content\/uploads\/2021\/03\/Plakietka-akcpetacyjna-obiegu-faktur.jpg\" alt=\"\"\/><\/figure>\n<\/div>\n\n\n\n<div class=\"wp-block-column is-layout-flow wp-block-column-is-layout-flow\" style=\"flex-basis:8%\"><\/div>\n\n\n\n<div class=\"wp-block-column is-layout-flow wp-block-column-is-layout-flow\">\n<h3 class=\"wp-block-heading\" id=\"h-wykonanie-budzetu\">Wykonanie bud\u017cetu<\/h3>\n\n\n\n<div style=\"height:19px\" aria-hidden=\"true\" class=\"wp-block-spacer\"><\/div>\n\n\n\n<h6 class=\"wp-block-heading\" id=\"h-akceptujesz-fakture-i-wiesz-jak-wplywa-to-na-poziom-wykonania-budzetu\">Akceptujesz faktur\u0119 i wiesz jak wp\u0142ywa to na poziom wykonania bud\u017cetu:<\/h6>\n\n\n\n<p><\/p>\n\n\n\n<ul><li>Widzisz, czy wszystko si\u0119 zgadza: bud\u017cet, z\u0142o\u017cony wniosek i faktur\u0119.<\/li><li>Kolory pomagaj\u0105 Ci podj\u0105\u0107 decyzje, minimalna liczba klikni\u0119\u0107!<\/li><\/ul>\n\n\n\n<div class=\"wp-block-buttons is-layout-flex wp-block-buttons-is-layout-flex\"><\/div>\n<\/div>\n\n\n\n<div class=\"wp-block-column is-layout-flow wp-block-column-is-layout-flow\" style=\"flex-basis:5%\"><\/div>\n<\/div>\n<\/div>\n<\/div>\n","protected":false},"excerpt":{"rendered":"<p>Tworzenie bud\u017cetu W Ready_ przejmiesz kontrol\u0119 nad wydatkami: Zaplanujesz bud\u017cet miesi\u0119czny lub kwartalny z uwzgl\u0119dnieniem podzia\u0142u na pracownik\u00f3w, miejsca powstawania koszt\u00f3w, rodzaje koszt\u00f3w i inne stosowane analityki. Wygodnie edytujesz dane w pliku Excel. Zarz\u0105dzisz uprawnieniami do bud\u017cet\u00f3w. Zarz\u0105d i ksi\u0119gowo\u015b\u0107 widz\u0105 wszystko, a managerowie tylko do czego powinni mie\u0107 dost\u0119p. Planuj wydatki \u2013 wnioski zakupowe [&hellip;]<\/p>\n","protected":false},"author":2,"featured_media":0,"parent":0,"menu_order":0,"comment_status":"closed","ping_status":"closed","template":"template-parts\/page-app-12.php","meta":{"footnotes":""},"_links":{"self":[{"href":"https:\/\/www2.ready-os.com\/pl\/wp-json\/wp\/v2\/pages\/9007"}],"collection":[{"href":"https:\/\/www2.ready-os.com\/pl\/wp-json\/wp\/v2\/pages"}],"about":[{"href":"https:\/\/www2.ready-os.com\/pl\/wp-json\/wp\/v2\/types\/page"}],"author":[{"embeddable":true,"href":"https:\/\/www2.ready-os.com\/pl\/wp-json\/wp\/v2\/users\/2"}],"replies":[{"embeddable":true,"href":"https:\/\/www2.ready-os.com\/pl\/wp-json\/wp\/v2\/comments?post=9007"}],"version-history":[{"count":5,"href":"https:\/\/www2.ready-os.com\/pl\/wp-json\/wp\/v2\/pages\/9007\/revisions"}],"predecessor-version":[{"id":9673,"href":"https:\/\/www2.ready-os.com\/pl\/wp-json\/wp\/v2\/pages\/9007\/revisions\/9673"}],"wp:attachment":[{"href":"https:\/\/www2.ready-os.com\/pl\/wp-json\/wp\/v2\/media?parent=9007"}],"curies":[{"name":"wp","href":"https:\/\/api.w.org\/{rel}","templated":true}]}}