{"id":8766,"date":"2021-12-20T10:49:52","date_gmt":"2021-12-20T09:49:52","guid":{"rendered":"https:\/\/ready-os.com\/?page_id=8766"},"modified":"2023-03-07T15:45:46","modified_gmt":"2023-03-07T14:45:46","slug":"aplikacja-mobilna","status":"publish","type":"page","link":"https:\/\/www2.ready-os.com\/pl\/aplikacja-mobilna\/","title":{"rendered":"Aplikacja mobilna"},"content":{"rendered":"\n<div style=\"height:50px\" aria-hidden=\"true\" class=\"wp-block-spacer\"><\/div>\n\n\n\n<div class=\"wp-block-columns is-layout-flex wp-container-core-columns-layout-2 wp-block-columns-is-layout-flex\">\n<div class=\"wp-block-column is-layout-flow wp-block-column-is-layout-flow\" style=\"flex-basis:100%\">\n<div class=\"wp-block-columns is-layout-flex wp-container-core-columns-layout-1 wp-block-columns-is-layout-flex\">\n<div class=\"wp-block-column is-layout-flow wp-block-column-is-layout-flow\" style=\"flex-basis:47%\">\n<figure class=\"wp-block-image size-full no-shadow\"><img loading=\"lazy\" decoding=\"async\" width=\"1365\" height=\"950\" src=\"https:\/\/ready-os.com\/wp-content\/uploads\/2021\/11\/aplikacja-mobilna-dla-firm-ready.png\" alt=\"\" class=\"wp-image-8182\" srcset=\"https:\/\/www2.ready-os.com\/wp-content\/uploads\/2021\/11\/aplikacja-mobilna-dla-firm-ready.png 1365w, https:\/\/www2.ready-os.com\/wp-content\/uploads\/2021\/11\/aplikacja-mobilna-dla-firm-ready-300x209.png 300w, https:\/\/www2.ready-os.com\/wp-content\/uploads\/2021\/11\/aplikacja-mobilna-dla-firm-ready-1024x713.png 1024w, https:\/\/www2.ready-os.com\/wp-content\/uploads\/2021\/11\/aplikacja-mobilna-dla-firm-ready-768x535.png 768w\" sizes=\"(max-width: 1365px) 100vw, 1365px\" \/><\/figure>\n<\/div>\n\n\n\n<div class=\"wp-block-column is-layout-flow wp-block-column-is-layout-flow\" style=\"flex-basis:8%\"><\/div>\n\n\n\n<div class=\"wp-block-column is-layout-flow wp-block-column-is-layout-flow\" style=\"flex-basis:47%\">\n<h3 class=\"wp-block-heading\" id=\"h-pelne-odwzorowanie-kluczowych-informacji\">Pe\u0142ne odwzorowanie kluczowych informacji<\/h3>\n\n\n\n<h6 class=\"wp-block-heading\" id=\"h-aplikacja-mobilna-ready-pozwala-latwo-uzyskac-dostep-do-wszystkich-kluczowych-informacji-zgromadzonych-w-systemie-z-uwzglednieniem-uprawnien-systemowych\">Aplikacja mobilna Ready_\u2122 pozwala \u0142atwo uzyska\u0107 dost\u0119p do wszystkich kluczowych informacji zgromadzonych w systemie, z uwzgl\u0119dnieniem uprawnie\u0144 systemowych.<\/h6>\n\n\n\n<p><\/p>\n\n\n\n<ul><li>Bezpieczne i wygodne logowanie kodem QR<\/li><li>\u0141atwe przeszukiwanie dokument\u00f3w roboczych, nades\u0142anych i przekazanych dalej.<\/li><li>Mo\u017cliwo\u015b\u0107 przegl\u0105dania i obs\u0142ugi Dokument\u00f3w i Terminarza w kartotekach klient\u00f3w i sprawach.<\/li><li>Plan dnia, graficzny kalendarz prezentuj\u0105cy list\u0119 zada\u0144 w\u0142asnych i zleconych.<\/li><\/ul>\n\n\n\n<p><\/p>\n<\/div>\n\n\n\n<div class=\"wp-block-column is-layout-flow wp-block-column-is-layout-flow\" style=\"flex-basis:5%\"><\/div>\n<\/div>\n<\/div>\n<\/div>\n\n\n\n<div style=\"height:60px\" aria-hidden=\"true\" class=\"wp-block-spacer\"><\/div>\n\n\n\n<div class=\"wp-block-columns is-layout-flex wp-container-core-columns-layout-4 wp-block-columns-is-layout-flex\">\n<div class=\"wp-block-column reverse-mobile is-layout-flow wp-block-column-is-layout-flow\" style=\"flex-basis:100%\">\n<div class=\"wp-block-columns is-layout-flex wp-container-core-columns-layout-3 wp-block-columns-is-layout-flex\">\n<div class=\"wp-block-column is-layout-flow wp-block-column-is-layout-flow\" style=\"flex-basis:5%\"><\/div>\n\n\n\n<div class=\"wp-block-column is-layout-flow wp-block-column-is-layout-flow\">\n<h3 class=\"wp-block-heading\" id=\"h-jestes-zawsze-na-biezaco\">Jeste\u015b zawsze na bie\u017c\u0105co<\/h3>\n\n\n\n<h6 class=\"wp-block-heading\" id=\"h-wygodna-komunikacja-w-zespole-poprzez-powiadomienia-zadania-i-czat\">Wygodna komunikacja w zespole poprzez powiadomienia, zadania i czat.<\/h6>\n\n\n\n<p><\/p>\n\n\n\n<ul><li>Powiadomienia PUSH sterowane z panelu.<\/li><li>Wygodny i szybki czat.<\/li><li>Mo\u017cliwo\u015b\u0107 przechodzenia do obiekt\u00f3w z przes\u0142anych link\u00f3w.<\/li><li>Dodawanie komentarzy do wszystkich obiekt\u00f3w: dokument\u00f3w, zada\u0144, spraw.<\/li><\/ul>\n<\/div>\n\n\n\n<div class=\"wp-block-column is-layout-flow wp-block-column-is-layout-flow\" style=\"flex-basis:8%\"><\/div>\n\n\n\n<div class=\"wp-block-column is-layout-flow wp-block-column-is-layout-flow\" style=\"flex-basis:47%\">\n<figure class=\"wp-block-image size-large no-shadow\"><img decoding=\"async\" src=\"https:\/\/ready-os.com\/wp-content\/uploads\/2021\/11\/aplikacje-mobilne-dla-firm-ready.png\" alt=\"\"\/><\/figure>\n<\/div>\n<\/div>\n<\/div>\n<\/div>\n\n\n\n<div style=\"height:60px\" aria-hidden=\"true\" class=\"wp-block-spacer\"><\/div>\n\n\n\n<div class=\"wp-block-columns is-layout-flex wp-container-core-columns-layout-6 wp-block-columns-is-layout-flex\">\n<div class=\"wp-block-column is-layout-flow wp-block-column-is-layout-flow\" style=\"flex-basis:100%\">\n<div class=\"wp-block-columns is-layout-flex wp-container-core-columns-layout-5 wp-block-columns-is-layout-flex\">\n<div class=\"wp-block-column is-layout-flow wp-block-column-is-layout-flow\" style=\"flex-basis:47%\">\n<figure class=\"wp-block-image size-large no-shadow\"><img decoding=\"async\" src=\"https:\/\/ready-os.com\/wp-content\/uploads\/2021\/11\/aplikacje-mobilne-dla-firm-ready-os.png\" alt=\"\" title=\"\"\/><\/figure>\n<\/div>\n\n\n\n<div class=\"wp-block-column is-layout-flow wp-block-column-is-layout-flow\" style=\"flex-basis:8%\"><\/div>\n\n\n\n<div class=\"wp-block-column is-layout-flow wp-block-column-is-layout-flow\">\n<h3 class=\"wp-block-heading\" id=\"h-pelna-obsluga-workflow\">Pe\u0142na obs\u0142uga workflow<\/h3>\n\n\n\n<h6 class=\"wp-block-heading\" id=\"h-w-aplikacji-mobilnej-dostepna-jest-pelna-lista-zadan-workflow-wraz-z-mozliwoscia-ich-procesowania\">W aplikacji mobilnej dost\u0119pna jest pe\u0142na lista zada\u0144 workflow, wraz z mo\u017cliwo\u015bci\u0105 ich procesowania.<\/h6>\n\n\n\n<p><\/p>\n\n\n\n<ul><li>Wygodna obs\u0142uga procesowania zada\u0144 workflow.<\/li><li>Obs\u0142uga parametr\u00f3w (wyb\u00f3r pracownik\u00f3w, wprowadzanie danych tekstowych).<\/li><li>Szybko\u015b\u0107 i wygoda.<\/li><li>Powiadomienia PUSH o nowych zadaniach workflow.<\/li><\/ul>\n<\/div>\n\n\n\n<div class=\"wp-block-column is-layout-flow wp-block-column-is-layout-flow\" style=\"flex-basis:5%\"><\/div>\n<\/div>\n<\/div>\n<\/div>\n","protected":false},"excerpt":{"rendered":"<p>Pe\u0142ne odwzorowanie kluczowych informacji Aplikacja mobilna Ready_\u2122 pozwala \u0142atwo uzyska\u0107 dost\u0119p do wszystkich kluczowych informacji zgromadzonych w systemie, z uwzgl\u0119dnieniem uprawnie\u0144 systemowych. Bezpieczne i wygodne logowanie kodem QR \u0141atwe przeszukiwanie dokument\u00f3w roboczych, nades\u0142anych i przekazanych dalej. Mo\u017cliwo\u015b\u0107 przegl\u0105dania i obs\u0142ugi Dokument\u00f3w i Terminarza w kartotekach klient\u00f3w i sprawach. Plan dnia, graficzny kalendarz prezentuj\u0105cy list\u0119 zada\u0144 [&hellip;]<\/p>\n","protected":false},"author":2,"featured_media":0,"parent":0,"menu_order":0,"comment_status":"closed","ping_status":"closed","template":"template-parts\/page-system-5.php","meta":{"footnotes":""},"_links":{"self":[{"href":"https:\/\/www2.ready-os.com\/pl\/wp-json\/wp\/v2\/pages\/8766"}],"collection":[{"href":"https:\/\/www2.ready-os.com\/pl\/wp-json\/wp\/v2\/pages"}],"about":[{"href":"https:\/\/www2.ready-os.com\/pl\/wp-json\/wp\/v2\/types\/page"}],"author":[{"embeddable":true,"href":"https:\/\/www2.ready-os.com\/pl\/wp-json\/wp\/v2\/users\/2"}],"replies":[{"embeddable":true,"href":"https:\/\/www2.ready-os.com\/pl\/wp-json\/wp\/v2\/comments?post=8766"}],"version-history":[{"count":16,"href":"https:\/\/www2.ready-os.com\/pl\/wp-json\/wp\/v2\/pages\/8766\/revisions"}],"predecessor-version":[{"id":9568,"href":"https:\/\/www2.ready-os.com\/pl\/wp-json\/wp\/v2\/pages\/8766\/revisions\/9568"}],"wp:attachment":[{"href":"https:\/\/www2.ready-os.com\/pl\/wp-json\/wp\/v2\/media?parent=8766"}],"curies":[{"name":"wp","href":"https:\/\/api.w.org\/{rel}","templated":true}]}}