{"id":8764,"date":"2021-12-20T10:45:22","date_gmt":"2021-12-20T09:45:22","guid":{"rendered":"https:\/\/ready-os.com\/?page_id=8764"},"modified":"2023-01-17T14:41:50","modified_gmt":"2023-01-17T13:41:50","slug":"workflow","status":"publish","type":"page","link":"https:\/\/www2.ready-os.com\/pl\/workflow\/","title":{"rendered":"Projektowanie workflow"},"content":{"rendered":"\n<div style=\"height:50px\" aria-hidden=\"true\" class=\"wp-block-spacer\"><\/div>\n\n\n\n<div class=\"wp-block-columns is-layout-flex wp-container-core-columns-layout-2 wp-block-columns-is-layout-flex\">\n<div class=\"wp-block-column is-layout-flow wp-block-column-is-layout-flow\" style=\"flex-basis:100%\">\n<div class=\"wp-block-columns is-layout-flex wp-container-core-columns-layout-1 wp-block-columns-is-layout-flex\">\n<div class=\"wp-block-column is-layout-flow wp-block-column-is-layout-flow\" style=\"flex-basis:47%\">\n<figure class=\"wp-block-image size-large\"><img decoding=\"async\" src=\"https:\/\/ready-os.com\/wp-content\/uploads\/2020\/12\/projektowanie-formularzy-metryki-dokumentow.png\" alt=\"\"\/><\/figure>\n<\/div>\n\n\n\n<div class=\"wp-block-column is-layout-flow wp-block-column-is-layout-flow\" style=\"flex-basis:8%\"><\/div>\n\n\n\n<div class=\"wp-block-column is-layout-flow wp-block-column-is-layout-flow\">\n<h3 class=\"wp-block-heading\" id=\"h-wlasne-formularze-dokumentow\">W\u0142asne formularze dokument\u00f3w<\/h3>\n\n\n\n<h6 class=\"wp-block-heading\" id=\"h-za-pomoca-rozszerzenia-custom-zbudujesz-wlasne-formularze-dokumentow-zaawansowany-edytor-zawiera-komplet-latwych-w-uzyciu-kontrolek\">Za pomoc\u0105 rozszerzenia Custom zbudujesz w\u0142asne formularze dokument\u00f3w. Zaawansowany edytor zawiera komplet \u0142atwych w u\u017cyciu kontrolek.<\/h6>\n\n\n\n<p><\/p>\n\n\n\n<ul><li>Tworzenie zaawansowanych formularzy.<\/li><li>Ponad 20 r\u00f3\u017cnych kontrolek.<\/li><li>Pod\u0142\u0105czanie si\u0119 pod \u017ar\u00f3d\u0142a danych.<\/li><li>Generowanie dokument\u00f3w Word z szablon\u00f3w.<\/li><\/ul>\n<\/div>\n\n\n\n<div class=\"wp-block-column is-layout-flow wp-block-column-is-layout-flow\" style=\"flex-basis:5%\"><\/div>\n<\/div>\n<\/div>\n<\/div>\n\n\n\n<div style=\"height:60px\" aria-hidden=\"true\" class=\"wp-block-spacer\"><\/div>\n\n\n\n<div class=\"wp-block-columns is-layout-flex wp-container-core-columns-layout-4 wp-block-columns-is-layout-flex\">\n<div class=\"wp-block-column reverse-mobile is-layout-flow wp-block-column-is-layout-flow\" style=\"flex-basis:100%\">\n<div class=\"wp-block-columns is-layout-flex wp-container-core-columns-layout-3 wp-block-columns-is-layout-flex\">\n<div class=\"wp-block-column is-layout-flow wp-block-column-is-layout-flow\" style=\"flex-basis:5%\"><\/div>\n\n\n\n<div class=\"wp-block-column is-layout-flow wp-block-column-is-layout-flow\">\n<h3 class=\"wp-block-heading\" id=\"h-graficzny-edytor-procesow-bpmn\">Graficzny edytor proces\u00f3w BPMN<\/h3>\n\n\n\n<h6 class=\"wp-block-heading\" id=\"h-kazdy-proces-niezaleznie-od-swojej-zlozonosci-mozna-zamodelowac-za-pomoca-dostarczonego-edytora\">Ka\u017cdy proces, niezale\u017cnie od swojej z\u0142o\u017cono\u015bci mo\u017cna zamodelowa\u0107 za pomoc\u0105 dostarczonego edytora:<\/h6>\n\n\n\n<p><\/p>\n\n\n\n<ul><li>Zgodno\u015b\u0107 ze standardowymi elementami BPMN.<\/li><li>Obs\u0142uga warunk\u00f3w obliczanych za pomoc\u0105 SQL.<\/li><li>Obs\u0142uga dynamicznych danych wej\u015bciowych (p\u00f3l procedury).<\/li><li>Ponad 30 r\u00f3\u017cnego rodzaju komend do automatyzacji.<\/li><li>Import i eksport do XML.<\/li><\/ul>\n\n\n\n<div class=\"wp-block-buttons is-layout-flex wp-block-buttons-is-layout-flex\"><\/div>\n<\/div>\n\n\n\n<div class=\"wp-block-column is-layout-flow wp-block-column-is-layout-flow\" style=\"flex-basis:8%\"><\/div>\n\n\n\n<div class=\"wp-block-column is-layout-flow wp-block-column-is-layout-flow\" style=\"flex-basis:47%\">\n<figure class=\"wp-block-image size-large\"><img decoding=\"async\" src=\"https:\/\/ready-os.com\/wp-content\/uploads\/2020\/12\/projektowanie-formularzy-procedury-workflow.png\" alt=\"\"\/><\/figure>\n<\/div>\n<\/div>\n<\/div>\n<\/div>\n\n\n\n<div style=\"height:60px\" aria-hidden=\"true\" class=\"wp-block-spacer\"><\/div>\n\n\n\n<div class=\"wp-block-columns is-layout-flex wp-container-core-columns-layout-6 wp-block-columns-is-layout-flex\">\n<div class=\"wp-block-column is-layout-flow wp-block-column-is-layout-flow\" style=\"flex-basis:100%\">\n<div class=\"wp-block-columns is-layout-flex wp-container-core-columns-layout-5 wp-block-columns-is-layout-flex\">\n<div class=\"wp-block-column is-layout-flow wp-block-column-is-layout-flow\" style=\"flex-basis:47%\">\n<figure class=\"wp-block-image size-large\"><img decoding=\"async\" src=\"https:\/\/ready-os.com\/wp-content\/uploads\/2020\/12\/projektowanie-formularzy-rejestry.png\" alt=\"\"\/><\/figure>\n<\/div>\n\n\n\n<div class=\"wp-block-column is-layout-flow wp-block-column-is-layout-flow\" style=\"flex-basis:8%\"><\/div>\n\n\n\n<div class=\"wp-block-column is-layout-flow wp-block-column-is-layout-flow\">\n<h3 class=\"wp-block-heading\" id=\"h-rejestry-wlasne-tabele-bazy-danych\">Rejestry \u2013 w\u0142asne tabele bazy danych<\/h3>\n\n\n\n<h6 class=\"wp-block-heading\" id=\"h-kiedy-potrzebne-jest-zebranie-ogromnej-liczby-danych-mozesz-wykorzystac-zaprojektowane-przez-siebie-wlasne-tabele-danych-z-graficznie-zaprojektowana-struktura-formatki\">Kiedy potrzebne jest zebranie ogromnej liczby danych, mo\u017cesz wykorzysta\u0107 zaprojektowane przez siebie w\u0142asne tabele danych, z graficznie zaprojektowan\u0105 struktur\u0105 formatki.<\/h6>\n\n\n\n<p><\/p>\n\n\n\n<ul><li>Tworzenie w\u0142asnych tabel bazy danych w GUI.<\/li><li>Wizualne projektowanie formatki.<\/li><li>Bogaty wyb\u00f3r komponent\u00f3w.<\/li><li>Zaawansowane w\u0142asno\u015bci p\u00f3l (domy\u015blne warto\u015bci, listy zale\u017cne).<\/li><li>Przy\u0142\u0105czanie formularzy do dowolnych obiekt\u00f3w (dokument\u00f3w, spraw, zdarze\u0144).<\/li><\/ul>\n<\/div>\n\n\n\n<div class=\"wp-block-column is-layout-flow wp-block-column-is-layout-flow\" style=\"flex-basis:5%\"><\/div>\n<\/div>\n<\/div>\n<\/div>\n\n\n\n<div style=\"height:60px\" aria-hidden=\"true\" class=\"wp-block-spacer\"><\/div>\n\n\n\n<div class=\"wp-block-columns is-layout-flex wp-container-core-columns-layout-8 wp-block-columns-is-layout-flex\">\n<div class=\"wp-block-column reverse-mobile is-layout-flow wp-block-column-is-layout-flow\" style=\"flex-basis:100%\">\n<div class=\"wp-block-columns is-layout-flex wp-container-core-columns-layout-7 wp-block-columns-is-layout-flex\">\n<div class=\"wp-block-column is-layout-flow wp-block-column-is-layout-flow\" style=\"flex-basis:5%\"><\/div>\n\n\n\n<div class=\"wp-block-column is-layout-flow wp-block-column-is-layout-flow\">\n<h3 class=\"wp-block-heading\" id=\"h-tworzenie-wlasnych-modulow\">Tworzenie w\u0142asnych modu\u0142\u00f3w<\/h3>\n\n\n\n<h6 class=\"wp-block-heading\" id=\"h-za-pomoca-mechanizmu-custommodules-mozna-przygotowac-wlasne-uruchamiane-w-osobnych-oknach-moduly-do-obslugi-dowolnych-procesow\">Za pomoc\u0105 mechanizmu CustomModules mo\u017cna przygotowa\u0107 w\u0142asne, uruchamiane w osobnych oknach modu\u0142y, do obs\u0142ugi dowolnych proces\u00f3w.<\/h6>\n\n\n\n<p><\/p>\n\n\n\n<ul><li>Edycja struktury w XML.<\/li><li>Zak\u0142adki, Przyciski, Listy, Filtry.<\/li><li>Sterowanie uprawnieniami i widoczno\u015bci\u0105.<\/li><li>Definiowanie ikony, nazwy, koloru i innych w\u0142asno\u015bci.<\/li><\/ul>\n<\/div>\n\n\n\n<div class=\"wp-block-column is-layout-flow wp-block-column-is-layout-flow\" style=\"flex-basis:8%\"><\/div>\n\n\n\n<div class=\"wp-block-column is-layout-flow wp-block-column-is-layout-flow\" style=\"flex-basis:47%\">\n<figure class=\"wp-block-image size-large\"><img decoding=\"async\" src=\"https:\/\/ready-os.com\/wp-content\/uploads\/2021\/01\/projektowanie-formularzy-tworzenie-wlasnych-modulow.png\" alt=\"\"\/><\/figure>\n<\/div>\n<\/div>\n<\/div>\n<\/div>\n\n\n\n<div style=\"height:60px\" aria-hidden=\"true\" class=\"wp-block-spacer\"><\/div>\n\n\n\n<div class=\"wp-block-columns is-layout-flex wp-container-core-columns-layout-10 wp-block-columns-is-layout-flex\">\n<div class=\"wp-block-column is-layout-flow wp-block-column-is-layout-flow\" style=\"flex-basis:100%\">\n<div class=\"wp-block-columns is-layout-flex wp-container-core-columns-layout-9 wp-block-columns-is-layout-flex\">\n<div class=\"wp-block-column is-layout-flow wp-block-column-is-layout-flow\" style=\"flex-basis:47%\">\n<figure class=\"wp-block-image size-large\"><img decoding=\"async\" src=\"https:\/\/ready-os.com\/wp-content\/uploads\/2021\/01\/projektowanie-formularzy-architektura-custom.png\" alt=\"\"\/><\/figure>\n<\/div>\n\n\n\n<div class=\"wp-block-column is-layout-flow wp-block-column-is-layout-flow\" style=\"flex-basis:8%\"><\/div>\n\n\n\n<div class=\"wp-block-column is-layout-flow wp-block-column-is-layout-flow\">\n<h3 class=\"wp-block-heading\" id=\"h-unikalna-architektura-platformy-lowcode\">Unikalna architektura platformy LowCode<\/h3>\n\n\n\n<h6 class=\"wp-block-heading\" id=\"h-ready-custom-to-rowniez-kompletna-platforma-lowcode-za-pomoca-ktorej-mozna-wytwarzac-zaawansowane-aplikacje-biznesowe\">Ready Custom to r\u00f3wnie\u017c kompletna platforma LowCode, za pomoc\u0105 kt\u00f3rej mo\u017cna wytwarza\u0107 zaawansowane aplikacje biznesowe. <\/h6>\n\n\n\n<p><\/p>\n\n\n\n<ul><li>Dost\u0119pne komponenty pozwalaj\u0105 przyspieszy\u0107 tworzenie aplikacji.<\/li><li>Zaprojektowanie w systemie obiekty standardowe wraz ze swoimi powi\u0105zaniami zapewniaj\u0105 wysoko wydajn\u0105 architektur\u0119 informacji.<\/li><li>Narz\u0119dzia pracy grupowej pozwalaj\u0105 na przyjazn\u0105 obs\u0142ug\u0119 i uzupe\u0142nienie proces\u00f3w customowych.<\/li><\/ul>\n<\/div>\n\n\n\n<div class=\"wp-block-column is-layout-flow wp-block-column-is-layout-flow\" style=\"flex-basis:5%\"><\/div>\n<\/div>\n<\/div>\n<\/div>\n\n\n\n<div style=\"height:60px\" aria-hidden=\"true\" class=\"wp-block-spacer\"><\/div>\n\n\n\n<div class=\"wp-block-columns is-layout-flex wp-container-core-columns-layout-12 wp-block-columns-is-layout-flex\">\n<div class=\"wp-block-column reverse-mobile is-layout-flow wp-block-column-is-layout-flow\" style=\"flex-basis:100%\">\n<div class=\"wp-block-columns is-layout-flex wp-container-core-columns-layout-11 wp-block-columns-is-layout-flex\">\n<div class=\"wp-block-column is-layout-flow wp-block-column-is-layout-flow\" style=\"flex-basis:5%\"><\/div>\n\n\n\n<div class=\"wp-block-column is-layout-flow wp-block-column-is-layout-flow\">\n<h3 class=\"wp-block-heading\" id=\"h-rest-api\">REST API<\/h3>\n\n\n\n<h6 class=\"wp-block-heading\" id=\"h-integracja-z-innymi-systemami-moze-byc-szybko-i-bezbolesnie-przeprowadzona-dzieki-wykorzystaniu-dostepnego-interfejsu-rest-api\">Integracja z innymi systemami mo\u017ce by\u0107 szybko i bezbole\u015bnie przeprowadzona dzi\u0119ki wykorzystaniu dost\u0119pnego interfejsu REST API.<\/h6>\n\n\n\n<p><\/p>\n\n\n\n<ul><li>Udokumentowane API implementuj\u0105ce najnowsze standardy.<\/li><li>Bezpiecze\u0144stwo dzi\u0119ki autentykacji tokenowej.<\/li><li>Odzwierciedlony model dziedziny (DDM).<\/li><li>Szybko\u015b\u0107 i niezawodno\u015b\u0107.<\/li><\/ul>\n<\/div>\n\n\n\n<div class=\"wp-block-column is-layout-flow wp-block-column-is-layout-flow\" style=\"flex-basis:8%\"><\/div>\n\n\n\n<div class=\"wp-block-column is-layout-flow wp-block-column-is-layout-flow\" style=\"flex-basis:47%\">\n<figure class=\"wp-block-image size-large\"><img decoding=\"async\" src=\"https:\/\/ready-os.com\/wp-content\/uploads\/2021\/01\/projektowanie-fomularzy-dokumentacja-rest-api.png\" alt=\"\"\/><\/figure>\n<\/div>\n<\/div>\n<\/div>\n<\/div>\n","protected":false},"excerpt":{"rendered":"<p>W\u0142asne formularze dokument\u00f3w Za pomoc\u0105 rozszerzenia Custom zbudujesz w\u0142asne formularze dokument\u00f3w. Zaawansowany edytor zawiera komplet \u0142atwych w u\u017cyciu kontrolek. Tworzenie zaawansowanych formularzy. Ponad 20 r\u00f3\u017cnych kontrolek. Pod\u0142\u0105czanie si\u0119 pod \u017ar\u00f3d\u0142a danych. Generowanie dokument\u00f3w Word z szablon\u00f3w. Graficzny edytor proces\u00f3w BPMN Ka\u017cdy proces, niezale\u017cnie od swojej z\u0142o\u017cono\u015bci mo\u017cna zamodelowa\u0107 za pomoc\u0105 dostarczonego edytora: Zgodno\u015b\u0107 ze standardowymi [&hellip;]<\/p>\n","protected":false},"author":2,"featured_media":0,"parent":0,"menu_order":0,"comment_status":"closed","ping_status":"closed","template":"template-parts\/page-system-4.php","meta":{"footnotes":""},"_links":{"self":[{"href":"https:\/\/www2.ready-os.com\/pl\/wp-json\/wp\/v2\/pages\/8764"}],"collection":[{"href":"https:\/\/www2.ready-os.com\/pl\/wp-json\/wp\/v2\/pages"}],"about":[{"href":"https:\/\/www2.ready-os.com\/pl\/wp-json\/wp\/v2\/types\/page"}],"author":[{"embeddable":true,"href":"https:\/\/www2.ready-os.com\/pl\/wp-json\/wp\/v2\/users\/2"}],"replies":[{"embeddable":true,"href":"https:\/\/www2.ready-os.com\/pl\/wp-json\/wp\/v2\/comments?post=8764"}],"version-history":[{"count":13,"href":"https:\/\/www2.ready-os.com\/pl\/wp-json\/wp\/v2\/pages\/8764\/revisions"}],"predecessor-version":[{"id":12946,"href":"https:\/\/www2.ready-os.com\/pl\/wp-json\/wp\/v2\/pages\/8764\/revisions\/12946"}],"wp:attachment":[{"href":"https:\/\/www2.ready-os.com\/pl\/wp-json\/wp\/v2\/media?parent=8764"}],"curies":[{"name":"wp","href":"https:\/\/api.w.org\/{rel}","templated":true}]}}