{"id":8758,"date":"2021-12-20T10:33:55","date_gmt":"2021-12-20T09:33:55","guid":{"rendered":"https:\/\/ready-os.com\/?page_id=8758"},"modified":"2023-01-17T14:42:46","modified_gmt":"2023-01-17T13:42:46","slug":"zarzadzanie-zadaniami-i-komunikacja","status":"publish","type":"page","link":"https:\/\/www2.ready-os.com\/pl\/zarzadzanie-zadaniami-i-komunikacja\/","title":{"rendered":"Zarz\u0105dzanie zadaniami i komunikacja"},"content":{"rendered":"\n<div style=\"height:50px\" aria-hidden=\"true\" class=\"wp-block-spacer\"><\/div>\n\n\n\n<div class=\"wp-block-columns is-layout-flex wp-container-core-columns-layout-2 wp-block-columns-is-layout-flex\">\n<div class=\"wp-block-column is-layout-flow wp-block-column-is-layout-flow\" style=\"flex-basis:100%\">\n<div class=\"wp-block-columns is-layout-flex wp-container-core-columns-layout-1 wp-block-columns-is-layout-flex\">\n<div class=\"wp-block-column is-layout-flow wp-block-column-is-layout-flow\" style=\"flex-basis:47%\">\n<figure class=\"wp-block-video\"><video autoplay loop muted src=\"https:\/\/ready-os.com\/wp-content\/uploads\/2022\/02\/Tworzenie-zadan-system-EOD-2.mp4\" playsinline><\/video><\/figure>\n<\/div>\n\n\n\n<div class=\"wp-block-column is-layout-flow wp-block-column-is-layout-flow\" style=\"flex-basis:8%\"><\/div>\n\n\n\n<div class=\"wp-block-column is-layout-flow wp-block-column-is-layout-flow\">\n<h3 class=\"wp-block-heading\" id=\"h-poczta-w-przegladarce-jeszcze-nigdy-nie-byla-tak-prosta-w-obsludze\">Poczta w przegl\u0105darce jeszcze nigdy nie by\u0142a tak prosta w obs\u0142udze!<\/h3>\n\n\n\n<h6 class=\"wp-block-heading\" id=\"h-email-umozliwia-komunikowanie-sie-w-firmie-ale-nie-zostal-stworzony-do-zarzadzania-zadaniami-w-ready-nie-uzywamy-maili-do-komunikacji-wewnetrznej-choc-dla-twojego-zespolu-poczatkowo-moze-to-byc-zaskakujace\"><strong>Email umo\u017cliwia komunikowanie si\u0119 w firmie, ale nie zosta\u0142 stworzony do zarz\u0105dzania zadaniami. W Ready nie u\u017cywamy maili do komunikacji wewn\u0119trznej, cho\u0107 dla Twojego zespo\u0142u pocz\u0105tkowo mo\u017ce to by\u0107 zaskakuj\u0105ce.<\/strong><\/h6>\n\n\n\n<p><\/p>\n\n\n\n<ul><li>Inteligentne regu\u0142y archiwizacji zapewniaj\u0105 wsp\u00f3lny dost\u0119p do wybranych wiadomo\u015bci.<\/li><li>Zlecanie zada\u0144 do wykonania wprost z Twojej skrzynki email. <\/li><li>\u0141atwe przejmowanie za\u0142\u0105cznik\u00f3w do proces\u00f3w obiegu dokument\u00f3w (np. opiniowanie umowy).<\/li><li>Obs\u0142uga kont wsp\u00f3\u0142dzielonych np. w biurze obs\u0142ugi klienta, dziale wsparcia itp.<\/li><\/ul>\n\n\n\n<div class=\"wp-block-buttons is-layout-flex wp-block-buttons-is-layout-flex\"><\/div>\n<\/div>\n\n\n\n<div class=\"wp-block-column is-layout-flow wp-block-column-is-layout-flow\" style=\"flex-basis:5%\"><\/div>\n<\/div>\n<\/div>\n<\/div>\n\n\n\n<div style=\"height:60px\" aria-hidden=\"true\" class=\"wp-block-spacer\"><\/div>\n\n\n\n<div class=\"wp-block-columns is-layout-flex wp-container-core-columns-layout-4 wp-block-columns-is-layout-flex\">\n<div class=\"wp-block-column reverse-mobile is-layout-flow wp-block-column-is-layout-flow\" style=\"flex-basis:100%\">\n<div class=\"wp-block-columns is-layout-flex wp-container-core-columns-layout-3 wp-block-columns-is-layout-flex\">\n<div class=\"wp-block-column is-layout-flow wp-block-column-is-layout-flow\" style=\"flex-basis:5%\"><\/div>\n\n\n\n<div class=\"wp-block-column is-layout-flow wp-block-column-is-layout-flow\">\n<h3 class=\"wp-block-heading\" id=\"h-jeszcze-wiecej-korzysci\">Jeszcze wi\u0119cej korzy\u015bci!<\/h3>\n\n\n\n<h6 class=\"wp-block-heading\" id=\"h-polacz-sie-z-dowolna-skrzynka-i-zobacz-jak-znikaja-niekonczace-sie-watki-firmowych-maili-nie-boj-sie-w-ready-znajdziesz-rowniez-standardowe-funkcje-popularnych-klientow-pocztowych\"><strong>Po\u0142\u0105cz si\u0119 z dowoln\u0105 skrzynk\u0105 i zobacz jak znikaj\u0105 nieko\u0144cz\u0105ce si\u0119 w\u0105tki firmowych maili.<\/strong> Nie b\u00f3j si\u0119 &#8211; w Ready znajdziesz r\u00f3wnie\u017c standardowe funkcje popularnych klient\u00f3w pocztowych.<\/h6>\n\n\n\n<p><\/p>\n\n\n\n<ul><li>Obs\u0142uga wielu folder\u00f3w.<\/li><li>Regu\u0142y organizacji poczty w folderach.<\/li><li>Autoresponder.<\/li><li>Korporacyjna stopka i szablony wiadomo\u015bci.<\/li><li>Pe\u0142na obs\u0142uga protoko\u0142u IMAP<\/li><\/ul>\n\n\n\n<div class=\"wp-block-buttons is-layout-flex wp-block-buttons-is-layout-flex\"><\/div>\n<\/div>\n\n\n\n<div class=\"wp-block-column is-layout-flow wp-block-column-is-layout-flow\" style=\"flex-basis:8%\"><\/div>\n\n\n\n<div class=\"wp-block-column is-layout-flow wp-block-column-is-layout-flow\" style=\"flex-basis:47%\">\n<figure class=\"wp-block-image size-large\"><img loading=\"lazy\" decoding=\"async\" width=\"1024\" height=\"640\" src=\"https:\/\/ready-os.com\/wp-content\/uploads\/2022\/02\/Poczta-system-EOD-1024x640.png\" alt=\"Poczta-system-EOD\" class=\"wp-image-9178\" srcset=\"https:\/\/www2.ready-os.com\/wp-content\/uploads\/2022\/02\/Poczta-system-EOD-1024x640.png 1024w, https:\/\/www2.ready-os.com\/wp-content\/uploads\/2022\/02\/Poczta-system-EOD-300x188.png 300w, https:\/\/www2.ready-os.com\/wp-content\/uploads\/2022\/02\/Poczta-system-EOD-768x480.png 768w, https:\/\/www2.ready-os.com\/wp-content\/uploads\/2022\/02\/Poczta-system-EOD-1536x960.png 1536w, https:\/\/www2.ready-os.com\/wp-content\/uploads\/2022\/02\/Poczta-system-EOD-195x123.png 195w, https:\/\/www2.ready-os.com\/wp-content\/uploads\/2022\/02\/Poczta-system-EOD.png 1920w\" sizes=\"(max-width: 1024px) 100vw, 1024px\" \/><\/figure>\n<\/div>\n<\/div>\n<\/div>\n<\/div>\n\n\n\n<div style=\"height:60px\" aria-hidden=\"true\" class=\"wp-block-spacer\"><\/div>\n\n\n\n<div class=\"wp-block-columns is-layout-flex wp-container-core-columns-layout-6 wp-block-columns-is-layout-flex\">\n<div class=\"wp-block-column is-layout-flow wp-block-column-is-layout-flow\" style=\"flex-basis:100%\">\n<div class=\"wp-block-columns is-layout-flex wp-container-core-columns-layout-5 wp-block-columns-is-layout-flex\">\n<div class=\"wp-block-column is-layout-flow wp-block-column-is-layout-flow\" style=\"flex-basis:47%\">\n<figure class=\"wp-block-image size-large\"><img loading=\"lazy\" decoding=\"async\" width=\"1024\" height=\"640\" src=\"https:\/\/ready-os.com\/wp-content\/uploads\/2022\/02\/Wbudowany-kalendarz-praca-grupowa-1024x640.jpg\" alt=\"Zarz\u0105dzanie-zadaniami-system-DMS\" class=\"wp-image-9181\" srcset=\"https:\/\/www2.ready-os.com\/wp-content\/uploads\/2022\/02\/Wbudowany-kalendarz-praca-grupowa-1024x640.jpg 1024w, https:\/\/www2.ready-os.com\/wp-content\/uploads\/2022\/02\/Wbudowany-kalendarz-praca-grupowa-300x188.jpg 300w, https:\/\/www2.ready-os.com\/wp-content\/uploads\/2022\/02\/Wbudowany-kalendarz-praca-grupowa-768x480.jpg 768w, https:\/\/www2.ready-os.com\/wp-content\/uploads\/2022\/02\/Wbudowany-kalendarz-praca-grupowa-1536x960.jpg 1536w, https:\/\/www2.ready-os.com\/wp-content\/uploads\/2022\/02\/Wbudowany-kalendarz-praca-grupowa-195x123.jpg 195w, https:\/\/www2.ready-os.com\/wp-content\/uploads\/2022\/02\/Wbudowany-kalendarz-praca-grupowa.jpg 1920w\" sizes=\"(max-width: 1024px) 100vw, 1024px\" \/><\/figure>\n<\/div>\n\n\n\n<div class=\"wp-block-column is-layout-flow wp-block-column-is-layout-flow\" style=\"flex-basis:8%\"><\/div>\n\n\n\n<div class=\"wp-block-column is-layout-flow wp-block-column-is-layout-flow\">\n<h3 class=\"wp-block-heading\" id=\"h-wspoldzielony-kalendarz-spotkan-i-zadan\">Wsp\u00f3\u0142dzielony kalendarz spotka\u0144 i zada\u0144 <\/h3>\n\n\n\n<h6 class=\"wp-block-heading\" id=\"h-wykorzystaj-kalendarz-do-planowania-swojego-czasu-oraz-wgladu-w-dostepnosc-osob-w-twoim-zespole\">Wykorzystaj kalendarz do planowania swojego czasu oraz wgl\u0105du w dost\u0119pno\u015b\u0107 os\u00f3b w Twoim zespole.<\/h6>\n\n\n\n<p><\/p>\n\n\n\n<ul><li>Zarz\u0105dzanie dost\u0119pem do kalendarza (odczyt, edycja, podgl\u0105d szczeg\u00f3\u0142\u00f3w).<\/li><li>Obs\u0142uga zdarze\u0144 cyklicznych.<\/li><li>Powi\u0105zanie zdarzenia ze spraw\u0105 i wybranym kontrahentem.<\/li><li>Kalendarz zasob\u00f3w.<\/li><li>Synchronizacja z urz\u0105dzeniami mobilnymi (CalDAV).<\/li><\/ul>\n\n\n\n<div class=\"wp-block-buttons is-layout-flex wp-block-buttons-is-layout-flex\"><\/div>\n<\/div>\n\n\n\n<div class=\"wp-block-column is-layout-flow wp-block-column-is-layout-flow\" style=\"flex-basis:5%\"><\/div>\n<\/div>\n<\/div>\n<\/div>\n\n\n\n<div style=\"height:60px\" aria-hidden=\"true\" class=\"wp-block-spacer\"><\/div>\n\n\n\n<div class=\"wp-block-columns is-layout-flex wp-container-core-columns-layout-8 wp-block-columns-is-layout-flex\">\n<div class=\"wp-block-column reverse-mobile is-layout-flow wp-block-column-is-layout-flow\" style=\"flex-basis:100%\">\n<div class=\"wp-block-columns is-layout-flex wp-container-core-columns-layout-7 wp-block-columns-is-layout-flex\">\n<div class=\"wp-block-column is-layout-flow wp-block-column-is-layout-flow\" style=\"flex-basis:5%\"><\/div>\n\n\n\n<div class=\"wp-block-column is-layout-flow wp-block-column-is-layout-flow\">\n<h3 class=\"wp-block-heading\" id=\"h-zarzadzanie-zadaniami-na-tablicy-kanban\">Zarz\u0105dzanie zadaniami na tablicy kanban<\/h3>\n\n\n\n<h6 class=\"wp-block-heading\" id=\"h-zastosuj-popularna-metode-organizacji-i-zarzadzania-zadaniami-poprzez-tablice-kanban\">Zastosuj popularn\u0105 metod\u0119 organizacji i zarz\u0105dzania zadaniami poprzez tablic\u0119 kanban.<\/h6>\n\n\n\n<p><\/p>\n\n\n\n<ul><li>Sprawdzona i niezawodna metoda zarz\u0105dzania du\u017c\u0105 liczb\u0105 zada\u0144, dla kt\u00f3rych terminy zbyt cz\u0119sto si\u0119 zmieniaj\u0105.<\/li><li>Tablice kanban dla os\u00f3b, zespo\u0142u oraz ka\u017cdej sprawy lub projektu.<\/li><li>Plan dnia &#8211; widok zada\u0144 przypisanych do kategorii DAILY.<\/li><li>R\u00f3wnoleg\u0142a mo\u017cliwo\u015b\u0107 wy\u015bwietlania zada\u0144 w widoku Terminarza lub Kalendarza.<\/li><\/ul>\n\n\n\n<div class=\"wp-block-buttons is-layout-flex wp-block-buttons-is-layout-flex\"><\/div>\n<\/div>\n\n\n\n<div class=\"wp-block-column is-layout-flow wp-block-column-is-layout-flow\" style=\"flex-basis:8%\"><\/div>\n\n\n\n<div class=\"wp-block-column is-layout-flow wp-block-column-is-layout-flow\" style=\"flex-basis:47%\">\n<figure class=\"wp-block-video\"><video autoplay loop muted src=\"https:\/\/ready-os.com\/wp-content\/uploads\/2022\/02\/Metoda-zarzadzania-projektami-kanban.mp4\" playsinline><\/video><\/figure>\n<\/div>\n<\/div>\n<\/div>\n<\/div>\n\n\n\n<div style=\"height:60px\" aria-hidden=\"true\" class=\"wp-block-spacer\"><\/div>\n\n\n\n<div class=\"wp-block-columns is-layout-flex wp-container-core-columns-layout-10 wp-block-columns-is-layout-flex\">\n<div class=\"wp-block-column is-layout-flow wp-block-column-is-layout-flow\" style=\"flex-basis:100%\">\n<div class=\"wp-block-columns is-layout-flex wp-container-core-columns-layout-9 wp-block-columns-is-layout-flex\">\n<div class=\"wp-block-column is-layout-flow wp-block-column-is-layout-flow\" style=\"flex-basis:47%\">\n<figure class=\"wp-block-image size-large\"><img loading=\"lazy\" decoding=\"async\" width=\"1024\" height=\"640\" src=\"https:\/\/ready-os.com\/wp-content\/uploads\/2022\/02\/narzedzia-pracy-grupowej-czat-1024x640.jpg\" alt=\"Komunikacja w zespole funkcje pracy grupowej czat\" class=\"wp-image-9192\" srcset=\"https:\/\/www2.ready-os.com\/wp-content\/uploads\/2022\/02\/narzedzia-pracy-grupowej-czat-1024x640.jpg 1024w, https:\/\/www2.ready-os.com\/wp-content\/uploads\/2022\/02\/narzedzia-pracy-grupowej-czat-300x188.jpg 300w, https:\/\/www2.ready-os.com\/wp-content\/uploads\/2022\/02\/narzedzia-pracy-grupowej-czat-768x480.jpg 768w, https:\/\/www2.ready-os.com\/wp-content\/uploads\/2022\/02\/narzedzia-pracy-grupowej-czat-1536x960.jpg 1536w, https:\/\/www2.ready-os.com\/wp-content\/uploads\/2022\/02\/narzedzia-pracy-grupowej-czat-195x123.jpg 195w, https:\/\/www2.ready-os.com\/wp-content\/uploads\/2022\/02\/narzedzia-pracy-grupowej-czat.jpg 1920w\" sizes=\"(max-width: 1024px) 100vw, 1024px\" \/><\/figure>\n<\/div>\n\n\n\n<div class=\"wp-block-column is-layout-flow wp-block-column-is-layout-flow\" style=\"flex-basis:8%\"><\/div>\n\n\n\n<div class=\"wp-block-column is-layout-flow wp-block-column-is-layout-flow\">\n<h3 class=\"wp-block-heading\" id=\"h-komunikator-najszybsza-forma-komunikacji-w-zespole\">Komunikator. Najszybsza forma komunikacji w zespole!<\/h3>\n\n\n\n<h6 class=\"wp-block-heading\" id=\"h-komunikatorow-jest-wiele-dzialaja-na-podobnej-zasadzie-zobacz-jaka-roznice-robi-to-kiedy-jest-on-zintegrowany-z-systemem-obiegu-dokumentow-i-pozostalymi-narzedziami-pracy-grupowej\">Komunikator\u00f3w jest wiele. Dzia\u0142aj\u0105 na podobnej zasadzie. Zobacz jak\u0105 r\u00f3\u017cnic\u0119 robi to, kiedy jest on zintegrowany z systemem obiegu dokument\u00f3w i pozosta\u0142ymi narz\u0119dziami pracy grupowej. <\/h6>\n\n\n\n<p><\/p>\n\n\n\n<ul><li>Automatyczna synchronizacja kontakt\u00f3w z katalogiem pracownik\u00f3w.<\/li><li>Obs\u0142uga czat\u00f3w one-to-one jak r\u00f3wnie\u017c grupowych.<\/li><li>Przesy\u0142anie link\u00f3w do dokument\u00f3w, spraw, zada\u0144 i klient\u00f3w.<\/li><li>Wy\u015bwietlanie kilku czat\u00f3w jednocze\u015bnie.<\/li><li>Powiadomienia PUSH w aplikacji mobilnej.<\/li><\/ul>\n\n\n\n<div class=\"wp-block-buttons is-layout-flex wp-block-buttons-is-layout-flex\"><\/div>\n<\/div>\n\n\n\n<div class=\"wp-block-column is-layout-flow wp-block-column-is-layout-flow\" style=\"flex-basis:5%\"><\/div>\n<\/div>\n<\/div>\n<\/div>\n","protected":false},"excerpt":{"rendered":"<p>Poczta w przegl\u0105darce jeszcze nigdy nie by\u0142a tak prosta w obs\u0142udze! Email umo\u017cliwia komunikowanie si\u0119 w firmie, ale nie zosta\u0142 stworzony do zarz\u0105dzania zadaniami. W Ready nie u\u017cywamy maili do komunikacji wewn\u0119trznej, cho\u0107 dla Twojego zespo\u0142u pocz\u0105tkowo mo\u017ce to by\u0107 zaskakuj\u0105ce. Inteligentne regu\u0142y archiwizacji zapewniaj\u0105 wsp\u00f3lny dost\u0119p do wybranych wiadomo\u015bci. Zlecanie zada\u0144 do wykonania wprost [&hellip;]<\/p>\n","protected":false},"author":2,"featured_media":0,"parent":0,"menu_order":0,"comment_status":"closed","ping_status":"closed","template":"template-parts\/page-system-2.php","meta":{"footnotes":""},"_links":{"self":[{"href":"https:\/\/www2.ready-os.com\/pl\/wp-json\/wp\/v2\/pages\/8758"}],"collection":[{"href":"https:\/\/www2.ready-os.com\/pl\/wp-json\/wp\/v2\/pages"}],"about":[{"href":"https:\/\/www2.ready-os.com\/pl\/wp-json\/wp\/v2\/types\/page"}],"author":[{"embeddable":true,"href":"https:\/\/www2.ready-os.com\/pl\/wp-json\/wp\/v2\/users\/2"}],"replies":[{"embeddable":true,"href":"https:\/\/www2.ready-os.com\/pl\/wp-json\/wp\/v2\/comments?post=8758"}],"version-history":[{"count":23,"href":"https:\/\/www2.ready-os.com\/pl\/wp-json\/wp\/v2\/pages\/8758\/revisions"}],"predecessor-version":[{"id":9530,"href":"https:\/\/www2.ready-os.com\/pl\/wp-json\/wp\/v2\/pages\/8758\/revisions\/9530"}],"wp:attachment":[{"href":"https:\/\/www2.ready-os.com\/pl\/wp-json\/wp\/v2\/media?parent=8758"}],"curies":[{"name":"wp","href":"https:\/\/api.w.org\/{rel}","templated":true}]}}