{"id":8756,"date":"2021-12-20T10:27:57","date_gmt":"2021-12-20T09:27:57","guid":{"rendered":"https:\/\/ready-os.com\/?page_id=8756"},"modified":"2023-09-14T10:36:43","modified_gmt":"2023-09-14T08:36:43","slug":"elektroniczny-obieg-dokumentow","status":"publish","type":"page","link":"https:\/\/www2.ready-os.com\/pl\/elektroniczny-obieg-dokumentow\/","title":{"rendered":"Elektroniczny obieg dokument\u00f3w"},"content":{"rendered":"\n<p><\/p>\n\n\n\n<p><\/p>\n\n\n\n<div style=\"height:50px\" aria-hidden=\"true\" class=\"wp-block-spacer\"><\/div>\n\n\n\n<div class=\"wp-block-columns is-layout-flex wp-container-core-columns-layout-2 wp-block-columns-is-layout-flex\">\n<div class=\"wp-block-column is-layout-flow wp-block-column-is-layout-flow\" style=\"flex-basis:100%\">\n<div class=\"wp-block-columns is-layout-flex wp-container-core-columns-layout-1 wp-block-columns-is-layout-flex\">\n<div class=\"wp-block-column is-layout-flow wp-block-column-is-layout-flow\" style=\"flex-basis:47%\">\n<figure class=\"wp-block-image size-large no-shadow\"><img decoding=\"async\" src=\"https:\/\/ready-os.com\/wp-content\/uploads\/2021\/11\/elektroniczny-obieg-dokumentow-praca-zdalna-trans.png\" alt=\"Pulpit systemu obiegu dokument\u00f3w\"\/><\/figure>\n<\/div>\n\n\n\n<div class=\"wp-block-column is-layout-flow wp-block-column-is-layout-flow\" style=\"flex-basis:8%\"><\/div>\n\n\n\n<div class=\"wp-block-column is-layout-flow wp-block-column-is-layout-flow\">\n<h3 class=\"wp-block-heading\" id=\"h-wygodny-pulpit-uzytkownika\">Wygodny pulpit u\u017cytkownika<\/h3>\n\n\n\n<div style=\"height:19px\" aria-hidden=\"true\" class=\"wp-block-spacer\"><\/div>\n\n\n\n<h6 class=\"wp-block-heading\">Zaawansowany design i technologia sprawia, \u017ce praca z systemem jest szybka, intuicyjna i wygodna.<\/h6>\n\n\n\n<ul><li>Pulpit, na kt\u00f3rym mo\u017cna dodawa\u0107 skr\u00f3ty do program\u00f3w, dokument\u00f3w i kartotek.<\/li><li>Okna \u2013 tak jak Windows, Linux i MacOS.<\/li><li>Operacje Drag&amp;Drop.<\/li><li>Przemy\u015blane znaczenie kolor\u00f3w obiekt\u00f3w u\u0142atwia zrozumienie i nawigacj\u0119.<\/li><li>Strumie\u0144 powiadomie\u0144 pozwala by\u0107 na bie\u017c\u0105co ze wszystkimi tematami.<\/li><li>Portlety \u2013 w\u0142asne elementy na pulpicie.<\/li><\/ul>\n\n\n\n<div class=\"wp-block-buttons is-layout-flex wp-block-buttons-is-layout-flex\"><\/div>\n<\/div>\n\n\n\n<div class=\"wp-block-column is-layout-flow wp-block-column-is-layout-flow\" style=\"flex-basis:5%\"><\/div>\n<\/div>\n<\/div>\n<\/div>\n\n\n\n<div style=\"height:60px\" aria-hidden=\"true\" class=\"wp-block-spacer\"><\/div>\n\n\n\n<div class=\"wp-block-columns is-layout-flex wp-container-core-columns-layout-4 wp-block-columns-is-layout-flex\">\n<div class=\"wp-block-column reverse-mobile is-layout-flow wp-block-column-is-layout-flow\" style=\"flex-basis:100%\">\n<div class=\"wp-block-columns is-layout-flex wp-container-core-columns-layout-3 wp-block-columns-is-layout-flex\">\n<div class=\"wp-block-column is-layout-flow wp-block-column-is-layout-flow\" style=\"flex-basis:5%\"><\/div>\n\n\n\n<div class=\"wp-block-column is-layout-flow wp-block-column-is-layout-flow\">\n<h3 class=\"wp-block-heading\" id=\"h-elektroniczny-dziennik-korespondencji\">Elektroniczny dziennik korespondencji<\/h3>\n\n\n\n<h6 class=\"wp-block-heading\" id=\"h-profesjonalne-narzedzie-do-uporzadkowania-dokumentow-w-sekretariacie-tam-gdzie-czesto-zaczyna-sie-i-konczy-elektroniczny-obieg-dokumentow\">Profesjonalne narz\u0119dzie do uporz\u0105dkowania dokument\u00f3w w sekretariacie &#8211; tam gdzie cz\u0119sto zaczyna si\u0119 i ko\u0144czy elektroniczny obieg dokument\u00f3w.<\/h6>\n\n\n\n<ul><li>Ewidencja dokument\u00f3w w dzienniku korespondencji przychodz\u0105cej i wychodz\u0105cej.<\/li><li>Wydruki dziennika, kopert i zwrotek.<\/li><li>Wydruk pocztowej ksi\u0105\u017cki nadawczej.<\/li><li>Generowanie pliku do Elektronicznego Nadawcy (EKN).<\/li><li>Obs\u0142uga podpisu odr\u0119cznego przy odbiorze przesy\u0142ek przez pracownik\u00f3w.<\/li><\/ul>\n\n\n\n<div class=\"wp-block-buttons is-layout-flex wp-block-buttons-is-layout-flex\"><\/div>\n<\/div>\n\n\n\n<div class=\"wp-block-column is-layout-flow wp-block-column-is-layout-flow\" style=\"flex-basis:8%\"><\/div>\n\n\n\n<div class=\"wp-block-column is-layout-flow wp-block-column-is-layout-flow\" style=\"flex-basis:47%\">\n<figure class=\"wp-block-image size-large\"><img decoding=\"async\" src=\"https:\/\/ready-os.com\/wp-content\/uploads\/2020\/04\/system-obiegu-dokumentow-korespondencja.png\" alt=\"Rejestr korespondencji w obiegu dokument\u00f3w\"\/><\/figure>\n<\/div>\n<\/div>\n<\/div>\n<\/div>\n\n\n\n<div style=\"height:60px\" aria-hidden=\"true\" class=\"wp-block-spacer\"><\/div>\n\n\n\n<div class=\"wp-block-columns is-layout-flex wp-container-core-columns-layout-6 wp-block-columns-is-layout-flex\">\n<div class=\"wp-block-column is-layout-flow wp-block-column-is-layout-flow\" style=\"flex-basis:100%\">\n<div class=\"wp-block-columns is-layout-flex wp-container-core-columns-layout-5 wp-block-columns-is-layout-flex\">\n<div class=\"wp-block-column is-layout-flow wp-block-column-is-layout-flow\" style=\"flex-basis:47%\">\n<figure class=\"wp-block-image size-large is-style-default\"><img loading=\"lazy\" decoding=\"async\" width=\"1024\" height=\"640\" src=\"https:\/\/ready-os.com\/wp-content\/uploads\/2022\/02\/system-obiegu-dokumentow-korespondencja-przychodzaca-1024x640.jpg\" alt=\"System EZD obieg korespondencji\" class=\"wp-image-9157\" srcset=\"https:\/\/www2.ready-os.com\/wp-content\/uploads\/2022\/02\/system-obiegu-dokumentow-korespondencja-przychodzaca-1024x640.jpg 1024w, https:\/\/www2.ready-os.com\/wp-content\/uploads\/2022\/02\/system-obiegu-dokumentow-korespondencja-przychodzaca-300x188.jpg 300w, https:\/\/www2.ready-os.com\/wp-content\/uploads\/2022\/02\/system-obiegu-dokumentow-korespondencja-przychodzaca-768x480.jpg 768w, https:\/\/www2.ready-os.com\/wp-content\/uploads\/2022\/02\/system-obiegu-dokumentow-korespondencja-przychodzaca-1536x960.jpg 1536w, https:\/\/www2.ready-os.com\/wp-content\/uploads\/2022\/02\/system-obiegu-dokumentow-korespondencja-przychodzaca-195x123.jpg 195w, https:\/\/www2.ready-os.com\/wp-content\/uploads\/2022\/02\/system-obiegu-dokumentow-korespondencja-przychodzaca.jpg 1920w\" sizes=\"(max-width: 1024px) 100vw, 1024px\" \/><\/figure>\n<\/div>\n\n\n\n<div class=\"wp-block-column is-layout-flow wp-block-column-is-layout-flow\" style=\"flex-basis:8%\"><\/div>\n\n\n\n<div class=\"wp-block-column is-layout-flow wp-block-column-is-layout-flow\">\n<h3 class=\"wp-block-heading\" id=\"elektroniczny-obieg-dokumentow\">Sprawdzony przez tysi\u0105ce firm elektroniczny obieg dokument\u00f3w<\/h3>\n\n\n\n<h6 class=\"wp-block-heading\" id=\"h-ready-to-zaawansowane-rozwiazanie-ktore-uwzglednia-wszystkie-dobre-praktyki-i-zasady-instrukcji-kancelaryjnej\">Ready to zaawansowane rozwi\u0105zanie, kt\u00f3re uwzgl\u0119dnia wszystkie dobre praktyki i zasady instrukcji kancelaryjnej. <\/h6>\n\n\n\n<ul><li>Przekazywanie dokument\u00f3w do wielu u\u017cytkownik\u00f3w.<\/li><li>Obs\u0142uga list dystrybucyjnych.<\/li><li>Przegl\u0105d historii dokumentu.<\/li><li>Wersjonowanie plik\u00f3w.<\/li><li>Edycja dokument\u00f3w wprost z serwera \u2013 WebDAV.<\/li><\/ul>\n\n\n\n<div class=\"wp-block-buttons is-layout-flex wp-block-buttons-is-layout-flex\"><\/div>\n<\/div>\n\n\n\n<div class=\"wp-block-column is-layout-flow wp-block-column-is-layout-flow\" style=\"flex-basis:5%\"><\/div>\n<\/div>\n<\/div>\n<\/div>\n\n\n\n<div style=\"height:60px\" aria-hidden=\"true\" class=\"wp-block-spacer\"><\/div>\n\n\n\n<div class=\"wp-block-columns is-layout-flex wp-container-core-columns-layout-8 wp-block-columns-is-layout-flex\">\n<div class=\"wp-block-column reverse-mobile is-layout-flow wp-block-column-is-layout-flow\" style=\"flex-basis:100%\">\n<div class=\"wp-block-columns is-layout-flex wp-container-core-columns-layout-7 wp-block-columns-is-layout-flex\">\n<div class=\"wp-block-column is-layout-flow wp-block-column-is-layout-flow\" style=\"flex-basis:5%\"><\/div>\n\n\n\n<div class=\"wp-block-column is-layout-flow wp-block-column-is-layout-flow\">\n<h3 class=\"wp-block-heading\" id=\"h-baza-klientow-jak-w-crm\">Baza klient\u00f3w jak w CRM<\/h3>\n\n\n\n<h6 class=\"wp-block-heading\" id=\"h-baza-klientow-ready-to-cos-wiecej-niz-rejestr-firm-to-zaawansowana-kartoteka-automatycznie-gromadzaca-wszystkie-powiazane-z-kontrahentem-dokumenty\">Baza klient\u00f3w Ready to co\u015b wi\u0119cej ni\u017c rejestr firm. To zaawansowana kartoteka, automatycznie gromadz\u0105ca wszystkie powi\u0105zane z kontrahentem dokumenty.<\/h6>\n\n\n\n<ul><li>Ewidencja danych teleadresowych i os\u00f3b kontaktowych.<\/li><li>Gromadzenie spraw, zdarze\u0144 oraz dokument\u00f3w z obiegu w kartotece kontrahenta.<\/li><li>Pobieranie danych kontrahent\u00f3w z GUS.<\/li><li>Import i eksport bazy kontrahent\u00f3w (Excel, CSV).<\/li><li>Ochrona kartotek os\u00f3b fizycznych.<\/li><\/ul>\n\n\n\n<div class=\"wp-block-buttons is-layout-flex wp-block-buttons-is-layout-flex\"><\/div>\n<\/div>\n\n\n\n<div class=\"wp-block-column is-layout-flow wp-block-column-is-layout-flow\" style=\"flex-basis:8%\"><\/div>\n\n\n\n<div class=\"wp-block-column is-layout-flow wp-block-column-is-layout-flow\" style=\"flex-basis:47%\">\n<figure class=\"wp-block-image size-large\"><img loading=\"lazy\" decoding=\"async\" width=\"1024\" height=\"640\" src=\"https:\/\/ready-os.com\/wp-content\/uploads\/2022\/02\/Baza-klientow-w-systemie-obiegu-dokumentow-1024x640.jpg\" alt=\"Baza klient\u00f3w w systemie EOD\" class=\"wp-image-9160\" srcset=\"https:\/\/www2.ready-os.com\/wp-content\/uploads\/2022\/02\/Baza-klientow-w-systemie-obiegu-dokumentow-1024x640.jpg 1024w, https:\/\/www2.ready-os.com\/wp-content\/uploads\/2022\/02\/Baza-klientow-w-systemie-obiegu-dokumentow-300x188.jpg 300w, https:\/\/www2.ready-os.com\/wp-content\/uploads\/2022\/02\/Baza-klientow-w-systemie-obiegu-dokumentow-768x480.jpg 768w, https:\/\/www2.ready-os.com\/wp-content\/uploads\/2022\/02\/Baza-klientow-w-systemie-obiegu-dokumentow-1536x960.jpg 1536w, https:\/\/www2.ready-os.com\/wp-content\/uploads\/2022\/02\/Baza-klientow-w-systemie-obiegu-dokumentow-195x123.jpg 195w, https:\/\/www2.ready-os.com\/wp-content\/uploads\/2022\/02\/Baza-klientow-w-systemie-obiegu-dokumentow.jpg 1920w\" sizes=\"(max-width: 1024px) 100vw, 1024px\" \/><\/figure>\n<\/div>\n<\/div>\n<\/div>\n<\/div>\n\n\n\n<div style=\"height:60px\" aria-hidden=\"true\" class=\"wp-block-spacer\"><\/div>\n\n\n\n<div class=\"wp-block-columns is-layout-flex wp-container-core-columns-layout-10 wp-block-columns-is-layout-flex\">\n<div class=\"wp-block-column is-layout-flow wp-block-column-is-layout-flow\" style=\"flex-basis:100%\">\n<div class=\"wp-block-columns is-layout-flex wp-container-core-columns-layout-9 wp-block-columns-is-layout-flex\">\n<div class=\"wp-block-column is-layout-flow wp-block-column-is-layout-flow\" style=\"flex-basis:47%\">\n<figure class=\"wp-block-image size-large\"><img loading=\"lazy\" decoding=\"async\" width=\"1024\" height=\"640\" src=\"https:\/\/ready-os.com\/wp-content\/uploads\/2022\/02\/system-zarzadzania-obiegiem-dokumentow-jrwa-1024x640.jpg\" alt=\"Obs\u0142uga spraw - JRWA w systemie EZD\" class=\"wp-image-9170\" srcset=\"https:\/\/www2.ready-os.com\/wp-content\/uploads\/2022\/02\/system-zarzadzania-obiegiem-dokumentow-jrwa-1024x640.jpg 1024w, https:\/\/www2.ready-os.com\/wp-content\/uploads\/2022\/02\/system-zarzadzania-obiegiem-dokumentow-jrwa-300x188.jpg 300w, https:\/\/www2.ready-os.com\/wp-content\/uploads\/2022\/02\/system-zarzadzania-obiegiem-dokumentow-jrwa-768x480.jpg 768w, https:\/\/www2.ready-os.com\/wp-content\/uploads\/2022\/02\/system-zarzadzania-obiegiem-dokumentow-jrwa-1536x960.jpg 1536w, https:\/\/www2.ready-os.com\/wp-content\/uploads\/2022\/02\/system-zarzadzania-obiegiem-dokumentow-jrwa-195x123.jpg 195w, https:\/\/www2.ready-os.com\/wp-content\/uploads\/2022\/02\/system-zarzadzania-obiegiem-dokumentow-jrwa.jpg 1920w\" sizes=\"(max-width: 1024px) 100vw, 1024px\" \/><\/figure>\n<\/div>\n\n\n\n<div class=\"wp-block-column is-layout-flow wp-block-column-is-layout-flow\" style=\"flex-basis:8%\"><\/div>\n\n\n\n<div class=\"wp-block-column is-layout-flow wp-block-column-is-layout-flow\">\n<h3 class=\"wp-block-heading\" id=\"h-obsluga-spraw-organizacja-archiwum-dokumentow-elektronicznych\">Obs\u0142uga spraw &#8211; organizacja archiwum dokument\u00f3w elektronicznych<\/h3>\n\n\n\n<h6 class=\"wp-block-heading\" id=\"h-sprawa-to-elektroniczny-folder-laczacy-ze-soba-powiazane-tematycznie-dokumenty-za-pomoca-spraw-zorganizujesz-profesjonalne-archiwum-zgodnie-ze-struktura-organizacyjna-firmy\">Sprawa to elektroniczny folder, \u0142\u0105cz\u0105cy ze sob\u0105 powi\u0105zane tematycznie dokumenty. Za pomoc\u0105 spraw zorganizujesz profesjonalne archiwum zgodnie ze struktur\u0105 organizacyjn\u0105 firmy.<\/h6>\n\n\n\n<ul><li>Odzwierciedlenie struktury papierowych segregator\u00f3w.<\/li><li>Zarz\u0105dzanie dokumentacj\u0105 i plikami \u0142atwiej ni\u017c na dysku sieciowym.<\/li><li>Tworzenie <a href=\"\/pl\/umowy\/\" target=\"_blank\" rel=\"noreferrer noopener\">elektronicznego archiwum um\u00f3w<\/a>.<\/li><li>Wielopoziomowe zarz\u0105dzanie dost\u0119pem.<\/li><li>Procedury workflow.<\/li><li>Jednolity Rzeczowy Wykaz Akt.<\/li><\/ul>\n\n\n\n<div class=\"wp-block-buttons is-layout-flex wp-block-buttons-is-layout-flex\"><\/div>\n<\/div>\n\n\n\n<div class=\"wp-block-column is-layout-flow wp-block-column-is-layout-flow\" style=\"flex-basis:5%\"><\/div>\n<\/div>\n<\/div>\n<\/div>\n\n\n\n<div style=\"height:60px\" aria-hidden=\"true\" class=\"wp-block-spacer\"><\/div>\n\n\n\n<div class=\"wp-block-columns is-layout-flex wp-container-core-columns-layout-12 wp-block-columns-is-layout-flex\">\n<div class=\"wp-block-column reverse-mobile is-layout-flow wp-block-column-is-layout-flow\" style=\"flex-basis:100%\">\n<div class=\"wp-block-columns is-layout-flex wp-container-core-columns-layout-11 wp-block-columns-is-layout-flex\">\n<div class=\"wp-block-column is-layout-flow wp-block-column-is-layout-flow\" style=\"flex-basis:5%\"><\/div>\n\n\n\n<div class=\"wp-block-column is-layout-flow wp-block-column-is-layout-flow\">\n<h3 class=\"wp-block-heading\" id=\"h-struktura-organizacyjna-firmy-przedstawiona-wizualnie\">Struktura organizacyjna firmy przedstawiona wizualnie<\/h3>\n\n\n\n<h6 class=\"wp-block-heading\" id=\"h-za-pomoca-struktury-widoczna-i-jasna-dla-wszystkich-staje-sie-hierarchia-osob-i-dzialow-w-firmie\">Za pomoc\u0105 struktury widoczna i jasna dla wszystkich, staje si\u0119 hierarchia os\u00f3b i dzia\u0142\u00f3w w firmie. <\/h6>\n\n\n\n<ul><li>Wizualne przedstawienie hierarchii stanowisk i dzia\u0142\u00f3w.<\/li><li>Zawsze aktualne i sp\u00f3jne ze struktur\u0105 archiwum dokument\u00f3w i spraw.<\/li><li>Domy\u015blne regu\u0142y uprawnie\u0144 wynikaj\u0105ce z zajmowanego stanowiska.<\/li><li>Wykorzystanie hierarchii w procesach akceptacyjnych.<\/li><\/ul>\n\n\n\n<div class=\"wp-block-buttons is-layout-flex wp-block-buttons-is-layout-flex\"><\/div>\n<\/div>\n\n\n\n<div class=\"wp-block-column is-layout-flow wp-block-column-is-layout-flow\" style=\"flex-basis:8%\"><\/div>\n\n\n\n<div class=\"wp-block-column is-layout-flow wp-block-column-is-layout-flow\" style=\"flex-basis:47%\">\n<figure class=\"wp-block-image size-large\"><img decoding=\"async\" src=\"https:\/\/ready-os.com\/wp-content\/uploads\/2020\/03\/obieg-dokumentow-struktura-organizacyjna-firmy.jpg\" alt=\"Struktura organizacyjna firmy odzwierciedla zale\u017cno\u015bci s\u0142u\u017cbowe dla systemu obiegu dokument\u00f3w.\"\/><\/figure>\n<\/div>\n<\/div>\n<\/div>\n<\/div>\n\n\n\n<h2 class=\"has-text-align-left wp-block-heading\"><\/h2>\n\n\n\n<div style=\"height:60px\" aria-hidden=\"true\" class=\"wp-block-spacer\"><\/div>\n\n\n\n<p><\/p>\n","protected":false},"excerpt":{"rendered":"<p>Wygodny pulpit u\u017cytkownika Zaawansowany design i technologia sprawia, \u017ce praca z systemem jest szybka, intuicyjna i wygodna. Pulpit, na kt\u00f3rym mo\u017cna dodawa\u0107 skr\u00f3ty do program\u00f3w, dokument\u00f3w i kartotek. Okna \u2013 tak jak Windows, Linux i MacOS. Operacje Drag&amp;Drop. Przemy\u015blane znaczenie kolor\u00f3w obiekt\u00f3w u\u0142atwia zrozumienie i nawigacj\u0119. Strumie\u0144 powiadomie\u0144 pozwala by\u0107 na bie\u017c\u0105co ze wszystkimi tematami. [&hellip;]<\/p>\n","protected":false},"author":2,"featured_media":0,"parent":0,"menu_order":0,"comment_status":"closed","ping_status":"closed","template":"template-parts\/page-system-1.php","meta":{"footnotes":""},"_links":{"self":[{"href":"https:\/\/www2.ready-os.com\/pl\/wp-json\/wp\/v2\/pages\/8756"}],"collection":[{"href":"https:\/\/www2.ready-os.com\/pl\/wp-json\/wp\/v2\/pages"}],"about":[{"href":"https:\/\/www2.ready-os.com\/pl\/wp-json\/wp\/v2\/types\/page"}],"author":[{"embeddable":true,"href":"https:\/\/www2.ready-os.com\/pl\/wp-json\/wp\/v2\/users\/2"}],"replies":[{"embeddable":true,"href":"https:\/\/www2.ready-os.com\/pl\/wp-json\/wp\/v2\/comments?post=8756"}],"version-history":[{"count":42,"href":"https:\/\/www2.ready-os.com\/pl\/wp-json\/wp\/v2\/pages\/8756\/revisions"}],"predecessor-version":[{"id":15813,"href":"https:\/\/www2.ready-os.com\/pl\/wp-json\/wp\/v2\/pages\/8756\/revisions\/15813"}],"wp:attachment":[{"href":"https:\/\/www2.ready-os.com\/pl\/wp-json\/wp\/v2\/media?parent=8756"}],"curies":[{"name":"wp","href":"https:\/\/api.w.org\/{rel}","templated":true}]}}