{"id":8668,"date":"2021-12-16T11:06:31","date_gmt":"2021-12-16T10:06:31","guid":{"rendered":"https:\/\/ready-os.com\/?page_id=8668"},"modified":"2023-09-14T10:43:35","modified_gmt":"2023-09-14T08:43:35","slug":"elektroniczny-obieg-faktur","status":"publish","type":"page","link":"https:\/\/www2.ready-os.com\/pl\/elektroniczny-obieg-faktur\/","title":{"rendered":"Elektroniczny obieg faktur"},"content":{"rendered":"\n<div style=\"height:50px\" aria-hidden=\"true\" class=\"wp-block-spacer\"><\/div>\n\n\n\n<div class=\"wp-block-columns is-layout-flex wp-container-core-columns-layout-2 wp-block-columns-is-layout-flex\">\n<div class=\"wp-block-column is-layout-flow wp-block-column-is-layout-flow\" style=\"flex-basis:100%\">\n<div class=\"wp-block-columns is-layout-flex wp-container-core-columns-layout-1 wp-block-columns-is-layout-flex\">\n<div class=\"wp-block-column is-layout-flow wp-block-column-is-layout-flow\" style=\"flex-basis:47%\">\n<figure class=\"wp-block-image size-large\"><img decoding=\"async\" src=\"https:\/\/ready-os.com\/wp-content\/uploads\/2019\/09\/system-obiegu-faktur.png\" alt=\"\"\/><\/figure>\n<\/div>\n\n\n\n<div class=\"wp-block-column is-layout-flow wp-block-column-is-layout-flow\" style=\"flex-basis:8%\"><\/div>\n\n\n\n<div class=\"wp-block-column is-layout-flow wp-block-column-is-layout-flow\">\n<h3 class=\"wp-block-heading\" id=\"h-najlepsza-na-rynku-aplikacja-sluzaca-do-elektronicznego-obiegu-faktur\">Najlepsza na rynku aplikacja, s\u0142u\u017c\u0105ca do elektronicznego obiegu faktur<\/h3>\n\n\n\n<h6 class=\"wp-block-heading\" id=\"h-edokumenty-krajowy-lider-cyfryzacji-procesow-udostepnia-gotowa-aplikacje-do-szybkiego-wdrozenia-elektronicznego-obiegu-faktur-kosztowych\">eDokumenty \u2013 krajowy lider cyfryzacji proces\u00f3w udost\u0119pnia gotow\u0105 aplikacj\u0119 do&nbsp;szybkiego wdro\u017cenia elektronicznego obiegu faktur kosztowych.<\/h6>\n\n\n\n<p><\/p>\n\n\n\n<ul><li>Konfigurowalny Workflow steruje <a href=\"https:\/\/ready-os.com\/pl\/elektroniczny-obieg-faktur\/\" target=\"_blank\" rel=\"noreferrer noopener\">elektronicznym obiegiem dokument\u00f3w<\/a>, dzi\u0119ki temu mo\u017cliwe jest szybkie wdro\u017cenie procesu.<\/li><li>OCR faktur automatyzuje wprowadzanie informacji z dokument\u00f3w.<\/li><li>Funkcjonalno\u015b\u0107 idealnie dostosowana do wymaga\u0144 ksi\u0119gowych.<\/li><\/ul>\n<\/div>\n\n\n\n<div class=\"wp-block-column is-layout-flow wp-block-column-is-layout-flow\" style=\"flex-basis:5%\"><\/div>\n<\/div>\n<\/div>\n<\/div>\n\n\n\n<div style=\"height:60px\" aria-hidden=\"true\" class=\"wp-block-spacer\"><\/div>\n\n\n\n<div class=\"wp-block-columns is-layout-flex wp-container-core-columns-layout-4 wp-block-columns-is-layout-flex\">\n<div class=\"wp-block-column reverse-mobile is-layout-flow wp-block-column-is-layout-flow\" style=\"flex-basis:100%\">\n<div class=\"wp-block-columns is-layout-flex wp-container-core-columns-layout-3 wp-block-columns-is-layout-flex\">\n<div class=\"wp-block-column is-layout-flow wp-block-column-is-layout-flow\" style=\"flex-basis:5%\"><\/div>\n\n\n\n<div class=\"wp-block-column is-layout-flow wp-block-column-is-layout-flow\">\n<h3 class=\"wp-block-heading\" id=\"h-ocr-faktur\">OCR faktur<\/h3>\n\n\n\n<h6 class=\"wp-block-heading\" id=\"h-wdrozenie-elektronicznego-obiegu-faktur-w-firmie-ulatwia-prace-i-oszczedza-czas\">Wdro\u017cenie<a href=\"\/pl\/elektroniczny-obieg-faktur\/\"> elektronicznego obiegu faktur w firmie<\/a> u\u0142atwia prac\u0119 i oszcz\u0119dza czas.<\/h6>\n\n\n\n<p><\/p>\n\n\n\n<ul><li>W ci\u0105gu chwili system OCR odczytuje pola z faktur z plik\u00f3w PDF lub zeskanowanych faktur papierowych.<\/li><li>\u0141atwe zaznaczanie danych na skanie dokumentu i przenoszenie na metryk\u0119.<\/li><li>Gwarantowane skr\u00f3cenie czasu potrzebnego na rejestracj\u0119 faktur zakupu.<\/li><\/ul>\n<\/div>\n\n\n\n<div class=\"wp-block-column is-layout-flow wp-block-column-is-layout-flow\" style=\"flex-basis:8%\"><\/div>\n\n\n\n<div class=\"wp-block-column is-layout-flow wp-block-column-is-layout-flow\" style=\"flex-basis:47%\">\n<figure class=\"wp-block-video\"><video autoplay loop muted src=\"https:\/\/ready-os.com\/wp-content\/uploads\/2022\/02\/Rejestracja-faktury-w-systemie-obieg-faktur-OCR.mp4\" playsinline><\/video><\/figure>\n<\/div>\n<\/div>\n<\/div>\n<\/div>\n\n\n\n<div style=\"height:60px\" aria-hidden=\"true\" class=\"wp-block-spacer\"><\/div>\n\n\n\n<div class=\"wp-block-columns is-layout-flex wp-container-core-columns-layout-6 wp-block-columns-is-layout-flex\">\n<div class=\"wp-block-column is-layout-flow wp-block-column-is-layout-flow\" style=\"flex-basis:100%\">\n<div class=\"wp-block-columns is-layout-flex wp-container-core-columns-layout-5 wp-block-columns-is-layout-flex\">\n<div class=\"wp-block-column is-layout-flow wp-block-column-is-layout-flow\" style=\"flex-basis:47%\">\n<figure class=\"wp-block-video\"><video autoplay loop muted src=\"https:\/\/ready-os.com\/wp-content\/uploads\/2022\/02\/Rejestracja-faktury-w-systemie-obiegu-faktur-z-poczty-mailowej.mp4\" playsinline><\/video><\/figure>\n<\/div>\n\n\n\n<div class=\"wp-block-column is-layout-flow wp-block-column-is-layout-flow\" style=\"flex-basis:8%\"><\/div>\n\n\n\n<div class=\"wp-block-column is-layout-flow wp-block-column-is-layout-flow\">\n<h3 class=\"wp-block-heading\" id=\"h-rejestracja-faktur-zakupu-wprost-ze-skrzynki-email\">Rejestracja faktur zakupu wprost ze skrzynki email<\/h3>\n\n\n\n<h6 class=\"wp-block-heading\" id=\"h-dodaj-fakture-otrzymana-we-wiadomosci-email-bezposrednio-ze-swojej-skrzynki-odbiorczej\">Dodaj faktur\u0119 otrzyman\u0105 we wiadomo\u015bci email, bezpo\u015brednio ze swojej skrzynki odbiorczej.<\/h6>\n\n\n\n<p><\/p>\n\n\n\n<ul><li>Utw\u00f3rz eFaktur\u0119 bezpo\u015brednio z wiadomo\u015bci, bez pobierania za\u0142\u0105cznika.<\/li><li>OCR faktur odczytuje tre\u015b\u0107 z otrzymanych dokument\u00f3w i uzupe\u0142nia formularz.<\/li><li>Automatyzujesz <a href=\"\/pl\/elektroniczny-obieg-faktur\/\">elektroniczny obieg faktur<\/a> i przekazujesz j\u0105 do akceptacji. <\/li><\/ul>\n<\/div>\n\n\n\n<div class=\"wp-block-column is-layout-flow wp-block-column-is-layout-flow\" style=\"flex-basis:5%\"><\/div>\n<\/div>\n<\/div>\n<\/div>\n\n\n\n<div style=\"height:60px\" aria-hidden=\"true\" class=\"wp-block-spacer\"><\/div>\n\n\n\n<div class=\"wp-block-columns is-layout-flex wp-container-core-columns-layout-8 wp-block-columns-is-layout-flex\">\n<div class=\"wp-block-column reverse-mobile is-layout-flow wp-block-column-is-layout-flow\" style=\"flex-basis:100%\">\n<div class=\"wp-block-columns is-layout-flex wp-container-core-columns-layout-7 wp-block-columns-is-layout-flex\">\n<div class=\"wp-block-column is-layout-flow wp-block-column-is-layout-flow\" style=\"flex-basis:5%\"><\/div>\n\n\n\n<div class=\"wp-block-column is-layout-flow wp-block-column-is-layout-flow\">\n<h3 class=\"wp-block-heading\" id=\"h-dopasowany-w-kazdej-fazie-obieg-faktur-kosztowych\">Dopasowany w ka\u017cdej fazie obieg faktur kosztowych<\/h3>\n\n\n\n<h6 class=\"wp-block-heading\" id=\"h-zaawansowany-ale-i-prosty-w-uzyciu-proces-konfiguracji-pozwala-odzwierciedlic-kazdy-proces-obiegu-dokumentow-ksiegowych-w-firmie\">Zaawansowany \u2013 ale i prosty w u\u017cyciu \u2013 proces konfiguracji pozwala odzwierciedli\u0107 ka\u017cdy proces<a href=\"https:\/\/ready-os.com\/pl\/elektroniczny-obieg-faktur\/\" target=\"_blank\" rel=\"noreferrer noopener\"> obiegu dokument\u00f3w ksi\u0119gowych<\/a> w firmie.<\/h6>\n\n\n\n<p><\/p>\n\n\n\n<ul><li>Rejestracja i konfiguracja <a href=\"https:\/\/ready-os.com\/pl\/elektroniczny-obieg-faktur\/\" target=\"_blank\" rel=\"noreferrer noopener\">workflow faktur<\/a> jest prostsza ni\u017c my\u015blisz.<\/li><li>Pracownicy opisz\u0105 faktur\u0119 na kontach bez specjalnego szkolenia.<\/li><li>\u015acie\u017cki akceptacji sterowane s\u0105 prost\u0105 w u\u017cyciu map\u0105 akceptacji.<\/li><\/ul>\n<\/div>\n\n\n\n<div class=\"wp-block-column is-layout-flow wp-block-column-is-layout-flow\" style=\"flex-basis:8%\"><\/div>\n\n\n\n<div class=\"wp-block-column is-layout-flow wp-block-column-is-layout-flow\" style=\"flex-basis:47%\">\n<figure class=\"wp-block-image size-large\"><img decoding=\"async\" src=\"https:\/\/ready-os.com\/wp-content\/uploads\/2019\/10\/elektroniczny-obieg-faktur.png\" alt=\"\"\/><\/figure>\n<\/div>\n<\/div>\n<\/div>\n<\/div>\n\n\n\n<div style=\"height:60px\" aria-hidden=\"true\" class=\"wp-block-spacer\"><\/div>\n\n\n\n<div class=\"wp-block-columns is-layout-flex wp-container-core-columns-layout-10 wp-block-columns-is-layout-flex\">\n<div class=\"wp-block-column is-layout-flow wp-block-column-is-layout-flow\" style=\"flex-basis:100%\">\n<div class=\"wp-block-columns is-layout-flex wp-container-core-columns-layout-9 wp-block-columns-is-layout-flex\">\n<div class=\"wp-block-column is-layout-flow wp-block-column-is-layout-flow\" style=\"flex-basis:47%\">\n<figure class=\"wp-block-image size-large\"><img decoding=\"async\" src=\"https:\/\/ready-os.com\/wp-content\/uploads\/2019\/10\/przetwarzanie-faktur.png\" alt=\"\"\/><\/figure>\n<\/div>\n\n\n\n<div class=\"wp-block-column is-layout-flow wp-block-column-is-layout-flow\" style=\"flex-basis:8%\"><\/div>\n\n\n\n<div class=\"wp-block-column is-layout-flow wp-block-column-is-layout-flow\">\n<h3 class=\"wp-block-heading\" id=\"h-szybki-opis-faktur-powtarzalnych\">Szybki opis faktur powtarzalnych<\/h3>\n\n\n\n<h6 class=\"wp-block-heading\" id=\"h-ready-dostarcza-funkcje-pozwalajace-zautomatyzowac-proces-opisu-faktur-kosztowych\">Ready_\u2122 dostarcza funkcje pozwalaj\u0105ce zautomatyzowa\u0107 proces opisu faktur kosztowych<\/h6>\n\n\n\n<p><\/p>\n\n\n\n<ul><li>Import danych z Excela.<\/li><li>Wzorce podzia\u0142u koszt\u00f3w uwzgl\u0119dniaj\u0105ce kontrahenta, podzia\u0142 procentowy, podzia\u0142 kosztowy.<\/li><li>Szybki podgl\u0105d podobnych dokument\u00f3w.<\/li><\/ul>\n<\/div>\n\n\n\n<div class=\"wp-block-column is-layout-flow wp-block-column-is-layout-flow\" style=\"flex-basis:5%\"><\/div>\n<\/div>\n<\/div>\n<\/div>\n\n\n\n<div style=\"height:60px\" aria-hidden=\"true\" class=\"wp-block-spacer\"><\/div>\n\n\n\n<div class=\"wp-block-columns is-layout-flex wp-container-core-columns-layout-12 wp-block-columns-is-layout-flex\">\n<div class=\"wp-block-column reverse-mobile is-layout-flow wp-block-column-is-layout-flow\" style=\"flex-basis:100%\">\n<div class=\"wp-block-columns is-layout-flex wp-container-core-columns-layout-11 wp-block-columns-is-layout-flex\">\n<div class=\"wp-block-column is-layout-flow wp-block-column-is-layout-flow\" style=\"flex-basis:5%\"><\/div>\n\n\n\n<div class=\"wp-block-column is-layout-flow wp-block-column-is-layout-flow\">\n<h3 class=\"wp-block-heading\" id=\"h-wygodna-i-szybka-akceptacja-faktur\">Wygodna i szybka akceptacja faktur<\/h3>\n\n\n\n<h6 class=\"wp-block-heading\" id=\"h-widget-pulpitu-w-przejrzystej-formie-wyswietla-fakture-do-akceptacji-a-aplikacja-na-telefonie-powiadamia-cie-o-nowym-oczekujacym-dokumencie\">Widget pulpitu w przejrzystej formie wy\u015bwietla faktur\u0119 do akceptacji, a aplikacja na telefonie powiadamia Ci\u0119 o nowym oczekuj\u0105cym dokumencie.<\/h6>\n\n\n\n<p><\/p>\n\n\n\n<ul><li>Otrzymujesz powiadomienie na smartphonie oraz w systemie Ready_\u2122.<\/li><li>Dokument do zaakceptowania pojawia si\u0119 w panelu workflow.<\/li><li>Akceptujesz jednym klikni\u0119ciem, komentujesz, prosisz o wyja\u015bnienie lub odrzucasz.<\/li><\/ul>\n<\/div>\n\n\n\n<div class=\"wp-block-column is-layout-flow wp-block-column-is-layout-flow\" style=\"flex-basis:8%\"><\/div>\n\n\n\n<div class=\"wp-block-column is-layout-flow wp-block-column-is-layout-flow\" style=\"flex-basis:47%\">\n<figure class=\"wp-block-image size-large\"><img decoding=\"async\" src=\"https:\/\/ready-os.com\/wp-content\/uploads\/2020\/04\/ocr-do-faktur-akceptacja.jpg\" alt=\"\"\/><\/figure>\n<\/div>\n<\/div>\n<\/div>\n<\/div>\n\n\n\n<div style=\"height:60px\" aria-hidden=\"true\" class=\"wp-block-spacer\"><\/div>\n\n\n\n<div class=\"wp-block-columns is-layout-flex wp-container-core-columns-layout-14 wp-block-columns-is-layout-flex\">\n<div class=\"wp-block-column is-layout-flow wp-block-column-is-layout-flow\" style=\"flex-basis:100%\">\n<div class=\"wp-block-columns is-layout-flex wp-container-core-columns-layout-13 wp-block-columns-is-layout-flex\">\n<div class=\"wp-block-column is-layout-flow wp-block-column-is-layout-flow\" style=\"flex-basis:47%\">\n<figure class=\"wp-block-image size-large\"><img decoding=\"async\" src=\"https:\/\/ready-os.com\/wp-content\/uploads\/2019\/10\/zarzadzanie-fakturami.png\" alt=\"\"\/><\/figure>\n<\/div>\n\n\n\n<div class=\"wp-block-column is-layout-flow wp-block-column-is-layout-flow\" style=\"flex-basis:8%\"><\/div>\n\n\n\n<div class=\"wp-block-column is-layout-flow wp-block-column-is-layout-flow\">\n<h3 class=\"wp-block-heading\" id=\"h-realizacja-wymaganych-przepisow\">Realizacja wymaganych przepis\u00f3w<\/h3>\n\n\n\n<h6 class=\"wp-block-heading\" id=\"h-ready-zapewnia-gromadzenie-dowodow-ksiegowych-zgodnie-z-przepisami-mozesz-spac-spokojnie\">Ready_\u2122 zapewnia gromadzenie dowod\u00f3w ksi\u0119gowych zgodnie z przepisami.<br>Mo\u017cesz spa\u0107 spokojnie.<\/h6>\n\n\n\n<p><\/p>\n\n\n\n<ul><li>Sprawdzanie aktywno\u015bci statusu podatnika VAT.<\/li><li>Elektroniczna akceptacja dokonana zgodnie z reprezentacj\u0105.<\/li><li>Bia\u0142a lista.<\/li><\/ul>\n<\/div>\n\n\n\n<div class=\"wp-block-column is-layout-flow wp-block-column-is-layout-flow\" style=\"flex-basis:5%\"><\/div>\n<\/div>\n<\/div>\n<\/div>\n\n\n\n<div style=\"height:60px\" aria-hidden=\"true\" class=\"wp-block-spacer\"><\/div>\n\n\n\n<div class=\"wp-block-columns is-layout-flex wp-container-core-columns-layout-16 wp-block-columns-is-layout-flex\">\n<div class=\"wp-block-column reverse-mobile is-layout-flow wp-block-column-is-layout-flow\" style=\"flex-basis:100%\">\n<div class=\"wp-block-columns is-layout-flex wp-container-core-columns-layout-15 wp-block-columns-is-layout-flex\">\n<div class=\"wp-block-column is-layout-flow wp-block-column-is-layout-flow\" style=\"flex-basis:5%\"><\/div>\n\n\n\n<div class=\"wp-block-column is-layout-flow wp-block-column-is-layout-flow\">\n<h3 class=\"wp-block-heading\" id=\"h-wielowymiarowa-kontrola\">Wielowymiarowa kontrola<\/h3>\n\n\n\n<h6 class=\"wp-block-heading\" id=\"h-dane-finansowe-dostepne-na-biezaco-dzieki-czemu-mozesz-podejmowac-trafniejsze-decyzje\">Dane finansowe dost\u0119pne na bie\u017c\u0105co, dzi\u0119ki czemu mo\u017cesz podejmowa\u0107 trafniejsze decyzje.<\/h6>\n\n\n\n<p><\/p>\n\n\n\n<ul><li>Zestawienie faktur dost\u0119pne dla pracownik\u00f3w wg udzielonych uprawnie\u0144.<\/li><li>Analizy koszt\u00f3w wg r\u00f3\u017cnych wymiar\u00f3w: projekt, rodzaj, MPK.<\/li><li>Bie\u017c\u0105cy nadz\u00f3r nad struktur\u0105 koszt\u00f3w.<\/li><\/ul>\n<\/div>\n\n\n\n<div class=\"wp-block-column is-layout-flow wp-block-column-is-layout-flow\" style=\"flex-basis:8%\"><\/div>\n\n\n\n<div class=\"wp-block-column is-layout-flow wp-block-column-is-layout-flow\" style=\"flex-basis:47%\">\n<figure class=\"wp-block-image size-large\"><img decoding=\"async\" src=\"https:\/\/ready-os.com\/wp-content\/uploads\/2019\/09\/opisywanie-faktur-kosztowych-erp.png\" alt=\"\"\/><\/figure>\n<\/div>\n<\/div>\n<\/div>\n<\/div>\n\n\n\n<div style=\"height:60px\" aria-hidden=\"true\" class=\"wp-block-spacer\"><\/div>\n\n\n\n<div class=\"wp-block-columns is-layout-flex wp-container-core-columns-layout-18 wp-block-columns-is-layout-flex\">\n<div class=\"wp-block-column is-layout-flow wp-block-column-is-layout-flow\" style=\"flex-basis:100%\">\n<div class=\"wp-block-columns is-layout-flex wp-container-core-columns-layout-17 wp-block-columns-is-layout-flex\">\n<div class=\"wp-block-column is-layout-flow wp-block-column-is-layout-flow\" style=\"flex-basis:47%\">\n<figure class=\"wp-block-image size-large\"><img decoding=\"async\" src=\"https:\/\/ready-os.com\/wp-content\/uploads\/2019\/10\/elektroniczny-system-obiegu-faktur-erp.png\" alt=\"\"\/><\/figure>\n<\/div>\n\n\n\n<div class=\"wp-block-column is-layout-flow wp-block-column-is-layout-flow\" style=\"flex-basis:8%\"><\/div>\n\n\n\n<div class=\"wp-block-column is-layout-flow wp-block-column-is-layout-flow\">\n<h3 class=\"wp-block-heading\" id=\"h-integracja-z-systemami\">Integracja z systemami<\/h3>\n\n\n\n<h6 class=\"wp-block-heading\" id=\"h-ready-bezproblemowo-integruje-sie-z-systemami-erp-wdrozonymi-w-firmie\">Ready_\u2122 bezproblemowo integruje si\u0119 z systemami ERP, wdro\u017conymi w firmie.<\/h6>\n\n\n\n<p><\/p>\n\n\n\n<ul><li>Wiele opcji integracji, w tym REST API.<\/li><li>Eksport faktur do systemu finansowo ksi\u0119gowego przez plik lub interfejs.<\/li><li>Gotowe konektory do najpopularniejszych system\u00f3w finansowo ksi\u0119gowych &#8211; Symfonia, Optima, RAKS i inne.<\/li><\/ul>\n<\/div>\n\n\n\n<div class=\"wp-block-column is-layout-flow wp-block-column-is-layout-flow\" style=\"flex-basis:5%\"><\/div>\n<\/div>\n<\/div>\n<\/div>\n\n\n\n<h2 class=\"wp-block-heading\"><\/h2>\n","protected":false},"excerpt":{"rendered":"<p>Najlepsza na rynku aplikacja, s\u0142u\u017c\u0105ca do elektronicznego obiegu faktur eDokumenty \u2013 krajowy lider cyfryzacji proces\u00f3w udost\u0119pnia gotow\u0105 aplikacj\u0119 do&nbsp;szybkiego wdro\u017cenia elektronicznego obiegu faktur kosztowych. Konfigurowalny Workflow steruje elektronicznym obiegiem dokument\u00f3w, dzi\u0119ki temu mo\u017cliwe jest szybkie wdro\u017cenie procesu. OCR faktur automatyzuje wprowadzanie informacji z dokument\u00f3w. Funkcjonalno\u015b\u0107 idealnie dostosowana do wymaga\u0144 ksi\u0119gowych. OCR faktur Wdro\u017cenie elektronicznego obiegu [&hellip;]<\/p>\n","protected":false},"author":2,"featured_media":0,"parent":0,"menu_order":0,"comment_status":"closed","ping_status":"closed","template":"template-parts\/page-app.php","meta":{"footnotes":""},"_links":{"self":[{"href":"https:\/\/www2.ready-os.com\/pl\/wp-json\/wp\/v2\/pages\/8668"}],"collection":[{"href":"https:\/\/www2.ready-os.com\/pl\/wp-json\/wp\/v2\/pages"}],"about":[{"href":"https:\/\/www2.ready-os.com\/pl\/wp-json\/wp\/v2\/types\/page"}],"author":[{"embeddable":true,"href":"https:\/\/www2.ready-os.com\/pl\/wp-json\/wp\/v2\/users\/2"}],"replies":[{"embeddable":true,"href":"https:\/\/www2.ready-os.com\/pl\/wp-json\/wp\/v2\/comments?post=8668"}],"version-history":[{"count":40,"href":"https:\/\/www2.ready-os.com\/pl\/wp-json\/wp\/v2\/pages\/8668\/revisions"}],"predecessor-version":[{"id":15814,"href":"https:\/\/www2.ready-os.com\/pl\/wp-json\/wp\/v2\/pages\/8668\/revisions\/15814"}],"wp:attachment":[{"href":"https:\/\/www2.ready-os.com\/pl\/wp-json\/wp\/v2\/media?parent=8668"}],"curies":[{"name":"wp","href":"https:\/\/api.w.org\/{rel}","templated":true}]}}