{"id":8630,"date":"2021-12-15T21:29:39","date_gmt":"2021-12-15T20:29:39","guid":{"rendered":"https:\/\/ready-os.com\/?page_id=8630"},"modified":"2023-09-20T11:18:03","modified_gmt":"2023-09-20T09:18:03","slug":"wnioski-zakupowe","status":"publish","type":"page","link":"https:\/\/www2.ready-os.com\/pl\/wnioski-zakupowe\/","title":{"rendered":"Wnioski zakupowe"},"content":{"rendered":"\n<div style=\"height:50px\" aria-hidden=\"true\" class=\"wp-block-spacer\"><\/div>\n\n\n\n<div class=\"wp-block-columns is-layout-flex wp-container-core-columns-layout-2 wp-block-columns-is-layout-flex\">\n<div class=\"wp-block-column is-layout-flow wp-block-column-is-layout-flow\" style=\"flex-basis:100%\">\n<div class=\"wp-block-columns is-layout-flex wp-container-core-columns-layout-1 wp-block-columns-is-layout-flex\">\n<div class=\"wp-block-column is-layout-flow wp-block-column-is-layout-flow\" style=\"flex-basis:47%\">\n<figure class=\"wp-block-image size-large\"><img decoding=\"async\" src=\"https:\/\/ready-os.com\/wp-content\/uploads\/2019\/11\/wniosek-zakupowy-ready.png\" alt=\"\"\/><\/figure>\n<\/div>\n\n\n\n<div class=\"wp-block-column is-layout-flow wp-block-column-is-layout-flow\" style=\"flex-basis:8%\"><\/div>\n\n\n\n<div class=\"wp-block-column is-layout-flow wp-block-column-is-layout-flow\">\n<h3 class=\"wp-block-heading\" id=\"h-przejrzysty-dostep-do-zlozonych-wnioskow\">Przejrzysty dost\u0119p do z\u0142o\u017conych wniosk\u00f3w<\/h3>\n\n\n\n<div style=\"height:19px\" aria-hidden=\"true\" class=\"wp-block-spacer\"><\/div>\n\n\n\n<h6 class=\"wp-block-heading\" id=\"h-za-pomoca-aplikacji-aplikacji-firma-zyskuje-portal-do-skladania-elektronicznych-wnioskow-zakupowych-a-takze-panel-do-ich-realizacji-i-rozliczania\">Za pomoc\u0105 aplikacji aplikacji firma zyskuje portal do sk\u0142adania elektronicznych wniosk\u00f3w zakupowych, a tak\u017ce panel do ich realizacji i rozliczania. <\/h6>\n\n\n\n<p><\/p>\n\n\n\n<ul>\n<li>Pracownicy sk\u0142adaj\u0105 nowe wnioski elektronicznie. To proste:<\/li>\n\n\n\n<li>Uruchamiasz workflow i przesy\u0142asz do akceptacji.<\/li>\n\n\n\n<li>Wyznaczona do obs\u0142ugi danej kategorii osoba realizuje zakup.<\/li>\n\n\n\n<li>Otrzymujesz powiadomienie o realizacji!<\/li>\n<\/ul>\n\n\n\n<div class=\"wp-block-buttons is-layout-flex wp-block-buttons-is-layout-flex\"><\/div>\n<\/div>\n\n\n\n<div class=\"wp-block-column is-layout-flow wp-block-column-is-layout-flow\" style=\"flex-basis:5%\"><\/div>\n<\/div>\n<\/div>\n<\/div>\n\n\n\n<div style=\"height:60px\" aria-hidden=\"true\" class=\"wp-block-spacer\"><\/div>\n\n\n\n<div class=\"wp-block-columns is-layout-flex wp-container-core-columns-layout-4 wp-block-columns-is-layout-flex\">\n<div class=\"wp-block-column reverse-mobile is-layout-flow wp-block-column-is-layout-flow\" style=\"flex-basis:100%\">\n<div class=\"wp-block-columns is-layout-flex wp-container-core-columns-layout-3 wp-block-columns-is-layout-flex\">\n<div class=\"wp-block-column is-layout-flow wp-block-column-is-layout-flow\" style=\"flex-basis:5%\"><\/div>\n\n\n\n<div class=\"wp-block-column is-layout-flow wp-block-column-is-layout-flow\">\n<h3 class=\"wp-block-heading\" id=\"h-opisywanie-faktur-do-wnioskow-staje-sie-nadzwyczaj-proste\">Opisywanie faktur do wniosk\u00f3w staje si\u0119 nadzwyczaj proste!<\/h3>\n\n\n\n<div style=\"height:19px\" aria-hidden=\"true\" class=\"wp-block-spacer\"><\/div>\n\n\n\n<h6 class=\"wp-block-heading\" id=\"h-juz-na-etapie-wprowadzania-wniosku-zakupowego-mozesz-uwzglednic-zapisy-dekretacji-ksiegowej\">Ju\u017c na etapie wprowadzania wniosku zakupowego mo\u017cesz uwzgl\u0119dni\u0107 zapisy dekretacji ksi\u0119gowej.<\/h6>\n\n\n\n<ul>\n<li>Dost\u0119pne s\u0105 konfigurowalne analityki: miejsca powstawania koszt\u00f3w, rodzaje i inne.<meta charset=\"utf-8\"><\/li>\n\n\n\n<li>Opisane w ten spos\u00f3b wnioski zakupowe mog\u0105 by\u0107 u\u017cyte do automatycznego opisania faktur kosztowych.<\/li>\n\n\n\n<li>Gotowe mechanizmy importu plan\u00f3w kont.<\/li>\n<\/ul>\n\n\n\n<div class=\"wp-block-buttons is-layout-flex wp-block-buttons-is-layout-flex\"><\/div>\n<\/div>\n\n\n\n<div class=\"wp-block-column is-layout-flow wp-block-column-is-layout-flow\" style=\"flex-basis:8%\"><\/div>\n\n\n\n<div class=\"wp-block-column is-layout-flow wp-block-column-is-layout-flow\" style=\"flex-basis:47%\">\n<figure class=\"wp-block-image size-large\"><img loading=\"lazy\" decoding=\"async\" width=\"1024\" height=\"500\" src=\"https:\/\/ready-os.com\/wp-content\/uploads\/2022\/01\/wniosek-zakupowy-obieg-workflow-dokumentu-wniosku-zakupowego-1024x500.png\" alt=\"\" class=\"wp-image-8911\" srcset=\"https:\/\/www2.ready-os.com\/wp-content\/uploads\/2022\/01\/wniosek-zakupowy-obieg-workflow-dokumentu-wniosku-zakupowego-1024x500.png 1024w, https:\/\/www2.ready-os.com\/wp-content\/uploads\/2022\/01\/wniosek-zakupowy-obieg-workflow-dokumentu-wniosku-zakupowego-300x146.png 300w, https:\/\/www2.ready-os.com\/wp-content\/uploads\/2022\/01\/wniosek-zakupowy-obieg-workflow-dokumentu-wniosku-zakupowego-768x375.png 768w, https:\/\/www2.ready-os.com\/wp-content\/uploads\/2022\/01\/wniosek-zakupowy-obieg-workflow-dokumentu-wniosku-zakupowego-1536x750.png 1536w, https:\/\/www2.ready-os.com\/wp-content\/uploads\/2022\/01\/wniosek-zakupowy-obieg-workflow-dokumentu-wniosku-zakupowego.png 1637w\" sizes=\"(max-width: 1024px) 100vw, 1024px\" \/><\/figure>\n<\/div>\n<\/div>\n<\/div>\n<\/div>\n\n\n\n<div style=\"height:60px\" aria-hidden=\"true\" class=\"wp-block-spacer\"><\/div>\n\n\n\n<div class=\"wp-block-columns is-layout-flex wp-container-core-columns-layout-6 wp-block-columns-is-layout-flex\">\n<div class=\"wp-block-column is-layout-flow wp-block-column-is-layout-flow\" style=\"flex-basis:100%\">\n<div class=\"wp-block-columns is-layout-flex wp-container-core-columns-layout-5 wp-block-columns-is-layout-flex\">\n<div class=\"wp-block-column is-layout-flow wp-block-column-is-layout-flow\" style=\"flex-basis:47%\">\n<figure class=\"wp-block-image size-large\"><img loading=\"lazy\" decoding=\"async\" width=\"1024\" height=\"500\" src=\"https:\/\/ready-os.com\/wp-content\/uploads\/2022\/01\/wniosek-zakupowy-workflow-faktur-1024x500.png\" alt=\"\" class=\"wp-image-8914\" srcset=\"https:\/\/www2.ready-os.com\/wp-content\/uploads\/2022\/01\/wniosek-zakupowy-workflow-faktur-1024x500.png 1024w, https:\/\/www2.ready-os.com\/wp-content\/uploads\/2022\/01\/wniosek-zakupowy-workflow-faktur-300x146.png 300w, https:\/\/www2.ready-os.com\/wp-content\/uploads\/2022\/01\/wniosek-zakupowy-workflow-faktur-768x375.png 768w, https:\/\/www2.ready-os.com\/wp-content\/uploads\/2022\/01\/wniosek-zakupowy-workflow-faktur-1536x750.png 1536w, https:\/\/www2.ready-os.com\/wp-content\/uploads\/2022\/01\/wniosek-zakupowy-workflow-faktur.png 1637w\" sizes=\"(max-width: 1024px) 100vw, 1024px\" \/><\/figure>\n<\/div>\n\n\n\n<div class=\"wp-block-column is-layout-flow wp-block-column-is-layout-flow\" style=\"flex-basis:8%\"><\/div>\n\n\n\n<div class=\"wp-block-column is-layout-flow wp-block-column-is-layout-flow\">\n<h3 class=\"wp-block-heading\" id=\"h-kontrola-kosztow-na-jeden-klik\">Kontrola koszt\u00f3w na jeden klik<\/h3>\n\n\n\n<div style=\"height:19px\" aria-hidden=\"true\" class=\"wp-block-spacer\"><\/div>\n\n\n\n<h6 class=\"wp-block-heading\" id=\"h-czytelny-podglad-powiazanych-faktur-zakupu-z-wnioskami-zakupowymi\">Czytelny podgl\u0105d powi\u0105zanych faktur zakupu z wnioskami zakupowymi.<\/h6>\n\n\n\n<ul>\n<li>Je\u015bli wniosek powi\u0105\u017cesz z faktur\u0105, to faktura nie wymaga procesu akceptacji. <\/li>\n\n\n\n<li>Oszcz\u0119dzasz czas i zapewniasz lepsz\u0105 kontrol\u0119 w procesie.<\/li>\n\n\n\n<li>U\u0142atwiasz dost\u0119p do historycznych danych dla pracownik\u00f3w i os\u00f3b realizuj\u0105cych wnioski zakupowe.<\/li>\n<\/ul>\n\n\n\n<div class=\"wp-block-buttons is-layout-flex wp-block-buttons-is-layout-flex\"><\/div>\n<\/div>\n\n\n\n<div class=\"wp-block-column is-layout-flow wp-block-column-is-layout-flow\" style=\"flex-basis:5%\"><\/div>\n<\/div>\n<\/div>\n<\/div>\n\n\n\n<div style=\"height:60px\" aria-hidden=\"true\" class=\"wp-block-spacer\"><\/div>\n\n\n\n<div class=\"wp-block-columns is-layout-flex wp-container-core-columns-layout-8 wp-block-columns-is-layout-flex\">\n<div class=\"wp-block-column reverse-mobile is-layout-flow wp-block-column-is-layout-flow\" style=\"flex-basis:100%\">\n<div class=\"wp-block-columns is-layout-flex wp-container-core-columns-layout-7 wp-block-columns-is-layout-flex\">\n<div class=\"wp-block-column is-layout-flow wp-block-column-is-layout-flow\" style=\"flex-basis:5%\"><\/div>\n\n\n\n<div class=\"wp-block-column is-layout-flow wp-block-column-is-layout-flow\">\n<h3 class=\"wp-block-heading\" id=\"h-wszystkie-dane-wniosku-w-jednym-miejscu\">Wszystkie dane wniosku w jednym miejscu<\/h3>\n\n\n\n<div style=\"height:19px\" aria-hidden=\"true\" class=\"wp-block-spacer\"><\/div>\n\n\n\n<h6 class=\"wp-block-heading\" id=\"h-kazdy-dokument-wniosku-posiada-zakladke-podsumowanie-w-ktore-znajduja-sie-kluczowe-informacje\">Ka\u017cdy dokument wniosku posiada zak\u0142adk\u0119 \u201ePodsumowanie\u201d w kt\u00f3re znajduj\u0105 si\u0119 kluczowe informacje.<\/h6>\n\n\n\n<p><\/p>\n\n\n\n<ul>\n<li>Kategorie pozwalaj\u0105 na dostosowanie obiegu dokument\u00f3w: os\u00f3b akceptuj\u0105cych i odpowiedzialnych za realizacj\u0119.<\/li>\n\n\n\n<li>Bud\u017cet pozwala na planowanie i weryfikacj\u0119 stanu wydatk\u00f3w.<\/li>\n\n\n\n<li>Gotowe, predefiniowane wzory popularnych formularzy.<\/li>\n<\/ul>\n\n\n\n<div class=\"wp-block-buttons is-layout-flex wp-block-buttons-is-layout-flex\"><\/div>\n<\/div>\n\n\n\n<div class=\"wp-block-column is-layout-flow wp-block-column-is-layout-flow\" style=\"flex-basis:8%\"><\/div>\n\n\n\n<div class=\"wp-block-column is-layout-flow wp-block-column-is-layout-flow\" style=\"flex-basis:47%\">\n<figure class=\"wp-block-image size-large\"><img decoding=\"async\" src=\"https:\/\/ready-os.com\/wp-content\/uploads\/2019\/11\/wniosek-zakupowy-karta-podsumowanie.png\" alt=\"\"\/><\/figure>\n<\/div>\n<\/div>\n<\/div>\n<\/div>\n\n\n\n<div style=\"height:60px\" aria-hidden=\"true\" class=\"wp-block-spacer\"><\/div>\n\n\n\n<div class=\"wp-block-columns is-layout-flex wp-container-core-columns-layout-10 wp-block-columns-is-layout-flex\">\n<div class=\"wp-block-column is-layout-flow wp-block-column-is-layout-flow\" style=\"flex-basis:100%\">\n<div class=\"wp-block-columns is-layout-flex wp-container-core-columns-layout-9 wp-block-columns-is-layout-flex\">\n<div class=\"wp-block-column is-layout-flow wp-block-column-is-layout-flow\" style=\"flex-basis:47%\">\n<figure class=\"wp-block-image size-large\"><img decoding=\"async\" src=\"https:\/\/ready-os.com\/wp-content\/uploads\/2019\/11\/wniosek-zakupowy-kreator-nowego-formularza.png\" alt=\"\"\/><\/figure>\n<\/div>\n\n\n\n<div class=\"wp-block-column is-layout-flow wp-block-column-is-layout-flow\" style=\"flex-basis:8%\"><\/div>\n\n\n\n<div class=\"wp-block-column is-layout-flow wp-block-column-is-layout-flow\">\n<h3 class=\"wp-block-heading\" id=\"h-latwe-tworzenie-nowych-formularzy\">\u0141atwe tworzenie nowych formularzy<\/h3>\n\n\n\n<div style=\"height:19px\" aria-hidden=\"true\" class=\"wp-block-spacer\"><\/div>\n\n\n\n<h6 class=\"wp-block-heading\" id=\"h-w-kreatorze-szybko-utworzysz-nowy-formularz-dodasz-odpowiednie-pola-oraz-skonfigurujesz-proces-obiegu-dokumentow\">W kreatorze szybko utworzysz nowy formularz, dodasz odpowiednie pola oraz skonfigurujesz proces obiegu dokument\u00f3w.<\/h6>\n\n\n\n<p><\/p>\n\n\n\n<ul>\n<li>Zaawansowana konfiguracja pozwala dostosowa\u0107 ka\u017cd\u0105 kategori\u0119 wniosku.<\/li>\n\n\n\n<li>Wiele regu\u0142 akceptacji.<\/li>\n\n\n\n<li>\u0141atwe sterowanie schematem i konfigurowalne role i grupy os\u00f3b uczestnicz\u0105cych w procesie.<\/li>\n<\/ul>\n\n\n\n<div class=\"wp-block-buttons is-layout-flex wp-block-buttons-is-layout-flex\"><\/div>\n<\/div>\n\n\n\n<div class=\"wp-block-column is-layout-flow wp-block-column-is-layout-flow\" style=\"flex-basis:5%\"><\/div>\n<\/div>\n<\/div>\n<\/div>\n","protected":false},"excerpt":{"rendered":"<p>Przejrzysty dost\u0119p do z\u0142o\u017conych wniosk\u00f3w Za pomoc\u0105 aplikacji aplikacji firma zyskuje portal do sk\u0142adania elektronicznych wniosk\u00f3w zakupowych, a tak\u017ce panel do ich realizacji i rozliczania. Opisywanie faktur do wniosk\u00f3w staje si\u0119 nadzwyczaj proste! Ju\u017c na etapie wprowadzania wniosku zakupowego mo\u017cesz uwzgl\u0119dni\u0107 zapisy dekretacji ksi\u0119gowej. Kontrola koszt\u00f3w na jeden klik Czytelny podgl\u0105d powi\u0105zanych faktur zakupu z [&hellip;]<\/p>\n","protected":false},"author":2,"featured_media":0,"parent":0,"menu_order":0,"comment_status":"closed","ping_status":"closed","template":"template-parts\/page-app-8.php","meta":{"footnotes":""},"_links":{"self":[{"href":"https:\/\/www2.ready-os.com\/pl\/wp-json\/wp\/v2\/pages\/8630"}],"collection":[{"href":"https:\/\/www2.ready-os.com\/pl\/wp-json\/wp\/v2\/pages"}],"about":[{"href":"https:\/\/www2.ready-os.com\/pl\/wp-json\/wp\/v2\/types\/page"}],"author":[{"embeddable":true,"href":"https:\/\/www2.ready-os.com\/pl\/wp-json\/wp\/v2\/users\/2"}],"replies":[{"embeddable":true,"href":"https:\/\/www2.ready-os.com\/pl\/wp-json\/wp\/v2\/comments?post=8630"}],"version-history":[{"count":15,"href":"https:\/\/www2.ready-os.com\/pl\/wp-json\/wp\/v2\/pages\/8630\/revisions"}],"predecessor-version":[{"id":15847,"href":"https:\/\/www2.ready-os.com\/pl\/wp-json\/wp\/v2\/pages\/8630\/revisions\/15847"}],"wp:attachment":[{"href":"https:\/\/www2.ready-os.com\/pl\/wp-json\/wp\/v2\/media?parent=8630"}],"curies":[{"name":"wp","href":"https:\/\/api.w.org\/{rel}","templated":true}]}}