{"id":8628,"date":"2021-12-15T21:29:13","date_gmt":"2021-12-15T20:29:13","guid":{"rendered":"https:\/\/ready-os.com\/?page_id=8628"},"modified":"2023-01-17T14:39:31","modified_gmt":"2023-01-17T13:39:31","slug":"wnioski-urlopowe","status":"publish","type":"page","link":"https:\/\/www2.ready-os.com\/pl\/wnioski-urlopowe\/","title":{"rendered":"Elektroniczne wnioski urlopowe"},"content":{"rendered":"\n<div style=\"height:50px\" aria-hidden=\"true\" class=\"wp-block-spacer\"><\/div>\n\n\n\n<div class=\"wp-block-columns is-layout-flex wp-container-core-columns-layout-2 wp-block-columns-is-layout-flex\">\n<div class=\"wp-block-column is-layout-flow wp-block-column-is-layout-flow\" style=\"flex-basis:100%\">\n<div class=\"wp-block-columns is-layout-flex wp-container-core-columns-layout-1 wp-block-columns-is-layout-flex\">\n<div class=\"wp-block-column is-layout-flow wp-block-column-is-layout-flow\" style=\"flex-basis:47%\">\n<figure class=\"wp-block-image size-large\"><img decoding=\"async\" src=\"https:\/\/ready-os.com\/wp-content\/uploads\/2019\/10\/elektroniczne-wnioski-urlopowe.png\" alt=\"\"\/><\/figure>\n<\/div>\n\n\n\n<div class=\"wp-block-column is-layout-flow wp-block-column-is-layout-flow\" style=\"flex-basis:8%\"><\/div>\n\n\n\n<div class=\"wp-block-column is-layout-flow wp-block-column-is-layout-flow\">\n<h3 class=\"wp-block-heading\" id=\"h-szybki-i-elektroniczny-obieg-wnioskow-urlopowych\">Szybki i elektroniczny obieg wniosk\u00f3w urlopowych<\/h3>\n\n\n\n<div style=\"height:19px\" aria-hidden=\"true\" class=\"wp-block-spacer\"><\/div>\n\n\n\n<h6 class=\"wp-block-heading\" id=\"h-ready-urlopy-to-kompletna-i-wygodna-aplikacja-do-obiegu-wnioskow-urlopowych-zgodna-ze-wszystkimi-wymaganiami-prawnymi\">Ready_\u2122 Urlopy to kompletna i wygodna aplikacja do obiegu wniosk\u00f3w urlopowych zgodna ze wszystkimi wymaganiami prawnymi.<\/h6>\n\n\n\n<p><\/p>\n\n\n\n<ul><li>Obs\u0142uga wszystkich rodzaj\u00f3w urlop\u00f3w (wypoczynkowych, okoliczno\u015bciowych, na \u017c\u0105danie, na opiek\u0119 i innych).<\/li><li>R\u00f3\u017cne wersje rozlicze\u0144 (dzienne i godzinowe).<\/li><li>Obs\u0142uga anulowania wniosku urlopowego z uwzgl\u0119dnieniem przepis\u00f3w.&nbsp;<\/li><\/ul>\n<\/div>\n\n\n\n<div class=\"wp-block-column is-layout-flow wp-block-column-is-layout-flow\" style=\"flex-basis:5%\"><\/div>\n<\/div>\n<\/div>\n<\/div>\n\n\n\n<div style=\"height:60px\" aria-hidden=\"true\" class=\"wp-block-spacer\"><\/div>\n\n\n\n<div class=\"wp-block-columns is-layout-flex wp-container-core-columns-layout-4 wp-block-columns-is-layout-flex\">\n<div class=\"wp-block-column reverse-mobile is-layout-flow wp-block-column-is-layout-flow\" style=\"flex-basis:100%\">\n<div class=\"wp-block-columns is-layout-flex wp-container-core-columns-layout-3 wp-block-columns-is-layout-flex\">\n<div class=\"wp-block-column is-layout-flow wp-block-column-is-layout-flow\" style=\"flex-basis:5%\"><\/div>\n\n\n\n<div class=\"wp-block-column is-layout-flow wp-block-column-is-layout-flow\">\n<h3 class=\"wp-block-heading\" id=\"h-automatyczna-kontrola-poprawnosci-wniosku-urlopowego\">Automatyczna kontrola poprawno\u015bci wniosku urlopowego<\/h3>\n\n\n\n<div style=\"height:19px\" aria-hidden=\"true\" class=\"wp-block-spacer\"><\/div>\n\n\n\n<h6 class=\"wp-block-heading\" id=\"h-system-weryfikuje-poprawnosc-uzupelnionych-danych-dzieki-czemu-tylko-poprawnie-wypelnione-wnioski-trafiaja-do-obiegu\">System weryfikuje poprawno\u015b\u0107 uzupe\u0142nionych danych, dzi\u0119ki czemu tylko poprawnie wype\u0142nione wnioski trafiaj\u0105 do obiegu.<\/h6>\n\n\n\n<p><\/p>\n\n\n\n<ul><li>Weryfikacja dost\u0119pno\u015bci urlopu dla ka\u017cdego typu.<\/li><li>Sprawdzanie poprawno\u015bci wype\u0142nionych dat.<\/li><li>Opcja obs\u0142ugi wniosk\u00f3w urlopowych rozliczanych godzinowo<\/li><\/ul>\n<\/div>\n\n\n\n<div class=\"wp-block-column is-layout-flow wp-block-column-is-layout-flow\" style=\"flex-basis:8%\"><\/div>\n\n\n\n<div class=\"wp-block-column is-layout-flow wp-block-column-is-layout-flow\" style=\"flex-basis:47%\">\n<figure class=\"wp-block-image size-large\"><img decoding=\"async\" src=\"https:\/\/ready-os.com\/wp-content\/uploads\/2019\/10\/elektroniczne-wnioski-urlopowe-kontrola.png\" alt=\"\"\/><\/figure>\n<\/div>\n<\/div>\n<\/div>\n<\/div>\n\n\n\n<div style=\"height:60px\" aria-hidden=\"true\" class=\"wp-block-spacer\"><\/div>\n\n\n\n<div class=\"wp-block-columns is-layout-flex wp-container-core-columns-layout-6 wp-block-columns-is-layout-flex\">\n<div class=\"wp-block-column is-layout-flow wp-block-column-is-layout-flow\" style=\"flex-basis:100%\">\n<div class=\"wp-block-columns is-layout-flex wp-container-core-columns-layout-5 wp-block-columns-is-layout-flex\">\n<div class=\"wp-block-column is-layout-flow wp-block-column-is-layout-flow\" style=\"flex-basis:47%\">\n<figure class=\"wp-block-image size-large\"><img decoding=\"async\" src=\"https:\/\/ready-os.com\/wp-content\/uploads\/2019\/10\/elektroniczne-wnioski-urlopowe-przeglad-nieobecnosci.png\" alt=\"\"\/><\/figure>\n<\/div>\n\n\n\n<div class=\"wp-block-column is-layout-flow wp-block-column-is-layout-flow\" style=\"flex-basis:8%\"><\/div>\n\n\n\n<div class=\"wp-block-column is-layout-flow wp-block-column-is-layout-flow\">\n<h3 class=\"wp-block-heading\" id=\"h-przeglad-nieobecnosci\">Przegl\u0105d nieobecno\u015bci<\/h3>\n\n\n\n<div style=\"height:19px\" aria-hidden=\"true\" class=\"wp-block-spacer\"><\/div>\n\n\n\n<h6 class=\"wp-block-heading\" id=\"h-graficzny-raport-bedacy-elektroniczna-kartoteka-urlopow-pokazuje-kto-w-danym-okresie-jest-nieobecny-wspomaga-proces-planowania-i-udzielania-urlopow\">Graficzny raport b\u0119d\u0105cy elektroniczn\u0105 kartotek\u0105 urlop\u00f3w &#8211; pokazuje, kto w danym okresie jest nieobecny wspomaga proces planowania i udzielania urlop\u00f3w.<\/h6>\n\n\n\n<p><\/p>\n\n\n\n<ul><li>Wygodny widok w postaci siatki.<\/li><li>Dost\u0119p regulowany uprawnieniami do dzia\u0142\u00f3w.<\/li><li>Mo\u017cliwo\u015b\u0107 oznaczenia r\u00f3\u017cnych typ\u00f3w nieobecno\u015bci.<\/li><\/ul>\n<\/div>\n\n\n\n<div class=\"wp-block-column is-layout-flow wp-block-column-is-layout-flow\" style=\"flex-basis:5%\"><\/div>\n<\/div>\n<\/div>\n<\/div>\n\n\n\n<div style=\"height:60px\" aria-hidden=\"true\" class=\"wp-block-spacer\"><\/div>\n\n\n\n<div class=\"wp-block-columns reverse-mobile is-layout-flex wp-container-core-columns-layout-8 wp-block-columns-is-layout-flex\">\n<div class=\"wp-block-column is-layout-flow wp-block-column-is-layout-flow\" style=\"flex-basis:100%\">\n<div class=\"wp-block-columns is-layout-flex wp-container-core-columns-layout-7 wp-block-columns-is-layout-flex\">\n<div class=\"wp-block-column is-layout-flow wp-block-column-is-layout-flow\" style=\"flex-basis:5%\"><\/div>\n\n\n\n<div class=\"wp-block-column is-layout-flow wp-block-column-is-layout-flow\">\n<h3 class=\"wp-block-heading\" id=\"h-wielostopniowy-schemat-akceptacji-wnioskow-urlopowych\">Wielostopniowy schemat akceptacji wniosk\u00f3w urlopowych<\/h3>\n\n\n\n<h6 class=\"wp-block-heading\" id=\"h-przelozony-automatycznie-otrzyma-wniosek-o-urlop-do-akceptacji-a-pracownik-zostanie-powiadomiony-o-jego-statusie\">Prze\u0142o\u017cony automatycznie otrzyma wniosek o urlop do akceptacji, a pracownik zostanie powiadomiony o jego statusie.<\/h6>\n\n\n\n<p><\/p>\n\n\n\n<ul><li>Wielostopniowa konfigurowalna mapa akceptacji.<\/li><li>Zmiany osobowe nie wymagaj\u0105 ingerencji w schemat procesu.<\/li><li>Obs\u0142uga zast\u0119pstw.<\/li><\/ul>\n<\/div>\n\n\n\n<div class=\"wp-block-column is-layout-flow wp-block-column-is-layout-flow\" style=\"flex-basis:8%\"><\/div>\n\n\n\n<div class=\"wp-block-column is-layout-flow wp-block-column-is-layout-flow\" style=\"flex-basis:47%\">\n<figure class=\"wp-block-image size-large\"><img decoding=\"async\" src=\"https:\/\/ready-os.com\/wp-content\/uploads\/2019\/10\/elektroniczne-wnioski-urlopowe-powiadomienia.png\" alt=\"\"\/><\/figure>\n<\/div>\n<\/div>\n<\/div>\n<\/div>\n\n\n\n<div style=\"height:60px\" aria-hidden=\"true\" class=\"wp-block-spacer\"><\/div>\n\n\n\n<div class=\"wp-block-columns is-layout-flex wp-container-core-columns-layout-10 wp-block-columns-is-layout-flex\">\n<div class=\"wp-block-column is-layout-flow wp-block-column-is-layout-flow\" style=\"flex-basis:100%\">\n<div class=\"wp-block-columns is-layout-flex wp-container-core-columns-layout-9 wp-block-columns-is-layout-flex\">\n<div class=\"wp-block-column is-layout-flow wp-block-column-is-layout-flow\" style=\"flex-basis:47%\">\n<figure class=\"wp-block-image size-large\"><img decoding=\"async\" src=\"https:\/\/ready-os.com\/wp-content\/uploads\/2019\/10\/elektroniczne-wnioski-urlopowe-zarzadzanie.png\" alt=\"\"\/><\/figure>\n<\/div>\n\n\n\n<div class=\"wp-block-column is-layout-flow wp-block-column-is-layout-flow\" style=\"flex-basis:8%\"><\/div>\n\n\n\n<div class=\"wp-block-column is-layout-flow wp-block-column-is-layout-flow\">\n<h3 class=\"wp-block-heading\" id=\"h-latwe-zarzadzanie-i-nadzor-nad-procesem-obiegu-dokumentow\">\u0141atwe zarz\u0105dzanie i nadz\u00f3r nad procesem obiegu dokument\u00f3w<\/h3>\n\n\n\n<div style=\"height:19px\" aria-hidden=\"true\" class=\"wp-block-spacer\"><\/div>\n\n\n\n<h6 class=\"wp-block-heading\" id=\"h-dla-dzialu-personalnego-dostepny-jest-panel-zarzadzania-urlopami-ze-wszystkimi-informacjami-dotyczacymi-urlopow\">Dla dzia\u0142u personalnego dost\u0119pny jest panel zarz\u0105dzania urlopami ze wszystkimi informacjami dotycz\u0105cymi urlop\u00f3w.<\/h6>\n\n\n\n<p><\/p>\n\n\n\n<ul><li>Zarz\u0105dzanie danymi kadrowymi (okres zatrudnienia, wymiar etatu, limity urlop\u00f3w, dane dziecka).<\/li><li>Przegl\u0105d stanu wykorzystania urlop\u00f3w.<\/li><li>Przegl\u0105d i dost\u0119p do wniosk\u00f3w urlopowych znajduj\u0105cych si\u0119 w obiegu.<\/li><\/ul>\n<\/div>\n\n\n\n<div class=\"wp-block-column is-layout-flow wp-block-column-is-layout-flow\" style=\"flex-basis:5%\"><\/div>\n<\/div>\n<\/div>\n<\/div>\n\n\n\n<div style=\"height:60px\" aria-hidden=\"true\" class=\"wp-block-spacer\"><\/div>\n\n\n\n<div class=\"wp-block-columns is-layout-flex wp-container-core-columns-layout-12 wp-block-columns-is-layout-flex\">\n<div class=\"wp-block-column reverse-mobile is-layout-flow wp-block-column-is-layout-flow\" style=\"flex-basis:100%\">\n<div class=\"wp-block-columns is-layout-flex wp-container-core-columns-layout-11 wp-block-columns-is-layout-flex\">\n<div class=\"wp-block-column is-layout-flow wp-block-column-is-layout-flow\" style=\"flex-basis:5%\"><\/div>\n\n\n\n<div class=\"wp-block-column is-layout-flow wp-block-column-is-layout-flow\">\n<h3 class=\"wp-block-heading\" id=\"h-integracja-z-twoim-systemem-kadrowym\">Integracja z Twoim systemem kadrowym<\/h3>\n\n\n\n<div style=\"height:19px\" aria-hidden=\"true\" class=\"wp-block-spacer\"><\/div>\n\n\n\n<h6 class=\"wp-block-heading\" id=\"h-wieloletnie-doswiadczenie-we-wdrozeniach-procesu-obiegu-wnioskow-urlopowych-pozwala-na-sprawna-integracje-z-systemem-kadrowym\">Wieloletnie do\u015bwiadczenie we wdro\u017ceniach procesu obiegu wniosk\u00f3w urlopowych pozwala na sprawn\u0105 integracj\u0119 z systemem kadrowym.<\/h6>\n\n\n\n<p><\/p>\n\n\n\n<ul><li>Przygotowane wcze\u015bniej szablony integracji.<\/li><li>Wzory s\u0142ownik\u00f3w.<\/li><li>Import i eksport Excel.<\/li><li>REST API.<\/li><\/ul>\n<\/div>\n\n\n\n<div class=\"wp-block-column is-layout-flow wp-block-column-is-layout-flow\" style=\"flex-basis:8%\"><\/div>\n\n\n\n<div class=\"wp-block-column is-layout-flow wp-block-column-is-layout-flow\" style=\"flex-basis:47%\">\n<figure class=\"wp-block-image size-large no-shadow\"><img decoding=\"async\" src=\"https:\/\/ready-os.com\/wp-content\/uploads\/2019\/09\/Ready_procesy.png\" alt=\"\"\/><\/figure>\n<\/div>\n<\/div>\n<\/div>\n<\/div>\n","protected":false},"excerpt":{"rendered":"<p>Szybki i elektroniczny obieg wniosk\u00f3w urlopowych Ready_\u2122 Urlopy to kompletna i wygodna aplikacja do obiegu wniosk\u00f3w urlopowych zgodna ze wszystkimi wymaganiami prawnymi. Obs\u0142uga wszystkich rodzaj\u00f3w urlop\u00f3w (wypoczynkowych, okoliczno\u015bciowych, na \u017c\u0105danie, na opiek\u0119 i innych). R\u00f3\u017cne wersje rozlicze\u0144 (dzienne i godzinowe). Obs\u0142uga anulowania wniosku urlopowego z uwzgl\u0119dnieniem przepis\u00f3w.&nbsp; Automatyczna kontrola poprawno\u015bci wniosku urlopowego System weryfikuje poprawno\u015b\u0107 [&hellip;]<\/p>\n","protected":false},"author":2,"featured_media":0,"parent":0,"menu_order":0,"comment_status":"closed","ping_status":"closed","template":"template-parts\/page-app-5.php","meta":{"footnotes":""},"_links":{"self":[{"href":"https:\/\/www2.ready-os.com\/pl\/wp-json\/wp\/v2\/pages\/8628"}],"collection":[{"href":"https:\/\/www2.ready-os.com\/pl\/wp-json\/wp\/v2\/pages"}],"about":[{"href":"https:\/\/www2.ready-os.com\/pl\/wp-json\/wp\/v2\/types\/page"}],"author":[{"embeddable":true,"href":"https:\/\/www2.ready-os.com\/pl\/wp-json\/wp\/v2\/users\/2"}],"replies":[{"embeddable":true,"href":"https:\/\/www2.ready-os.com\/pl\/wp-json\/wp\/v2\/comments?post=8628"}],"version-history":[{"count":16,"href":"https:\/\/www2.ready-os.com\/pl\/wp-json\/wp\/v2\/pages\/8628\/revisions"}],"predecessor-version":[{"id":12002,"href":"https:\/\/www2.ready-os.com\/pl\/wp-json\/wp\/v2\/pages\/8628\/revisions\/12002"}],"wp:attachment":[{"href":"https:\/\/www2.ready-os.com\/pl\/wp-json\/wp\/v2\/media?parent=8628"}],"curies":[{"name":"wp","href":"https:\/\/api.w.org\/{rel}","templated":true}]}}