{"id":8626,"date":"2021-12-15T21:28:48","date_gmt":"2021-12-15T20:28:48","guid":{"rendered":"https:\/\/ready-os.com\/?page_id=8626"},"modified":"2023-01-17T14:42:13","modified_gmt":"2023-01-17T13:42:13","slug":"umowy","status":"publish","type":"page","link":"https:\/\/www2.ready-os.com\/pl\/umowy\/","title":{"rendered":"Umowy"},"content":{"rendered":"<p><!-- blok text po lewej pocz\u0105tek--><\/p>\n\n\n<div style=\"height:60px\" aria-hidden=\"true\" class=\"wp-block-spacer\"><\/div>\n\n\n\n<div class=\"wp-block-columns is-layout-flex wp-container-core-columns-layout-2 wp-block-columns-is-layout-flex\">\n<div class=\"wp-block-column reverse-mobile is-layout-flow wp-block-column-is-layout-flow\" style=\"flex-basis:100%\">\n<div class=\"wp-block-columns is-layout-flex wp-container-core-columns-layout-1 wp-block-columns-is-layout-flex\">\n<div class=\"wp-block-column is-layout-flow wp-block-column-is-layout-flow\" style=\"flex-basis:5%\"><\/div>\n\n\n\n<div class=\"wp-block-column is-layout-flow wp-block-column-is-layout-flow\">\n<h3 class=\"wp-block-heading\" id=\"h-elektroniczne-podpisywanie-dokumentow\">Elektroniczne podpisywanie dokument\u00f3w <\/h3>\n\n\n\n<div style=\"height:19px\" aria-hidden=\"true\" class=\"wp-block-spacer\"><\/div>\n\n\n\n<h6 class=\"wp-block-heading\" id=\"h-wbudowany-podpis-elektroniczny-ulatwia-wygodnie-zawieranie-umow\">Wbudowany podpis elektroniczny u\u0142atwia wygodnie zawieranie um\u00f3w <\/h6>\n\n\n\n<p><\/p>\n\n\n\n<ul><li>Obs\u0142uga podpis\u00f3w wielu dostawc\u00f3w: KIR Szafir, Certum i innych.<\/li><li>Weryfikacja poprawno\u015bci z\u0142o\u017conych podpis\u00f3w elektronicznych. <\/li><li>Podpisywanie dokument\u00f3w i archiwizacja w jednym systemie. <\/li><\/ul>\n\n\n\n<div class=\"wp-block-buttons is-layout-flex wp-block-buttons-is-layout-flex\"><\/div>\n<\/div>\n\n\n\n<div class=\"wp-block-column is-layout-flow wp-block-column-is-layout-flow\" style=\"flex-basis:8%\"><\/div>\n\n\n\n<div class=\"wp-block-column is-layout-flow wp-block-column-is-layout-flow\" style=\"flex-basis:47%\">\n<figure class=\"wp-block-image size-large\"><img loading=\"lazy\" decoding=\"async\" width=\"1024\" height=\"533\" src=\"https:\/\/ready-os.com\/wp-content\/uploads\/2022\/01\/podpisywanie-dokumentow-elektronicznie-1024x533.png\" alt=\"\" class=\"wp-image-8963\" srcset=\"https:\/\/www2.ready-os.com\/wp-content\/uploads\/2022\/01\/podpisywanie-dokumentow-elektronicznie-1024x533.png 1024w, https:\/\/www2.ready-os.com\/wp-content\/uploads\/2022\/01\/podpisywanie-dokumentow-elektronicznie-300x156.png 300w, https:\/\/www2.ready-os.com\/wp-content\/uploads\/2022\/01\/podpisywanie-dokumentow-elektronicznie-768x400.png 768w, https:\/\/www2.ready-os.com\/wp-content\/uploads\/2022\/01\/podpisywanie-dokumentow-elektronicznie-1536x800.png 1536w, https:\/\/www2.ready-os.com\/wp-content\/uploads\/2022\/01\/podpisywanie-dokumentow-elektronicznie.png 1655w\" sizes=\"(max-width: 1024px) 100vw, 1024px\" \/><\/figure>\n<\/div>\n<\/div>\n<\/div>\n<\/div>\n\n\n\n<div style=\"height:50px\" aria-hidden=\"true\" class=\"wp-block-spacer\"><\/div>\n\n\n\n<div class=\"wp-block-columns is-layout-flex wp-container-core-columns-layout-4 wp-block-columns-is-layout-flex\">\n<div class=\"wp-block-column is-layout-flow wp-block-column-is-layout-flow\" style=\"flex-basis:100%\">\n<div class=\"wp-block-columns is-layout-flex wp-container-core-columns-layout-3 wp-block-columns-is-layout-flex\">\n<div class=\"wp-block-column is-layout-flow wp-block-column-is-layout-flow\" style=\"flex-basis:47%\">\n<figure class=\"wp-block-image size-large\"><img decoding=\"async\" src=\"https:\/\/ready-os.com\/wp-content\/uploads\/2019\/10\/elektroniczne-archiwum-umow.png\" alt=\"\"\/><\/figure>\n<\/div>\n\n\n\n<div class=\"wp-block-column is-layout-flow wp-block-column-is-layout-flow\" style=\"flex-basis:8%\"><\/div>\n\n\n\n<div class=\"wp-block-column is-layout-flow wp-block-column-is-layout-flow\">\n<h3 class=\"wp-block-heading\" id=\"h-elektroniczny-rejestr-umow\">Elektroniczny rejestr um\u00f3w<\/h3>\n\n\n\n<div style=\"height:19px\" aria-hidden=\"true\" class=\"wp-block-spacer\"><\/div>\n\n\n\n<h6 class=\"wp-block-heading\" id=\"h-baza-umow-wspierajaca-ewidencje-najwazniejszych-informacji-z-tresci-umow-i-aneksow\">Baza um\u00f3w wspieraj\u0105ca ewidencj\u0119 najwa\u017cniejszych informacji z&nbsp; tre\u015bci um\u00f3w<br>\ni aneks\u00f3w.<\/h6>\n\n\n\n<p><\/p>\n\n\n\n<ul><li>Wygodny i intuicyjny dost\u0119p do wszystkich zawartych um\u00f3w i aneks\u00f3w. Niezale\u017cnie od tego czy zosta\u0142y zawarte tradycyjnie, czy podpisane elektronicznie.<\/li><li>\u0141atwo identyfikowalne terminy obowi\u0105zywania umowy.<\/li><li>Wygodne w obs\u0142udze drzewko kategorii um\u00f3w.<\/li><\/ul>\n\n\n\n<div class=\"wp-block-buttons is-layout-flex wp-block-buttons-is-layout-flex\"><\/div>\n<\/div>\n\n\n\n<div class=\"wp-block-column is-layout-flow wp-block-column-is-layout-flow\" style=\"flex-basis:5%\"><\/div>\n<\/div>\n<\/div>\n<\/div>\n\n\n\n<div style=\"height:60px\" aria-hidden=\"true\" class=\"wp-block-spacer\"><\/div>\n\n\n\n<div class=\"wp-block-columns is-layout-flex wp-container-core-columns-layout-6 wp-block-columns-is-layout-flex\">\n<div class=\"wp-block-column reverse-mobile is-layout-flow wp-block-column-is-layout-flow\" style=\"flex-basis:100%\">\n<div class=\"wp-block-columns is-layout-flex wp-container-core-columns-layout-5 wp-block-columns-is-layout-flex\">\n<div class=\"wp-block-column is-layout-flow wp-block-column-is-layout-flow\" style=\"flex-basis:5%\"><\/div>\n\n\n\n<div class=\"wp-block-column is-layout-flow wp-block-column-is-layout-flow\">\n<h3 class=\"wp-block-heading\" id=\"h-generowanie-tresci-umow-z-szablonow\">Generowanie tre\u015bci um\u00f3w z szablon\u00f3w<\/h3>\n\n\n\n<div style=\"height:19px\" aria-hidden=\"true\" class=\"wp-block-spacer\"><\/div>\n\n\n\n<h6 class=\"wp-block-heading\" id=\"h-dokumenty-zawierane-na-powtarzalnym-wzorze-moga-zostac-przygotowane-w-ciagu-kilku-sekund-na-podstawie-wczesniej-przygotowanych-szablonow\">Dokumenty zawierane na powtarzalnym wzorze, mog\u0105 zosta\u0107 przygotowane w ci\u0105gu kilku sekund, na podstawie wcze\u015bniej przygotowanych szablon\u00f3w.<\/h6>\n\n\n\n<p><\/p>\n\n\n\n<ul><li>Obs\u0142uga szablon\u00f3w um\u00f3w w formacie .docx.<\/li><li>Edycja tre\u015bci wygenerowanej umowy mo\u017cliwa jest bezpo\u015brednio z systemu.<\/li><li>System przechowuje wszystkie wersje dokument\u00f3w. Mo\u017cesz do nich wr\u00f3ci\u0107 w razie potrzeby.<\/li><\/ul>\n\n\n\n<div class=\"wp-block-buttons is-layout-flex wp-block-buttons-is-layout-flex\"><\/div>\n<\/div>\n\n\n\n<div class=\"wp-block-column is-layout-flow wp-block-column-is-layout-flow\" style=\"flex-basis:8%\"><\/div>\n\n\n\n<div class=\"wp-block-column is-layout-flow wp-block-column-is-layout-flow\" style=\"flex-basis:47%\">\n<figure class=\"wp-block-image size-large\"><img decoding=\"async\" src=\"https:\/\/ready-os.com\/wp-content\/uploads\/2019\/10\/archiwizacja-umow-generowanie.png\" alt=\"\"\/><\/figure>\n<\/div>\n<\/div>\n<\/div>\n<\/div>\n\n\n\n<div style=\"height:60px\" aria-hidden=\"true\" class=\"wp-block-spacer\"><\/div>\n\n\n\n<div class=\"wp-block-columns is-layout-flex wp-container-core-columns-layout-8 wp-block-columns-is-layout-flex\">\n<div class=\"wp-block-column is-layout-flow wp-block-column-is-layout-flow\" style=\"flex-basis:100%\">\n<div class=\"wp-block-columns is-layout-flex wp-container-core-columns-layout-7 wp-block-columns-is-layout-flex\">\n<div class=\"wp-block-column is-layout-flow wp-block-column-is-layout-flow\" style=\"flex-basis:47%\">\n<figure class=\"wp-block-image size-large\"><img decoding=\"async\" src=\"https:\/\/ready-os.com\/wp-content\/uploads\/2019\/10\/podpisywanie-umow-rozliczanie.png\" alt=\"\"\/><\/figure>\n<\/div>\n\n\n\n<div class=\"wp-block-column is-layout-flow wp-block-column-is-layout-flow\" style=\"flex-basis:8%\"><\/div>\n\n\n\n<div class=\"wp-block-column is-layout-flow wp-block-column-is-layout-flow\">\n<h3 class=\"wp-block-heading\" id=\"h-rozliczanie-umow\">Rozliczanie um\u00f3w<\/h3>\n\n\n\n<div style=\"height:19px\" aria-hidden=\"true\" class=\"wp-block-spacer\"><\/div>\n\n\n\n<h6 class=\"wp-block-heading\" id=\"h-w-systemie-mozliwe-jest-prowadzenie-rozliczenia-umowy-w-oparciu-o-ewidencje-kosztow-z-faktur-opisywanych-w-systemie-obiegu-dokumentow\">W systemie mo\u017cliwe jest prowadzenie rozliczenia umowy w oparciu o ewidencj\u0119 koszt\u00f3w z faktur opisywanych w systemie obiegu dokument\u00f3w.<\/h6>\n\n\n\n<p><\/p>\n\n\n\n<ul><li>Przypisywanie koszt\u00f3w faktur do um\u00f3w w centralnym rejestrze.<\/li><li>Raport wykonania finansowego umowy.<\/li><li>Obs\u0142uga kaucji i zatrzyma\u0144 gwarancyjnych.<\/li><\/ul>\n\n\n\n<div class=\"wp-block-buttons is-layout-flex wp-block-buttons-is-layout-flex\"><\/div>\n<\/div>\n\n\n\n<div class=\"wp-block-column is-layout-flow wp-block-column-is-layout-flow\" style=\"flex-basis:5%\"><\/div>\n<\/div>\n<\/div>\n<\/div>\n\n\n\n<div style=\"height:60px\" aria-hidden=\"true\" class=\"wp-block-spacer\"><\/div>\n\n\n\n<div class=\"wp-block-columns is-layout-flex wp-container-core-columns-layout-10 wp-block-columns-is-layout-flex\">\n<div class=\"wp-block-column reverse-mobile is-layout-flow wp-block-column-is-layout-flow\" style=\"flex-basis:100%\">\n<div class=\"wp-block-columns is-layout-flex wp-container-core-columns-layout-9 wp-block-columns-is-layout-flex\">\n<div class=\"wp-block-column is-layout-flow wp-block-column-is-layout-flow\" style=\"flex-basis:5%\"><\/div>\n\n\n\n<div class=\"wp-block-column is-layout-flow wp-block-column-is-layout-flow\">\n<h3 class=\"wp-block-heading\" id=\"h-elektroniczny-obieg-dokumentow-opiniowanie-i-akceptacja\">Elektroniczny obieg dokument\u00f3w. Opiniowanie<br>\ni akceptacja<\/h3>\n\n\n\n<div style=\"height:19px\" aria-hidden=\"true\" class=\"wp-block-spacer\"><\/div>\n\n\n\n<h6 class=\"wp-block-heading\" id=\"h-proces-workflow-uporzadkuje-opiniowanie-dokumentow-oraz-zbieranie-wymaganych-akceptacji\">Proces workflow uporz\u0105dkuje opiniowanie dokument\u00f3w oraz zbieranie wymaganych akceptacji.<\/h6>\n\n\n\n<p><\/p>\n\n\n\n<ul><li>Definiowanie obiegu ka\u017cdej umowy poprzez okre\u015blanie dowolnej liczby os\u00f3b opiniuj\u0105cych i akceptant\u00f3w.<\/li><li>Uporz\u0105dkowanie procesu uzgodnie\u0144 z dzia\u0142em prawnym.<\/li><li>\u0141atwy dost\u0119p do historii i szczeg\u00f3\u0142\u00f3w opinii.<\/li><\/ul>\n\n\n\n<div class=\"wp-block-buttons is-layout-flex wp-block-buttons-is-layout-flex\"><\/div>\n<\/div>\n\n\n\n<div class=\"wp-block-column is-layout-flow wp-block-column-is-layout-flow\" style=\"flex-basis:8%\"><\/div>\n\n\n\n<div class=\"wp-block-column is-layout-flow wp-block-column-is-layout-flow\" style=\"flex-basis:47%\">\n<figure class=\"wp-block-image size-full is-resized no-shadow\"><img loading=\"lazy\" decoding=\"async\" src=\"https:\/\/ready-os.com\/wp-content\/uploads\/2021\/11\/rejestr-umow-akceptacja_smartphone.png\" alt=\"\" class=\"wp-image-8219\" width=\"293\" height=\"600\" srcset=\"https:\/\/www2.ready-os.com\/wp-content\/uploads\/2021\/11\/rejestr-umow-akceptacja_smartphone.png 390w, https:\/\/www2.ready-os.com\/wp-content\/uploads\/2021\/11\/rejestr-umow-akceptacja_smartphone-146x300.png 146w\" sizes=\"(max-width: 293px) 100vw, 293px\" \/><\/figure>\n<\/div>\n<\/div>\n<\/div>\n<\/div>\n\n\n\n<div style=\"height:60px\" aria-hidden=\"true\" class=\"wp-block-spacer\"><\/div>\n\n\n\n<div class=\"wp-block-columns is-layout-flex wp-container-core-columns-layout-12 wp-block-columns-is-layout-flex\">\n<div class=\"wp-block-column is-layout-flow wp-block-column-is-layout-flow\" style=\"flex-basis:100%\">\n<div class=\"wp-block-columns is-layout-flex wp-container-core-columns-layout-11 wp-block-columns-is-layout-flex\">\n<div class=\"wp-block-column is-layout-flow wp-block-column-is-layout-flow\" style=\"flex-basis:47%\">\n<figure class=\"wp-block-image size-large\"><img decoding=\"async\" src=\"https:\/\/ready-os.com\/wp-content\/uploads\/2019\/10\/elektroniczne-archiwum-umow-zarzadzanie-uprawnieniami.png\" alt=\"\"\/><\/figure>\n<\/div>\n\n\n\n<div class=\"wp-block-column is-layout-flow wp-block-column-is-layout-flow\" style=\"flex-basis:8%\"><\/div>\n\n\n\n<div class=\"wp-block-column is-layout-flow wp-block-column-is-layout-flow\">\n<h3 class=\"wp-block-heading\" id=\"h-latwe-zarzadzanie-uprawnieniami\">\u0141atwe zarz\u0105dzanie uprawnieniami<\/h3>\n\n\n\n<div style=\"height:19px\" aria-hidden=\"true\" class=\"wp-block-spacer\"><\/div>\n\n\n\n<h6 class=\"wp-block-heading\" id=\"h-dzieki-systemowi-zapanujesz-nad-dostepem-do-roznych-umow-dla-roznych-osob-w-organizacji\">Dzi\u0119ki systemowi zapanujesz nad dost\u0119pem do r\u00f3\u017cnych um\u00f3w dla r\u00f3\u017cnych os\u00f3b w organizacji.<\/h6>\n\n\n\n<p><\/p>\n\n\n\n<ul><li>Uprawnienia do dokumentu mog\u0105 by\u0107 nadawane dla: dzia\u0142\u00f3w, grup oraz indywidualnie.<\/li><li>Grupy pozwalaj\u0105 na zdefiniowanie szablonu uprawnie\u0144 dla poszczeg\u00f3lnych kategorii um\u00f3w.<\/li><li>Dost\u0119p \u201eread only\u201d dla pracownik\u00f3w, kt\u00f3rym nale\u017cy udost\u0119pni\u0107 tre\u015b\u0107 umowy.<\/li><\/ul>\n\n\n\n<div class=\"wp-block-buttons is-layout-flex wp-block-buttons-is-layout-flex\"><\/div>\n<\/div>\n\n\n\n<div class=\"wp-block-column is-layout-flow wp-block-column-is-layout-flow\" style=\"flex-basis:5%\"><\/div>\n<\/div>\n<\/div>\n<\/div>\n\n\n\n<div style=\"height:60px\" aria-hidden=\"true\" class=\"wp-block-spacer\"><\/div>\n\n\n\n<div class=\"wp-block-columns is-layout-flex wp-container-core-columns-layout-14 wp-block-columns-is-layout-flex\">\n<div class=\"wp-block-column reverse-mobile is-layout-flow wp-block-column-is-layout-flow\" style=\"flex-basis:100%\">\n<div class=\"wp-block-columns is-layout-flex wp-container-core-columns-layout-13 wp-block-columns-is-layout-flex\">\n<div class=\"wp-block-column is-layout-flow wp-block-column-is-layout-flow\" style=\"flex-basis:5%\"><\/div>\n\n\n\n<div class=\"wp-block-column is-layout-flow wp-block-column-is-layout-flow\">\n<h3 class=\"wp-block-heading\" id=\"h-zintegrowana-poczta-email\">Zintegrowana poczta email<\/h3>\n\n\n\n<div style=\"height:19px\" aria-hidden=\"true\" class=\"wp-block-spacer\"><\/div>\n\n\n\n<h6 class=\"wp-block-heading\" id=\"h-dzieki-zintegrowanej-w-systemie-poczcie-email-zyskasz-dodatkowe-mozliwosci\">Dzi\u0119ki zintegrowanej w systemie poczcie email zyskasz dodatkowe mo\u017cliwo\u015bci.<\/h6>\n\n\n\n<p><\/p>\n\n\n\n<ul><li>Uzgadnian\u0105 tre\u015b\u0107 umowy wy\u015blesz do kontrahenta mailem. Nie musisz przechodzi\u0107 do Outlook i kopiowa\u0107 za\u0142\u0105cznika.<\/li><li>Umow\u0119 wraz z komentarzami, otrzyman\u0105 od klienta, \u0142atwo do\u0142\u0105czysz jako kolejn\u0105 wersj\u0119.<\/li><li>Zlecisz zadania powi\u0105zane z umow\u0105 bezpo\u015brednio z maila.<\/li><\/ul>\n\n\n\n<div class=\"wp-block-buttons is-layout-flex wp-block-buttons-is-layout-flex\"><\/div>\n<\/div>\n\n\n\n<div class=\"wp-block-column is-layout-flow wp-block-column-is-layout-flow\" style=\"flex-basis:8%\"><\/div>\n\n\n\n<div class=\"wp-block-column is-layout-flow wp-block-column-is-layout-flow\" style=\"flex-basis:47%\">\n<figure class=\"wp-block-image size-large\"><img loading=\"lazy\" decoding=\"async\" width=\"1024\" height=\"640\" src=\"https:\/\/ready-os.com\/wp-content\/uploads\/2022\/02\/elektroniczna-archiwizacja-umow-zintegrowana-poczta-1024x640.png\" alt=\"\" class=\"wp-image-9486\" srcset=\"https:\/\/www2.ready-os.com\/wp-content\/uploads\/2022\/02\/elektroniczna-archiwizacja-umow-zintegrowana-poczta-1024x640.png 1024w, https:\/\/www2.ready-os.com\/wp-content\/uploads\/2022\/02\/elektroniczna-archiwizacja-umow-zintegrowana-poczta-300x188.png 300w, https:\/\/www2.ready-os.com\/wp-content\/uploads\/2022\/02\/elektroniczna-archiwizacja-umow-zintegrowana-poczta-768x480.png 768w, https:\/\/www2.ready-os.com\/wp-content\/uploads\/2022\/02\/elektroniczna-archiwizacja-umow-zintegrowana-poczta-1536x960.png 1536w, https:\/\/www2.ready-os.com\/wp-content\/uploads\/2022\/02\/elektroniczna-archiwizacja-umow-zintegrowana-poczta-2048x1280.png 2048w, https:\/\/www2.ready-os.com\/wp-content\/uploads\/2022\/02\/elektroniczna-archiwizacja-umow-zintegrowana-poczta-195x123.png 195w\" sizes=\"(max-width: 1024px) 100vw, 1024px\" \/><\/figure>\n<\/div>\n<\/div>\n<\/div>\n<\/div>\n","protected":false},"excerpt":{"rendered":"<p>Elektroniczne podpisywanie dokument\u00f3w Wbudowany podpis elektroniczny u\u0142atwia wygodnie zawieranie um\u00f3w Obs\u0142uga podpis\u00f3w wielu dostawc\u00f3w: KIR Szafir, Certum i innych. Weryfikacja poprawno\u015bci z\u0142o\u017conych podpis\u00f3w elektronicznych. Podpisywanie dokument\u00f3w i archiwizacja w jednym systemie. Elektroniczny rejestr um\u00f3w Baza um\u00f3w wspieraj\u0105ca ewidencj\u0119 najwa\u017cniejszych informacji z&nbsp; tre\u015bci um\u00f3w i aneks\u00f3w. Wygodny i intuicyjny dost\u0119p do wszystkich zawartych um\u00f3w i aneks\u00f3w. [&hellip;]<\/p>\n","protected":false},"author":2,"featured_media":0,"parent":0,"menu_order":0,"comment_status":"closed","ping_status":"closed","template":"template-parts\/page-app-3.php","meta":{"footnotes":""},"_links":{"self":[{"href":"https:\/\/www2.ready-os.com\/pl\/wp-json\/wp\/v2\/pages\/8626"}],"collection":[{"href":"https:\/\/www2.ready-os.com\/pl\/wp-json\/wp\/v2\/pages"}],"about":[{"href":"https:\/\/www2.ready-os.com\/pl\/wp-json\/wp\/v2\/types\/page"}],"author":[{"embeddable":true,"href":"https:\/\/www2.ready-os.com\/pl\/wp-json\/wp\/v2\/users\/2"}],"replies":[{"embeddable":true,"href":"https:\/\/www2.ready-os.com\/pl\/wp-json\/wp\/v2\/comments?post=8626"}],"version-history":[{"count":28,"href":"https:\/\/www2.ready-os.com\/pl\/wp-json\/wp\/v2\/pages\/8626\/revisions"}],"predecessor-version":[{"id":12785,"href":"https:\/\/www2.ready-os.com\/pl\/wp-json\/wp\/v2\/pages\/8626\/revisions\/12785"}],"wp:attachment":[{"href":"https:\/\/www2.ready-os.com\/pl\/wp-json\/wp\/v2\/media?parent=8626"}],"curies":[{"name":"wp","href":"https:\/\/api.w.org\/{rel}","templated":true}]}}