{"id":8620,"date":"2021-12-15T21:27:07","date_gmt":"2021-12-15T20:27:07","guid":{"rendered":"https:\/\/ready-os.com\/?page_id=8620"},"modified":"2023-02-15T13:43:19","modified_gmt":"2023-02-15T12:43:19","slug":"pipeline-crm","status":"publish","type":"page","link":"https:\/\/www2.ready-os.com\/pl\/pipeline-crm\/","title":{"rendered":"Pipeline CRM"},"content":{"rendered":"\n<div style=\"height:50px\" aria-hidden=\"true\" class=\"wp-block-spacer\"><\/div>\n\n\n\n<div class=\"wp-block-columns is-layout-flex wp-container-core-columns-layout-2 wp-block-columns-is-layout-flex\">\n<div class=\"wp-block-column is-layout-flow wp-block-column-is-layout-flow\" style=\"flex-basis:100%\">\n<div class=\"wp-block-columns is-layout-flex wp-container-core-columns-layout-1 wp-block-columns-is-layout-flex\">\n<div class=\"wp-block-column is-layout-flow wp-block-column-is-layout-flow\" style=\"flex-basis:47%\">\n<figure class=\"wp-block-image size-large\"><img decoding=\"async\" src=\"https:\/\/ready-os.com\/wp-content\/uploads\/2019\/09\/pipeline-crm.png\" alt=\"\"\/><\/figure>\n<\/div>\n\n\n\n<div class=\"wp-block-column is-layout-flow wp-block-column-is-layout-flow\" style=\"flex-basis:8%\"><\/div>\n\n\n\n<div class=\"wp-block-column is-layout-flow wp-block-column-is-layout-flow\">\n<h3 class=\"wp-block-heading\" id=\"h-zarzadzaj-wizualnie-sprzedaza\">Zarz\u0105dzaj wizualnie sprzeda\u017c\u0105<\/h3>\n\n\n\n<div style=\"height:19px\" aria-hidden=\"true\" class=\"wp-block-spacer\"><\/div>\n\n\n\n<h6 class=\"wp-block-heading\" id=\"h-dzieki-widokowi-pipeline-mozesz-zobaczyc-wszystkie-szanse-sprzedazy-w-jednym-miejscu\">Dzi\u0119ki widokowi \u201ePipeline\u201d mo\u017cesz zobaczy\u0107 wszystkie szanse sprzeda\u017cy w jednym miejscu!<\/h6>\n\n\n\n<p><\/p>\n\n\n\n<ul><li>Widzisz potencjaln\u0105 sprzeda\u017c w podziale na fazy.<\/li><li>\u0141atwo zaplanujesz sprzeda\u017c na bie\u017c\u0105cy miesi\u0105c.<\/li><li>Wiesz czym zajmuje si\u0119 ka\u017cdy z handlowc\u00f3w.<\/li><\/ul>\n\n\n\n<div class=\"wp-block-buttons is-layout-flex wp-block-buttons-is-layout-flex\"><\/div>\n<\/div>\n\n\n\n<div class=\"wp-block-column is-layout-flow wp-block-column-is-layout-flow\" style=\"flex-basis:5%\"><\/div>\n<\/div>\n<\/div>\n<\/div>\n\n\n\n<div style=\"height:60px\" aria-hidden=\"true\" class=\"wp-block-spacer\"><\/div>\n\n\n\n<div class=\"wp-block-columns is-layout-flex wp-container-core-columns-layout-4 wp-block-columns-is-layout-flex\">\n<div class=\"wp-block-column reverse-mobile is-layout-flow wp-block-column-is-layout-flow\" style=\"flex-basis:100%\">\n<div class=\"wp-block-columns is-layout-flex wp-container-core-columns-layout-3 wp-block-columns-is-layout-flex\">\n<div class=\"wp-block-column is-layout-flow wp-block-column-is-layout-flow\" style=\"flex-basis:5%\"><\/div>\n\n\n\n<div class=\"wp-block-column is-layout-flow wp-block-column-is-layout-flow\">\n<h3 class=\"wp-block-heading\" id=\"h-historia-wspolpracyz-klientem\">Historia wsp\u00f3\u0142pracy<br>z klientem<\/h3>\n\n\n\n<div style=\"height:19px\" aria-hidden=\"true\" class=\"wp-block-spacer\"><\/div>\n\n\n\n<h6 class=\"wp-block-heading\" id=\"h-kartoteka-klienta-automatycznie-gromadzi-wszystkie-tworzone-i-otrzymywane-przez-pracownikow-informacje-powiazane-z-klientem\">Kartoteka klienta automatycznie gromadzi wszystkie tworzone i otrzymywane przez pracownik\u00f3w informacje powi\u0105zane z klientem.<\/h6>\n\n\n\n<p><\/p>\n\n\n\n<ul><li>Emaile, oferty, zam\u00f3wienia, faktury, umowy.<\/li><li>Zaplanowane i zrealizowane dzia\u0142ania handlowe (spotkania, rozmowy, terminy).<\/li><li>Konfigurowalne pola dodatkowe, za pomoc\u0105 kt\u00f3rych oznaczysz swoich klient\u00f3w.<\/li><\/ul>\n\n\n\n<div class=\"wp-block-buttons is-layout-flex wp-block-buttons-is-layout-flex\"><\/div>\n<\/div>\n\n\n\n<div class=\"wp-block-column is-layout-flow wp-block-column-is-layout-flow\" style=\"flex-basis:8%\"><\/div>\n\n\n\n<div class=\"wp-block-column is-layout-flow wp-block-column-is-layout-flow\" style=\"flex-basis:47%\">\n<figure class=\"wp-block-image size-large\"><img decoding=\"async\" src=\"https:\/\/ready-os.com\/wp-content\/uploads\/2019\/10\/pipeline-crm-kartoteka-klienta.png\" alt=\"\"\/><\/figure>\n<\/div>\n<\/div>\n<\/div>\n<\/div>\n\n\n\n<div style=\"height:60px\" aria-hidden=\"true\" class=\"wp-block-spacer\"><\/div>\n\n\n\n<div class=\"wp-block-columns is-layout-flex wp-container-core-columns-layout-6 wp-block-columns-is-layout-flex\">\n<div class=\"wp-block-column is-layout-flow wp-block-column-is-layout-flow\" style=\"flex-basis:100%\">\n<div class=\"wp-block-columns is-layout-flex wp-container-core-columns-layout-5 wp-block-columns-is-layout-flex\">\n<div class=\"wp-block-column is-layout-flow wp-block-column-is-layout-flow\" style=\"flex-basis:47%\">\n<figure class=\"wp-block-image size-large\"><img decoding=\"async\" src=\"https:\/\/ready-os.com\/wp-content\/uploads\/2019\/10\/pipeline-crm-oferta.png\" alt=\"\"\/><\/figure>\n<\/div>\n\n\n\n<div class=\"wp-block-column is-layout-flow wp-block-column-is-layout-flow\" style=\"flex-basis:8%\"><\/div>\n\n\n\n<div class=\"wp-block-column is-layout-flow wp-block-column-is-layout-flow\">\n<h3 class=\"wp-block-heading\" id=\"h-tworzenie-i-obieg-dokumentow-handlowych\">Tworzenie i obieg dokument\u00f3w handlowych<\/h3>\n\n\n\n<div style=\"height:19px\" aria-hidden=\"true\" class=\"wp-block-spacer\"><\/div>\n\n\n\n<h6 class=\"wp-block-heading\" id=\"h-wszystkie-dokumenty-handlowe-przygotujesz-w-jednym-systemie-wykorzystujac-do-tego-baze-produktow\">Wszystkie dokumenty handlowe przygotujesz w jednym systemie, wykorzystuj\u0105c do tego baz\u0119 produkt\u00f3w.<\/h6>\n\n\n\n<p><\/p>\n\n\n\n<ul><li>Konfigurowalne szablony ofert, zam\u00f3wie\u0144 i faktur.<\/li><li>Edycja za\u0142\u0105cznik\u00f3w wprost z systemu z obs\u0142ug\u0105 wersjonowania.<\/li><li>Automatyzacja procesu akceptacji za pomoc\u0105 procedur workflow.<\/li><\/ul>\n\n\n\n<div class=\"wp-block-buttons is-layout-flex wp-block-buttons-is-layout-flex\"><\/div>\n<\/div>\n\n\n\n<div class=\"wp-block-column is-layout-flow wp-block-column-is-layout-flow\" style=\"flex-basis:5%\"><\/div>\n<\/div>\n<\/div>\n<\/div>\n\n\n\n<div style=\"height:60px\" aria-hidden=\"true\" class=\"wp-block-spacer\"><\/div>\n\n\n\n<div class=\"wp-block-columns is-layout-flex wp-container-core-columns-layout-8 wp-block-columns-is-layout-flex\">\n<div class=\"wp-block-column reverse-mobile is-layout-flow wp-block-column-is-layout-flow\" style=\"flex-basis:100%\">\n<div class=\"wp-block-columns is-layout-flex wp-container-core-columns-layout-7 wp-block-columns-is-layout-flex\">\n<div class=\"wp-block-column is-layout-flow wp-block-column-is-layout-flow\" style=\"flex-basis:5%\"><\/div>\n\n\n\n<div class=\"wp-block-column is-layout-flow wp-block-column-is-layout-flow\">\n<h3 class=\"wp-block-heading\" id=\"h-wbudowana-pocztai-narzedzia-pracy-grupowej\">Wbudowana poczta<br>i narz\u0119dzia pracy grupowej<\/h3>\n\n\n\n<div style=\"height:19px\" aria-hidden=\"true\" class=\"wp-block-spacer\"><\/div>\n\n\n\n<h6 class=\"wp-block-heading\" id=\"h-dostepny-w-systemie-klient-pocztowy-dzialajak-outlook-obsluguje-foldery-sieciowe-reguly-a-nawet-autoresponder-dzieki-temu\">Dost\u0119pny w systemie klient pocztowy dzia\u0142a<br>jak Outlook: obs\u0142uguje foldery sieciowe,<br>regu\u0142y, a nawet autoresponder! Dzi\u0119ki temu:<\/h6>\n\n\n\n<p><\/p>\n\n\n\n<ul><li>mo\u017cesz wygodnie przej\u0105\u0107 ka\u017cdy email do systemu.<\/li><li>zleci\u0107 zadanie wsp\u00f3\u0142pracownikom z linkiem do maila.<\/li><li>znacznie ograniczy\u0107 liczb\u0119 emaili wewn\u0119trznych.<\/li><\/ul>\n\n\n\n<div class=\"wp-block-buttons is-layout-flex wp-block-buttons-is-layout-flex\"><\/div>\n<\/div>\n\n\n\n<div class=\"wp-block-column is-layout-flow wp-block-column-is-layout-flow\" style=\"flex-basis:8%\"><\/div>\n\n\n\n<div class=\"wp-block-column is-layout-flow wp-block-column-is-layout-flow\" style=\"flex-basis:47%\">\n<figure class=\"wp-block-image size-large\"><img decoding=\"async\" src=\"https:\/\/ready-os.com\/wp-content\/uploads\/2019\/10\/pipeline-crm-poczta-dokument-ostatni.png\" alt=\"\"\/><\/figure>\n<\/div>\n<\/div>\n<\/div>\n<\/div>\n\n\n\n<div style=\"height:60px\" aria-hidden=\"true\" class=\"wp-block-spacer\"><\/div>\n\n\n\n<div class=\"wp-block-columns is-layout-flex wp-container-core-columns-layout-10 wp-block-columns-is-layout-flex\">\n<div class=\"wp-block-column is-layout-flow wp-block-column-is-layout-flow\" style=\"flex-basis:100%\">\n<div class=\"wp-block-columns is-layout-flex wp-container-core-columns-layout-9 wp-block-columns-is-layout-flex\">\n<div class=\"wp-block-column text-center is-layout-flow wp-block-column-is-layout-flow\" style=\"flex-basis:47%\">\n<figure class=\"wp-block-image size-large no-shadow\"><img decoding=\"async\" src=\"https:\/\/ready-os.com\/wp-content\/uploads\/2019\/10\/Kalendarz-Tworzenie-zada\u01442.png\" width=\"50%\" alt=\"\"><\/figure>\n<\/div>\n\n\n\n<div class=\"wp-block-column is-layout-flow wp-block-column-is-layout-flow\" style=\"flex-basis:8%\"><\/div>\n\n\n\n<div class=\"wp-block-column is-layout-flow wp-block-column-is-layout-flow\">\n<h3 class=\"wp-block-heading\" id=\"h-aplikacja-mobilna\">Aplikacja mobilna<\/h3>\n\n\n\n<div style=\"height:19px\" aria-hidden=\"true\" class=\"wp-block-spacer\"><\/div>\n\n\n\n<h6 class=\"wp-block-heading\" id=\"h-wychodzac-rano-z-domu-jestes-zawsze-gotow-do-pracy-masz-ze-soba-baze-klientow-adresowi-telefonow-do-wszystkich-twoich-klientow\">Wychodz\u0105c rano z domu jeste\u015b zawsze got\u00f3w do pracy. Masz ze sob\u0105 baz\u0119 klient\u00f3w, adres\u00f3w<br>i telefon\u00f3w do wszystkich Twoich klient\u00f3w.<\/h6>\n\n\n\n<p><\/p>\n\n\n\n<ul><li>Wyruszasz w tras\u0119 jednym klikni\u0119ciem.<\/li><li>Planujesz i zlecasz zadania na parkingu.<\/li><li>Akceptujesz oferty podczas lunchu.<\/li><\/ul>\n\n\n\n<div class=\"wp-block-buttons is-layout-flex wp-block-buttons-is-layout-flex\"><\/div>\n<\/div>\n\n\n\n<div class=\"wp-block-column is-layout-flow wp-block-column-is-layout-flow\" style=\"flex-basis:5%\"><\/div>\n<\/div>\n<\/div>\n<\/div>\n","protected":false},"excerpt":{"rendered":"<p>Zarz\u0105dzaj wizualnie sprzeda\u017c\u0105 Dzi\u0119ki widokowi \u201ePipeline\u201d mo\u017cesz zobaczy\u0107 wszystkie szanse sprzeda\u017cy w jednym miejscu! Widzisz potencjaln\u0105 sprzeda\u017c w podziale na fazy. \u0141atwo zaplanujesz sprzeda\u017c na bie\u017c\u0105cy miesi\u0105c. Wiesz czym zajmuje si\u0119 ka\u017cdy z handlowc\u00f3w. Historia wsp\u00f3\u0142pracyz klientem Kartoteka klienta automatycznie gromadzi wszystkie tworzone i otrzymywane przez pracownik\u00f3w informacje powi\u0105zane z klientem. Emaile, oferty, zam\u00f3wienia, faktury, [&hellip;]<\/p>\n","protected":false},"author":2,"featured_media":0,"parent":0,"menu_order":0,"comment_status":"closed","ping_status":"closed","template":"template-parts\/page-app-6.php","meta":{"footnotes":""},"_links":{"self":[{"href":"https:\/\/www2.ready-os.com\/pl\/wp-json\/wp\/v2\/pages\/8620"}],"collection":[{"href":"https:\/\/www2.ready-os.com\/pl\/wp-json\/wp\/v2\/pages"}],"about":[{"href":"https:\/\/www2.ready-os.com\/pl\/wp-json\/wp\/v2\/types\/page"}],"author":[{"embeddable":true,"href":"https:\/\/www2.ready-os.com\/pl\/wp-json\/wp\/v2\/users\/2"}],"replies":[{"embeddable":true,"href":"https:\/\/www2.ready-os.com\/pl\/wp-json\/wp\/v2\/comments?post=8620"}],"version-history":[{"count":10,"href":"https:\/\/www2.ready-os.com\/pl\/wp-json\/wp\/v2\/pages\/8620\/revisions"}],"predecessor-version":[{"id":9500,"href":"https:\/\/www2.ready-os.com\/pl\/wp-json\/wp\/v2\/pages\/8620\/revisions\/9500"}],"wp:attachment":[{"href":"https:\/\/www2.ready-os.com\/pl\/wp-json\/wp\/v2\/media?parent=8620"}],"curies":[{"name":"wp","href":"https:\/\/api.w.org\/{rel}","templated":true}]}}