{"id":8614,"date":"2021-12-15T21:24:51","date_gmt":"2021-12-15T20:24:51","guid":{"rendered":"https:\/\/ready-os.com\/?page_id=8614"},"modified":"2023-01-17T14:34:57","modified_gmt":"2023-01-17T13:34:57","slug":"delegacje","status":"publish","type":"page","link":"https:\/\/www2.ready-os.com\/pl\/delegacje\/","title":{"rendered":"Delegacje"},"content":{"rendered":"\n<div style=\"height:50px\" aria-hidden=\"true\" class=\"wp-block-spacer\"><\/div>\n\n\n\n<div class=\"wp-block-columns is-layout-flex wp-container-core-columns-layout-2 wp-block-columns-is-layout-flex\">\n<div class=\"wp-block-column is-layout-flow wp-block-column-is-layout-flow\" style=\"flex-basis:100%\">\n<div class=\"wp-block-columns is-layout-flex wp-container-core-columns-layout-1 wp-block-columns-is-layout-flex\">\n<div class=\"wp-block-column is-layout-flow wp-block-column-is-layout-flow\" style=\"flex-basis:47%\">\n<figure class=\"wp-block-image size-large\"><img decoding=\"async\" src=\"https:\/\/ready-os.com\/wp-content\/uploads\/2019\/10\/ewidencja-delegacji.png\" alt=\"\"\/><\/figure>\n<\/div>\n\n\n\n<div class=\"wp-block-column is-layout-flow wp-block-column-is-layout-flow\" style=\"flex-basis:8%\"><\/div>\n\n\n\n<div class=\"wp-block-column is-layout-flow wp-block-column-is-layout-flow\">\n<h3 class=\"wp-block-heading\" id=\"h-kompleksowa-obsluga-wszystkich-procesow-w-ramach-delegacji\">Kompleksowa obs\u0142uga wszystkich proces\u00f3w w ramach delegacji<\/h3>\n\n\n\n<h6 class=\"wp-block-heading\" id=\"h-wypelnianie-wnioskow-akceptacja-rozliczenie-diet-i-pozostalych-kosztow-delegacji-staje-sie-proste-i-szybkie\">Wype\u0142nianie wniosk\u00f3w, akceptacja, rozliczenie diet i pozosta\u0142ych koszt\u00f3w delegacji staje si\u0119 proste i szybkie.<\/h6>\n\n\n\n<p><\/p>\n\n\n\n<ul><li>Prosty do wype\u0142nienia wniosek.<\/li><li>Zdefiniowany proces akceptacji.<\/li><li>\u0141atwe rozliczenie wszystkich koszt\u00f3w delegacji krajowych i zagranicznych.<\/li><\/ul>\n<\/div>\n\n\n\n<div class=\"wp-block-column is-layout-flow wp-block-column-is-layout-flow\" style=\"flex-basis:5%\"><\/div>\n<\/div>\n<\/div>\n<\/div>\n\n\n\n<div style=\"height:60px\" aria-hidden=\"true\" class=\"wp-block-spacer\"><\/div>\n\n\n\n<div class=\"wp-block-columns is-layout-flex wp-container-core-columns-layout-4 wp-block-columns-is-layout-flex\">\n<div class=\"wp-block-column reverse-mobile is-layout-flow wp-block-column-is-layout-flow\" style=\"flex-basis:100%\">\n<div class=\"wp-block-columns is-layout-flex wp-container-core-columns-layout-3 wp-block-columns-is-layout-flex\">\n<div class=\"wp-block-column is-layout-flow wp-block-column-is-layout-flow\" style=\"flex-basis:5%\"><\/div>\n\n\n\n<div class=\"wp-block-column is-layout-flow wp-block-column-is-layout-flow\">\n<h3 class=\"wp-block-heading\" id=\"h-wnioskowanie-o-zaliczke\">Wnioskowanie o zaliczk\u0119<\/h3>\n\n\n\n<h6 class=\"wp-block-heading\" id=\"h-zlozenie-nowego-wniosku-to-wypelnienie-kilku-pol-i-jasno-okreslony-proces-akceptacji-kwoty-zaliczek-latwo-rozliczysz-z-dieta-krajowa-i-zagraniczna\">Z\u0142o\u017cenie nowego wniosku to wype\u0142nienie kilku p\u00f3l i jasno okre\u015blony proces akceptacji. Kwoty zaliczek \u0142atwo rozliczysz z diet\u0105 krajow\u0105 i zagraniczn\u0105. <\/h6>\n\n\n\n<p><\/p>\n\n\n\n<ul><li>Wprowadzenie celu zaliczki, kwot wraz z walutami.<\/li><li>Mo\u017cliwo\u015b\u0107 okre\u015blenia preferencji \u2013 czy wyp\u0142ata na konto, a mo\u017ce got\u00f3wka.<\/li><li>Schemat akceptacji definiowany przez w\u0142a\u015bciciela procesu.<\/li><\/ul>\n<\/div>\n\n\n\n<div class=\"wp-block-column is-layout-flow wp-block-column-is-layout-flow\" style=\"flex-basis:8%\"><\/div>\n\n\n\n<div class=\"wp-block-column is-layout-flow wp-block-column-is-layout-flow\" style=\"flex-basis:47%\">\n<figure class=\"wp-block-image size-large\"><img decoding=\"async\" src=\"https:\/\/ready-os.com\/wp-content\/uploads\/2019\/10\/wyliczenia-delegacji-wniosek-o-zaliczke.png\" alt=\"\"\/><\/figure>\n<\/div>\n<\/div>\n<\/div>\n<\/div>\n\n\n\n<div style=\"height:60px\" aria-hidden=\"true\" class=\"wp-block-spacer\"><\/div>\n\n\n\n<div class=\"wp-block-columns is-layout-flex wp-container-core-columns-layout-6 wp-block-columns-is-layout-flex\">\n<div class=\"wp-block-column is-layout-flow wp-block-column-is-layout-flow\" style=\"flex-basis:100%\">\n<div class=\"wp-block-columns is-layout-flex wp-container-core-columns-layout-5 wp-block-columns-is-layout-flex\">\n<div class=\"wp-block-column is-layout-flow wp-block-column-is-layout-flow\" style=\"flex-basis:47%\">\n<figure class=\"wp-block-image size-large\"><img decoding=\"async\" src=\"https:\/\/ready-os.com\/wp-content\/uploads\/2019\/10\/ewidencja-delegacji-akceptacja-wniosku.png\" alt=\"\"\/><\/figure>\n<\/div>\n\n\n\n<div class=\"wp-block-column is-layout-flow wp-block-column-is-layout-flow\" style=\"flex-basis:8%\"><\/div>\n\n\n\n<div class=\"wp-block-column is-layout-flow wp-block-column-is-layout-flow\">\n<h3 class=\"wp-block-heading\" id=\"h-szybka-zgoda-na-wyjazd\">Szybka zgoda na wyjazd<\/h3>\n\n\n\n<h6 class=\"wp-block-heading\" id=\"h-po-uzupelnieniu-podstawowych-informacji-o-wyjezdzie-zapoczatkuj-proces-i-przekaz-wniosek-do-akceptacji\">Po uzupe\u0142nieniu podstawowych informacji o wyje\u017adzie zapocz\u0105tkuj proces i przeka\u017c wniosek do akceptacji.<\/h6>\n\n\n\n<p><\/p>\n\n\n\n<ul><li>Elektroniczna akceptacja \u2013 w systemie, aplikacji mobilnej, przez maila.<\/li><li>Ewidencja wszystkich wniosk\u00f3w w jednym miejscu.<\/li><li>Informacja o delegacji widoczna jest tak\u017ce w kalendarzu.<\/li><\/ul>\n<\/div>\n\n\n\n<div class=\"wp-block-column is-layout-flow wp-block-column-is-layout-flow\" style=\"flex-basis:5%\"><\/div>\n<\/div>\n<\/div>\n<\/div>\n\n\n\n<div style=\"height:60px\" aria-hidden=\"true\" class=\"wp-block-spacer\"><\/div>\n\n\n\n<div class=\"wp-block-columns is-layout-flex wp-container-core-columns-layout-8 wp-block-columns-is-layout-flex\">\n<div class=\"wp-block-column reverse-mobile is-layout-flow wp-block-column-is-layout-flow\" style=\"flex-basis:100%\">\n<div class=\"wp-block-columns is-layout-flex wp-container-core-columns-layout-7 wp-block-columns-is-layout-flex\">\n<div class=\"wp-block-column is-layout-flow wp-block-column-is-layout-flow\" style=\"flex-basis:5%\"><\/div>\n\n\n\n<div class=\"wp-block-column is-layout-flow wp-block-column-is-layout-flow\">\n<h3 class=\"wp-block-heading\" id=\"h-kalkulator-delegacji-diety-krajowe-i-zagraniczne\">Kalkulator delegacji &#8211; diety krajowe i zagraniczne<\/h3>\n\n\n\n<h6 class=\"wp-block-heading\" id=\"h-po-odbyciu-delegacji-mozesz-uzupelnic-informacje-o-podrozy-zapewnionych-posilkach-i-poniesionych-kosztach-a-system-reszte-zrobi-za-ciebie\">Po odbyciu delegacji mo\u017cesz uzupe\u0142ni\u0107 informacje o podr\u00f3\u017cy, zapewnionych posi\u0142kach i poniesionych kosztach, a system reszt\u0119 zrobi za Ciebie.<\/h6>\n\n\n\n<p><\/p>\n\n\n\n<ul><li>Obs\u0142uga wielu walut.<\/li><li>Automatyzacja obliczania diet kraj\u00f3w ca\u0142ego \u015bwiata.<\/li><li>Generowanie pliku PDF z rozliczeniem.<\/li><\/ul>\n<\/div>\n\n\n\n<div class=\"wp-block-column is-layout-flow wp-block-column-is-layout-flow\" style=\"flex-basis:8%\"><\/div>\n\n\n\n<div class=\"wp-block-column is-layout-flow wp-block-column-is-layout-flow\" style=\"flex-basis:47%\">\n<figure class=\"wp-block-image size-large\"><img decoding=\"async\" src=\"https:\/\/ready-os.com\/wp-content\/uploads\/2019\/10\/wyliczenie-delegacji-podsumowanie.png\" alt=\"\"\/><\/figure>\n<\/div>\n<\/div>\n<\/div>\n<\/div>\n\n\n\n<div style=\"height:60px\" aria-hidden=\"true\" class=\"wp-block-spacer\"><\/div>\n\n\n\n<div class=\"wp-block-columns is-layout-flex wp-container-core-columns-layout-10 wp-block-columns-is-layout-flex\">\n<div class=\"wp-block-column is-layout-flow wp-block-column-is-layout-flow\" style=\"flex-basis:100%\">\n<div class=\"wp-block-columns is-layout-flex wp-container-core-columns-layout-9 wp-block-columns-is-layout-flex\">\n<div class=\"wp-block-column text-center is-layout-flow wp-block-column-is-layout-flow\" style=\"flex-basis:47%\">\n<figure class=\"wp-block-image size-large no-shadow\"><img decoding=\"async\" src=\"https:\/\/ready-os.com\/wp-content\/uploads\/2019\/10\/ewidencja-delegacji-dodawanie-dokumentu.png\" width=\"50%\" alt=\"Skanowanie rachunk\u00f3w do delegacji z telefonu\"><\/figure>\n<\/div>\n\n\n\n<div class=\"wp-block-column is-layout-flow wp-block-column-is-layout-flow\" style=\"flex-basis:8%\"><\/div>\n\n\n\n<div class=\"wp-block-column is-layout-flow wp-block-column-is-layout-flow\">\n<h3 class=\"wp-block-heading\" id=\"h-mobilna-rejestracja-dowodow-delegacji\">Mobilna rejestracja dowod\u00f3w delegacji<\/h3>\n\n\n\n<h6 class=\"wp-block-heading\" id=\"h-z-poziomu-aplikacji-mobilnej-mozesz-zrobic-zdjecia-rachunkow-i-faktur-i-powiazac-je-w-systemie-z-delegacja\">Z poziomu aplikacji mobilnej mo\u017cesz zrobi\u0107 zdj\u0119cia rachunk\u00f3w i faktur i powi\u0105za\u0107 je w systemie z delegacj\u0105<\/h6>\n\n\n\n<p><\/p>\n\n\n\n<ul><li>Ewidencjowanie dowod\u00f3w na bie\u017c\u0105co jeszcze w trakcie delegacji.<\/li><li>Silnik OCR wspomaga wprowadzenie danych z dowod\u00f3w.<\/li><\/ul>\n<\/div>\n\n\n\n<div class=\"wp-block-column is-layout-flow wp-block-column-is-layout-flow\" style=\"flex-basis:5%\"><\/div>\n<\/div>\n<\/div>\n<\/div>\n\n\n\n<div style=\"height:60px\" aria-hidden=\"true\" class=\"wp-block-spacer\"><\/div>\n\n\n\n<div class=\"wp-block-columns is-layout-flex wp-container-core-columns-layout-12 wp-block-columns-is-layout-flex\">\n<div class=\"wp-block-column reverse-mobile is-layout-flow wp-block-column-is-layout-flow\" style=\"flex-basis:100%\">\n<div class=\"wp-block-columns is-layout-flex wp-container-core-columns-layout-11 wp-block-columns-is-layout-flex\">\n<div class=\"wp-block-column is-layout-flow wp-block-column-is-layout-flow\" style=\"flex-basis:5%\"><\/div>\n\n\n\n<div class=\"wp-block-column is-layout-flow wp-block-column-is-layout-flow\">\n<h3 class=\"wp-block-heading\" id=\"h-wielostopniowy-schemat-akceptacji-latwa-konfiguracja\">Wielostopniowy schemat akceptacji- \u0142atwa konfiguracja<\/h3>\n\n\n\n<h6 class=\"wp-block-heading\" id=\"h-procedura-akceptacji-polecenia-wyjazdu-sluzbowego-akceptacji-sprawozdania-z-wyjazdu-oraz-rozliczenia-delegacji-oparta-jest-na-wielostopniowym-schemacie-akceptacji\">Procedura akceptacji polecenia wyjazdu s\u0142u\u017cbowego, akceptacji sprawozdania z wyjazdu oraz rozliczenia delegacji oparta jest na wielostopniowym schemacie akceptacji.<\/h6>\n\n\n\n<p><\/p>\n\n\n\n<p>Modyfikacje mo\u017ce wprowadza\u0107 Administrator. Zmiany nie wymagaj\u0105 ingerencji w kod programu.<\/p>\n<\/div>\n\n\n\n<div class=\"wp-block-column is-layout-flow wp-block-column-is-layout-flow\" style=\"flex-basis:8%\"><\/div>\n\n\n\n<div class=\"wp-block-column is-layout-flow wp-block-column-is-layout-flow\" style=\"flex-basis:47%\">\n<figure class=\"wp-block-image size-large\"><img decoding=\"async\" src=\"https:\/\/ready-os.com\/wp-content\/uploads\/2019\/10\/wyliczenie-delegacji-kreator.png\" alt=\"\"\/><\/figure>\n<\/div>\n<\/div>\n<\/div>\n<\/div>\n\n\n\n<div style=\"height:60px\" aria-hidden=\"true\" class=\"wp-block-spacer\"><\/div>\n\n\n\n<div class=\"wp-block-columns is-layout-flex wp-container-core-columns-layout-14 wp-block-columns-is-layout-flex\">\n<div class=\"wp-block-column is-layout-flow wp-block-column-is-layout-flow\" style=\"flex-basis:100%\">\n<div class=\"wp-block-columns is-layout-flex wp-container-core-columns-layout-13 wp-block-columns-is-layout-flex\">\n<div class=\"wp-block-column is-layout-flow wp-block-column-is-layout-flow\" style=\"flex-basis:47%\">\n<figure class=\"wp-block-image size-large\"><img decoding=\"async\" src=\"https:\/\/ready-os.com\/wp-content\/uploads\/2019\/10\/ewidencja-delegacji-powiazanie-delegacji-z-faktura.png\" alt=\"\"\/><\/figure>\n<\/div>\n\n\n\n<div class=\"wp-block-column is-layout-flow wp-block-column-is-layout-flow\" style=\"flex-basis:8%\"><\/div>\n\n\n\n<div class=\"wp-block-column is-layout-flow wp-block-column-is-layout-flow\">\n<h3 class=\"wp-block-heading\" id=\"h-ready-to-nie-tylko-kalkulator-diet-krajowych-i-zagranicznych\">Ready_\u2122 to nie tylko kalkulator diet krajowych i zagranicznych<\/h3>\n\n\n\n<h6 class=\"wp-block-heading\" id=\"h-system-sprawi-ze-rozliczysz-wbudowanym-kalkulatorem-delegacji-wyjazdy-sluzbowe-a-nastepnie-przypiszesz-koszty-do-projektow-umow-i-klientow\">System sprawi, \u017ce rozliczysz wbudowanym  kalkulatorem delegacji wyjazdy s\u0142u\u017cbowe, a nast\u0119pnie przypiszesz koszty do projekt\u00f3w, um\u00f3w i klient\u00f3w.<\/h6>\n\n\n\n<p><\/p>\n\n\n\n<ul><li>Przejrzysto\u015b\u0107 informacji, to wiedza kiedy i ile odby\u0142o si\u0119 wyjazd\u00f3w s\u0142u\u017cbowych.<\/li><li>Dowiedz si\u0119 jakie firma ponios\u0142a koszty w ramach wsp\u00f3\u0142pracy z danym klientem.<\/li><li>\u0141atwo <a href=\"https:\/\/ready-os.com\/pl\/docs\/platnosci\/tworzenie-platnosci-z-delegacji\/\">rozliczaj koszty delegacji<\/a> na projektach.<\/li><\/ul>\n<\/div>\n\n\n\n<div class=\"wp-block-column is-layout-flow wp-block-column-is-layout-flow\" style=\"flex-basis:5%\"><\/div>\n<\/div>\n<\/div>\n<\/div>\n","protected":false},"excerpt":{"rendered":"<p>Kompleksowa obs\u0142uga wszystkich proces\u00f3w w ramach delegacji Wype\u0142nianie wniosk\u00f3w, akceptacja, rozliczenie diet i pozosta\u0142ych koszt\u00f3w delegacji staje si\u0119 proste i szybkie. Prosty do wype\u0142nienia wniosek. Zdefiniowany proces akceptacji. \u0141atwe rozliczenie wszystkich koszt\u00f3w delegacji krajowych i zagranicznych. Wnioskowanie o zaliczk\u0119 Z\u0142o\u017cenie nowego wniosku to wype\u0142nienie kilku p\u00f3l i jasno okre\u015blony proces akceptacji. Kwoty zaliczek \u0142atwo rozliczysz [&hellip;]<\/p>\n","protected":false},"author":2,"featured_media":0,"parent":0,"menu_order":0,"comment_status":"closed","ping_status":"closed","template":"template-parts\/page-app-4.php","meta":{"footnotes":""},"_links":{"self":[{"href":"https:\/\/www2.ready-os.com\/pl\/wp-json\/wp\/v2\/pages\/8614"}],"collection":[{"href":"https:\/\/www2.ready-os.com\/pl\/wp-json\/wp\/v2\/pages"}],"about":[{"href":"https:\/\/www2.ready-os.com\/pl\/wp-json\/wp\/v2\/types\/page"}],"author":[{"embeddable":true,"href":"https:\/\/www2.ready-os.com\/pl\/wp-json\/wp\/v2\/users\/2"}],"replies":[{"embeddable":true,"href":"https:\/\/www2.ready-os.com\/pl\/wp-json\/wp\/v2\/comments?post=8614"}],"version-history":[{"count":17,"href":"https:\/\/www2.ready-os.com\/pl\/wp-json\/wp\/v2\/pages\/8614\/revisions"}],"predecessor-version":[{"id":9610,"href":"https:\/\/www2.ready-os.com\/pl\/wp-json\/wp\/v2\/pages\/8614\/revisions\/9610"}],"wp:attachment":[{"href":"https:\/\/www2.ready-os.com\/pl\/wp-json\/wp\/v2\/media?parent=8614"}],"curies":[{"name":"wp","href":"https:\/\/api.w.org\/{rel}","templated":true}]}}