{"id":8594,"date":"2021-12-15T21:04:28","date_gmt":"2021-12-15T20:04:28","guid":{"rendered":"https:\/\/ready-os.com\/?page_id=8594"},"modified":"2024-07-25T22:32:37","modified_gmt":"2024-07-25T20:32:37","slug":"home","status":"publish","type":"page","link":"https:\/\/www2.ready-os.com\/pl\/","title":{"rendered":"Home"},"content":{"rendered":"\n<h2 class=\"wp-block-heading has-text-align-center display-5\" id=\"h-symfonia-edokumenty-twoje-cyfrowe-biuro\">Symfonia eDokumenty &#8211; Twoje cyfrowe biuro!<\/h2>\n\n\n\n<p class=\"has-text-align-center\">Symfonia eDokumenty to zintegrowana platforma dost\u0119pna w chmurze, w unikalny spos\u00f3b \u0142\u0105cz\u0105ca system obiegu dokument\u00f3w z systemem pracy grupowej i elementami ERP!<\/p>\n\n\n\n<div style=\"height:120px\" aria-hidden=\"true\" class=\"wp-block-spacer\"><\/div>\n\n\n\n<div class=\"wp-block-columns is-layout-flex wp-container-core-columns-layout-2 wp-block-columns-is-layout-flex\">\n<div class=\"wp-block-column feature-box-mobile is-layout-flow wp-block-column-is-layout-flow\" style=\"flex-basis:100%\">\n<div class=\"wp-block-columns is-layout-flex wp-container-core-columns-layout-1 wp-block-columns-is-layout-flex\">\n<div class=\"wp-block-column is-layout-flow wp-block-column-is-layout-flow\" style=\"flex-basis:47%\">\n<figure class=\"wp-block-image size-large\"><img decoding=\"async\" src=\"https:\/\/ready-os.com\/wp-content\/uploads\/2019\/09\/ready_business_operating_system.png\" alt=\"\" style=\"box-shadow:none;\" class=\"wp-image-8600\"\/><\/figure>\n<\/div>\n\n\n\n<div class=\"wp-block-column is-layout-flow wp-block-column-is-layout-flow\" style=\"flex-basis:4px\"><\/div>\n\n\n\n<div class=\"wp-block-column is-layout-flow wp-block-column-is-layout-flow\">\n<h2 class=\"wp-block-heading display-6\" id=\"h-system-obiegu-dokumentow\">System obiegu dokument\u00f3w<\/h2>\n\n\n\n<p class=\"font-weight-500\" id=\"h-w-systemie-ready-znajdziesz-sprawdzony-przez-tysiace-uzytkownikow-system-obiegu-dokumentow-tworzony-przez-firme-edokumenty-lidera-cyfryzacji-dokumentow\">W Symfonia eDokumenty znajdziesz sprawdzone przez tysi\u0105ce u\u017cytkownik\u00f3w schematy obiegu dokument\u00f3w.<\/p>\n\n\n\n<ul>\n<li>Uporz\u0105dkuj pisma, emaile, faktury, umowy i wszelkie dokumenty i pliki wymagaj\u0105ce archiwizacji<span style=\"color: initial; font-family: -apple-system, BlinkMacSystemFont, &quot;Segoe UI&quot;, Roboto, Oxygen-Sans, Ubuntu, Cantarell, &quot;Helvetica Neue&quot;, sans-serif;\">.<\/span><\/li>\n\n\n\n<li>Wybierz i zainstaluj gotowe, bogate w funkcjonalno\u015b\u0107 aplikacje do cyfryzacji popularnych proces\u00f3w.<\/li>\n\n\n\n<li>Skorzystaj ze sprawdzonych zasad przetwarzania informacji i dokument\u00f3w w firmie.<\/li>\n<\/ul>\n\n\n\n<div class=\"wp-block-buttons is-layout-flex wp-block-buttons-is-layout-flex\">\n<div class=\"wp-block-button custom-link\"><a class=\"wp-block-button__link has-text-color wp-element-button\" href=\"https:\/\/ready-os.com\/pl\/elektroniczny-obieg-dokumentow\/\" style=\"color:#027fed\">Wi\u0119cej<\/a><\/div>\n<\/div>\n<\/div>\n\n\n\n<div class=\"wp-block-column is-layout-flow wp-block-column-is-layout-flow\" style=\"flex-basis:5%\"><\/div>\n<\/div>\n<\/div>\n<\/div>\n\n\n\n<div style=\"height:90px\" aria-hidden=\"true\" class=\"wp-block-spacer\"><\/div>\n\n\n\n<div class=\"wp-block-columns is-layout-flex wp-container-core-columns-layout-4 wp-block-columns-is-layout-flex\">\n<div class=\"wp-block-column reverse-mobile is-layout-flow wp-block-column-is-layout-flow\" style=\"flex-basis:100%\">\n<div class=\"wp-block-columns is-layout-flex wp-container-core-columns-layout-3 wp-block-columns-is-layout-flex\">\n<div class=\"wp-block-column is-layout-flow wp-block-column-is-layout-flow\" style=\"flex-basis:5%\"><\/div>\n\n\n\n<div class=\"wp-block-column is-layout-flow wp-block-column-is-layout-flow\">\n<h2 class=\"wp-block-heading display-6\" id=\"h-archiwum-dokumentow-elektronicznych\">Archiwum dokument\u00f3w elektronicznych<\/h2>\n\n\n\n<p>Symfonia eDokumenty oferuje  niezwykle uniwersalny spos\u00f3b organizacji dokument\u00f3w. <\/p>\n\n\n\n<ul>\n<li>Przechwytuj dokumenty z poczty email, OCR i platform publicznych.<\/li>\n\n\n\n<li>Segreguj elektroniczne dokumenty wg podzia\u0142u na dzia\u0142u i teczki.<\/li>\n\n\n\n<li>Prosto i profesjonalnie zarz\u0105dzaj dost\u0119pem do dokument\u00f3w w firmie.<\/li>\n<\/ul>\n\n\n\n<div class=\"wp-block-buttons is-layout-flex wp-block-buttons-is-layout-flex\">\n<div class=\"wp-block-button custom-link\"><a class=\"wp-block-button__link has-text-color wp-element-button\" href=\"https:\/\/ready-os.com\/pl\/zarzadzanie-zadaniami-i-komunikacja\/workflow\/\" style=\"color:#027fed\"> Wi\u0119cej <\/a><\/div>\n<\/div>\n<\/div>\n\n\n\n<div class=\"wp-block-column is-layout-flow wp-block-column-is-layout-flow\" style=\"flex-basis:4px\"><\/div>\n\n\n\n<div class=\"wp-block-column is-layout-flow wp-block-column-is-layout-flow\" style=\"flex-basis:47%\">\n<figure class=\"wp-block-image size-large\"><img decoding=\"async\" src=\"https:\/\/ready-os.com\/wp-content\/uploads\/2019\/09\/ready_happy_user.png\" alt=\"\" style=\"box-shadow:none;\" class=\"wp-image-8597\"\/><\/figure>\n<\/div>\n<\/div>\n<\/div>\n<\/div>\n\n\n\n<div style=\"height:90px\" aria-hidden=\"true\" class=\"wp-block-spacer\"><\/div>\n\n\n\n<div class=\"wp-block-columns feature-box-mobile is-layout-flex wp-container-core-columns-layout-6 wp-block-columns-is-layout-flex\">\n<div class=\"wp-block-column is-layout-flow wp-block-column-is-layout-flow\" style=\"flex-basis:100%\">\n<div class=\"wp-block-columns is-layout-flex wp-container-core-columns-layout-5 wp-block-columns-is-layout-flex\">\n<div class=\"wp-block-column is-layout-flow wp-block-column-is-layout-flow\" style=\"flex-basis:47%\">\n<figure class=\"wp-block-image size-large\"><img loading=\"lazy\" decoding=\"async\" width=\"1024\" height=\"769\" src=\"https:\/\/ready-os.com\/wp-content\/uploads\/2021\/12\/ready-work-life-balance-1-1024x769.jpg\" alt=\"Ready work life balance\" style=\"box-shadow:none;\" class=\"wp-image-8824\" srcset=\"https:\/\/www2.ready-os.com\/wp-content\/uploads\/2021\/12\/ready-work-life-balance-1-1024x769.jpg 1024w, https:\/\/www2.ready-os.com\/wp-content\/uploads\/2021\/12\/ready-work-life-balance-1-300x225.jpg 300w, https:\/\/www2.ready-os.com\/wp-content\/uploads\/2021\/12\/ready-work-life-balance-1-768x577.jpg 768w, https:\/\/www2.ready-os.com\/wp-content\/uploads\/2021\/12\/ready-work-life-balance-1.jpg 1211w\" sizes=\"(max-width: 1024px) 100vw, 1024px\" \/><\/figure>\n<\/div>\n\n\n\n<div class=\"wp-block-column is-layout-flow wp-block-column-is-layout-flow\" style=\"flex-basis:4px\"><\/div>\n\n\n\n<div class=\"wp-block-column is-layout-flow wp-block-column-is-layout-flow\">\n<h2 class=\"wp-block-heading display-6\" id=\"h-integracja-z-pozostalymi-aplikacjami-symfonia\">Integracja z pozosta\u0142ymi aplikacjami Symfonia<\/h2>\n\n\n\n<p>System Symfonia eDokumenty jest zintegrowany z aplikacjami Symfonia &#8222;Finanse i Ksi\u0119gowo\u015b\u0107&#8221; i Handel.<\/p>\n\n\n\n<ul>\n<li>Dzi\u0119ki integracji z Symfonia Finanse i Ksi\u0119gowo\u015b\u0107, mo\u017cliwe jest definiowanie i korzystanie ze schemat\u00f3w ksi\u0119gowa\u0144 i podgl\u0105d wszystkich zapis\u00f3w ksi\u0119gowych przed ich eksportem. <\/li>\n\n\n\n<li>Integracja z Handel pozwala na przekazywanie dokumentu wraz z pozycjami i automatyczne uzgodnienie ich z towarami.<\/li>\n\n\n\n<li>To dopiero pocz\u0105tek. Wkr\u00f3tce udost\u0119pnimy znacznie wi\u0119cej funkcji integracyjnych! \u00a0<\/li>\n<\/ul>\n\n\n\n<div class=\"wp-block-buttons is-layout-flex wp-block-buttons-is-layout-flex\">\n<div class=\"wp-block-button custom-link\"><a class=\"wp-block-button__link has-text-color wp-element-button\" href=\"\/sklep\/\" style=\"color:#027fed\"> Wypr\u00f3buj <\/a><\/div>\n<\/div>\n<\/div>\n\n\n\n<div class=\"wp-block-column is-layout-flow wp-block-column-is-layout-flow\" style=\"flex-basis:5%\"><\/div>\n<\/div>\n<\/div>\n<\/div>\n","protected":false},"excerpt":{"rendered":"<p>Symfonia eDokumenty &#8211; Twoje cyfrowe biuro! Symfonia eDokumenty to zintegrowana platforma dost\u0119pna w chmurze, w unikalny spos\u00f3b \u0142\u0105cz\u0105ca system obiegu dokument\u00f3w z systemem pracy grupowej i elementami ERP! System obiegu dokument\u00f3w W Symfonia eDokumenty znajdziesz sprawdzone przez tysi\u0105ce u\u017cytkownik\u00f3w schematy obiegu dokument\u00f3w. Archiwum dokument\u00f3w elektronicznych Symfonia eDokumenty oferuje niezwykle uniwersalny spos\u00f3b organizacji dokument\u00f3w. Integracja z [&hellip;]<\/p>\n","protected":false},"author":2,"featured_media":0,"parent":0,"menu_order":0,"comment_status":"closed","ping_status":"closed","template":"","meta":{"footnotes":""},"_links":{"self":[{"href":"https:\/\/www2.ready-os.com\/pl\/wp-json\/wp\/v2\/pages\/8594"}],"collection":[{"href":"https:\/\/www2.ready-os.com\/pl\/wp-json\/wp\/v2\/pages"}],"about":[{"href":"https:\/\/www2.ready-os.com\/pl\/wp-json\/wp\/v2\/types\/page"}],"author":[{"embeddable":true,"href":"https:\/\/www2.ready-os.com\/pl\/wp-json\/wp\/v2\/users\/2"}],"replies":[{"embeddable":true,"href":"https:\/\/www2.ready-os.com\/pl\/wp-json\/wp\/v2\/comments?post=8594"}],"version-history":[{"count":51,"href":"https:\/\/www2.ready-os.com\/pl\/wp-json\/wp\/v2\/pages\/8594\/revisions"}],"predecessor-version":[{"id":15911,"href":"https:\/\/www2.ready-os.com\/pl\/wp-json\/wp\/v2\/pages\/8594\/revisions\/15911"}],"wp:attachment":[{"href":"https:\/\/www2.ready-os.com\/pl\/wp-json\/wp\/v2\/media?parent=8594"}],"curies":[{"name":"wp","href":"https:\/\/api.w.org\/{rel}","templated":true}]}}