{"id":12837,"date":"2022-11-18T11:47:22","date_gmt":"2022-11-18T10:47:22","guid":{"rendered":"https:\/\/ready-os.com\/?page_id=12837"},"modified":"2023-05-08T13:15:17","modified_gmt":"2023-05-08T11:15:17","slug":"ezd","status":"publish","type":"page","link":"https:\/\/www2.ready-os.com\/pl\/ezd\/","title":{"rendered":"Elektroniczne zarz\u0105dzanie dokumentami"},"content":{"rendered":"\n<div style=\"height:50px\" aria-hidden=\"true\" class=\"wp-block-spacer\"><\/div>\n\n\n\n<div class=\"wp-block-columns is-layout-flex wp-container-core-columns-layout-2 wp-block-columns-is-layout-flex\">\n<div class=\"wp-block-column is-layout-flow wp-block-column-is-layout-flow\" style=\"flex-basis:100%\">\n<div class=\"wp-block-columns is-layout-flex wp-container-core-columns-layout-1 wp-block-columns-is-layout-flex\">\n<div class=\"wp-block-column is-layout-flow wp-block-column-is-layout-flow\" style=\"flex-basis:47%\">\n<figure class=\"wp-block-video\"><video autoplay loop muted poster=\"https:\/\/ready-os.com\/wp-content\/uploads\/2022\/11\/Ready_\u2122_ePUAP-2.mp4\" preload=\"auto\" src=\"https:\/\/ready-os.com\/wp-content\/uploads\/2022\/11\/Ready_\u2122_ePUAP.mp4\" playsinline><\/video><\/figure>\n<\/div>\n\n\n\n<div class=\"wp-block-column is-layout-flow wp-block-column-is-layout-flow\" style=\"flex-basis:8%\"><\/div>\n\n\n\n<div class=\"wp-block-column is-layout-flow wp-block-column-is-layout-flow\">\n<h3 class=\"wp-block-heading\" id=\"h-zarzadzanie-poczta-przychodzaca\">Zarz\u0105dzanie poczt\u0105 przychodz\u0105c\u0105&#8230;<\/h3>\n\n\n\n<h6 class=\"wp-block-heading\">Wydajna ewidencja masowej korespondencji. <\/h6>\n\n\n\n<ul><li>Rejestracja korespondencji papierowej i elektronicznej m.in. emaili, wiadomo\u015b\u0107 z ePUAP w dzienniku korespondencji.<\/li><li>Rejestracja przesy\u0142ek mieszanych \u2014 papierowych i na no\u015bnikach danych. <\/li><li>Silnik OCR.<\/li><li>Mo\u017cliwo\u015b\u0107 zeskanowania kilku dokument\u00f3w naraz i rozdzielenia ich kodami kreskowymi w systemie. <\/li><li>Numeracja RPW.<\/li><\/ul>\n\n\n\n<div class=\"wp-block-buttons is-layout-flex wp-block-buttons-is-layout-flex\"><\/div>\n<\/div>\n\n\n\n<div class=\"wp-block-column is-layout-flow wp-block-column-is-layout-flow\" style=\"flex-basis:5%\"><\/div>\n<\/div>\n<\/div>\n<\/div>\n\n\n\n<div style=\"height:60px\" aria-hidden=\"true\" class=\"wp-block-spacer\"><\/div>\n\n\n\n<div class=\"wp-block-group is-layout-flow wp-block-group-is-layout-flow\"><div class=\"wp-block-group__inner-container\">\n<div class=\"wp-block-columns is-layout-flex wp-container-core-columns-layout-4 wp-block-columns-is-layout-flex\">\n<div class=\"wp-block-column reverse-mobile is-layout-flow wp-block-column-is-layout-flow\" style=\"flex-basis:100%\">\n<div class=\"wp-block-columns is-layout-flex wp-container-core-columns-layout-3 wp-block-columns-is-layout-flex\">\n<div class=\"wp-block-column is-layout-flow wp-block-column-is-layout-flow\" style=\"flex-basis:5%\"><\/div>\n\n\n\n<div class=\"wp-block-column is-layout-flow wp-block-column-is-layout-flow\">\n<h3 class=\"wp-block-heading\" id=\"h-i-wychodzaca\">&#8230;i wychodz\u0105c\u0105<\/h3>\n\n\n\n<h6 class=\"wp-block-heading\" id=\"h-ewidencja-korespondencji-wychodzacej-w-systemie-mieszanym\">Ewidencja korespondencji wychodz\u0105cej w systemie mieszanym.<\/h6>\n\n\n\n<ul><li>Obs\u0142uga wysy\u0142ki korespondencji elektronicznej (wysy\u0142ka przez ePUAP).<\/li><li>Wydruk dziennika, pocztowej ksi\u0105\u017cki nadawczej, kopert, zwrotek.<\/li><li>Generowanie pliku Elektronicznego Nadawcy (EKN).<\/li><li>Mo\u017cliwo\u015b\u0107 obs\u0142ugi procesu rejestracji i wysy\u0142ki z kilku punkt\u00f3w jednocze\u015bnie, przy zachowaniu ci\u0105g\u0142o\u015bci numeracji. <\/li><li>Rejestr zwrotnych potwierdze\u0144 odbioru. <\/li><\/ul>\n\n\n\n<div class=\"wp-block-buttons is-layout-flex wp-block-buttons-is-layout-flex\"><\/div>\n<\/div>\n\n\n\n<div class=\"wp-block-column is-layout-flow wp-block-column-is-layout-flow\" style=\"flex-basis:8%\"><\/div>\n\n\n\n<div class=\"wp-block-column is-layout-flow wp-block-column-is-layout-flow\" style=\"flex-basis:47%\">\n<figure class=\"wp-block-image size-large\"><img decoding=\"async\" src=\"https:\/\/www2.ready-os.com\/wp-content\/uploads\/2022\/02\/Korespondencja-przychodzaca-w-systemie-EZD-1024x640.jpg\" alt=\"System-EZD-obieg-korespondencji\" class=\"wp-image-9157\"\/><\/figure>\n<\/div>\n<\/div>\n<\/div>\n<\/div>\n<\/div><\/div>\n\n\n\n<div style=\"height:60px\" aria-hidden=\"true\" class=\"wp-block-spacer\"><\/div>\n\n\n\n<div class=\"wp-block-group is-layout-flow wp-block-group-is-layout-flow\"><div class=\"wp-block-group__inner-container\">\n<div class=\"wp-block-columns is-layout-flex wp-container-core-columns-layout-6 wp-block-columns-is-layout-flex\">\n<div class=\"wp-block-column reverse-mobile is-layout-flow wp-block-column-is-layout-flow\" style=\"flex-basis:100%\">\n<div class=\"wp-block-columns is-layout-flex wp-container-core-columns-layout-5 wp-block-columns-is-layout-flex\">\n<div class=\"wp-block-column is-layout-flow wp-block-column-is-layout-flow\" style=\"flex-basis:5%\"><\/div>\n\n\n\n<div class=\"wp-block-column is-layout-flow wp-block-column-is-layout-flow\" style=\"flex-basis:47%\">\n<figure class=\"wp-block-video\"><video autoplay loop preload=\"auto\" src=\"https:\/\/www2.ready-os.com\/wp-content\/uploads\/2022\/11\/Pismo-kancelaria.mp4\" playsinline><\/video><\/figure>\n<\/div>\n\n\n\n<div class=\"wp-block-column is-layout-flow wp-block-column-is-layout-flow\" style=\"flex-basis:8%\"><\/div>\n\n\n\n<div class=\"wp-block-column is-layout-flow wp-block-column-is-layout-flow\">\n<h3 class=\"wp-block-heading\" id=\"h-sklad-chronologiczny\">Sk\u0142ad chronologiczny<\/h3>\n\n\n\n<h6 class=\"wp-block-heading\" id=\"h-sprawne-katalogowanie-i-porzadkowanie-dokumentacji-papierowej-w-systemie\">Sprawne katalogowanie i porz\u0105dkowanie dokumentacji papierowej w systemie.<\/h6>\n\n\n\n<ul><li>Pe\u0142ne odwzorowanie cyfrowe papierowego dokumentu.<\/li><li>Rejestracja dokumentu i mo\u017cliwe przekazanie papierowego orygina\u0142u do sk\u0142adu chronologicznego.<\/li><li>Mo\u017cliwo\u015b\u0107 przenoszenia dokumentu mi\u0119dzy r\u00f3\u017cnymi zbiorami sk\u0142ad\u00f3w.<\/li><li>Filtrowanie danych pomaga w odnalezieniu orygina\u0142u.<\/li><li>Sprawna obs\u0142uga wypo\u017cycze\u0144 dokumentu dzi\u0119ki adnotacjom w systemie.<\/li><\/ul>\n\n\n\n<div class=\"wp-block-buttons is-layout-flex wp-block-buttons-is-layout-flex\"><\/div>\n<\/div>\n<\/div>\n<\/div>\n<\/div>\n<\/div><\/div>\n\n\n\n<div style=\"height:60px\" aria-hidden=\"true\" class=\"wp-block-spacer\"><\/div>\n\n\n\n<div class=\"wp-block-columns is-layout-flex wp-container-core-columns-layout-8 wp-block-columns-is-layout-flex\">\n<div class=\"wp-block-column reverse-mobile is-layout-flow wp-block-column-is-layout-flow\" style=\"flex-basis:100%\">\n<div class=\"wp-block-columns is-layout-flex wp-container-core-columns-layout-7 wp-block-columns-is-layout-flex\">\n<div class=\"wp-block-column is-layout-flow wp-block-column-is-layout-flow\" style=\"flex-basis:5%\"><\/div>\n\n\n\n<div class=\"wp-block-column is-layout-flow wp-block-column-is-layout-flow\">\n<h3 class=\"wp-block-heading\" id=\"h-zarzadzanie-sprawami\">Zarz\u0105dzanie sprawami<\/h3>\n\n\n\n<h6 class=\"wp-block-heading\" id=\"h-latwe-gromadzenie-dokumentacji-w-aktach-spraw\">\u0141atwe gromadzenie dokumentacji w aktach spraw.<\/h6>\n\n\n\n<ul><li>Ka\u017cdej sprawie mo\u017cna przypisa\u0107 odpowiedni status i osob\u0119 odpowiedzialn\u0105.<\/li><li>Wsp\u00f3\u0142dzielenie sprawy.<\/li><li>Do\u0142\u0105czanie korespondencji papierowej i elektronicznej. <\/li><li>Tworzenie dokument\u00f3w wychodz\u0105cych z szablon\u00f3w oraz ich wersjonowanie.<\/li><li>Planowanie zada\u0144 w sprawach.<\/li><li>Archiwizacja spraw i dokument\u00f3w w niej zapisanych.<\/li><\/ul>\n\n\n\n<div class=\"wp-block-buttons is-layout-flex wp-block-buttons-is-layout-flex\"><\/div>\n<\/div>\n\n\n\n<div class=\"wp-block-column is-layout-flow wp-block-column-is-layout-flow\" style=\"flex-basis:8%\"><\/div>\n\n\n\n<div class=\"wp-block-column is-layout-flow wp-block-column-is-layout-flow\" style=\"flex-basis:47%\">\n<figure class=\"wp-block-image size-large\"><img decoding=\"async\" src=\"https:\/\/www2.ready-os.com\/wp-content\/uploads\/2022\/02\/Obsluga-spraw-jrwa-w-systemie-ezd-2-1024x640.jpg\" alt=\"Obs\u0142uga spraw jrwa w systemie ezd\" class=\"wp-image-9170\"\/><\/figure>\n<\/div>\n<\/div>\n<\/div>\n<\/div>\n\n\n\n<div style=\"height:60px\" aria-hidden=\"true\" class=\"wp-block-spacer\"><\/div>\n\n\n\n<div class=\"wp-block-columns is-layout-flex wp-container-core-columns-layout-10 wp-block-columns-is-layout-flex\">\n<div class=\"wp-block-column is-layout-flow wp-block-column-is-layout-flow\" style=\"flex-basis:100%\">\n<div class=\"wp-block-columns is-layout-flex wp-container-core-columns-layout-9 wp-block-columns-is-layout-flex\">\n<div class=\"wp-block-column is-layout-flow wp-block-column-is-layout-flow\" style=\"flex-basis:47%\">\n<figure class=\"wp-block-image size-large\"><img decoding=\"async\" src=\"https:\/\/www2.ready-os.com\/wp-content\/uploads\/2020\/12\/Ready-procedury-workflow-1024x567.png\" alt=\"\" class=\"wp-image-5404\"\/><\/figure>\n<\/div>\n\n\n\n<div class=\"wp-block-column is-layout-flow wp-block-column-is-layout-flow\" style=\"flex-basis:8%\"><\/div>\n\n\n\n<div class=\"wp-block-column is-layout-flow wp-block-column-is-layout-flow\">\n<h3 class=\"wp-block-heading\" id=\"h-akceptacja-i-dekretacja-dokumentow\">Akceptacja i dekretacja dokument\u00f3w<\/h3>\n\n\n\n<h6 class=\"wp-block-heading\" id=\"h-tworz-wlasne-workflow-dla-dokumentacji-w-systemie-elektronicznego-zarzadzania-dokumentami\">Tw\u00f3rz w\u0142asne workflow dla dokumentacji w systemie elektronicznego zarz\u0105dzania dokumentami. <\/h6>\n\n\n\n<ul><li>Automatyzacja proces\u00f3w zgodna z instrukcj\u0105 kancelaryjn\u0105.<\/li><li>Do przekazywanego pisma lub innego dokumentu mo\u017cna do\u0142\u0105czy\u0107 instrukcj\u0119 dla pracownika.<\/li><li>Nadawanie uprawnie\u0144 tylko wybranym osobom lub grupom.<\/li><li>Mo\u017cliwo\u015b\u0107 sprawdzenia na dokumencie, kto obecnie jest w jego posiadaniu.<\/li><li>Pe\u0142ne informacje zawsze s\u0105 \u201epod r\u0119k\u0105\u201d dzi\u0119ki dost\u0119powi do sprawy czy teczki klienta.<\/li><\/ul>\n\n\n\n<div class=\"wp-block-buttons is-layout-flex wp-block-buttons-is-layout-flex\"><\/div>\n<\/div>\n\n\n\n<div class=\"wp-block-column is-layout-flow wp-block-column-is-layout-flow\" style=\"flex-basis:5%\"><\/div>\n<\/div>\n<\/div>\n<\/div>\n\n\n\n<div style=\"height:60px\" aria-hidden=\"true\" class=\"wp-block-spacer\"><\/div>\n\n\n\n<div class=\"wp-block-group is-layout-flow wp-block-group-is-layout-flow\"><div class=\"wp-block-group__inner-container\">\n<div class=\"wp-block-columns is-layout-flex wp-container-core-columns-layout-12 wp-block-columns-is-layout-flex\">\n<div class=\"wp-block-column reverse-mobile is-layout-flow wp-block-column-is-layout-flow\" style=\"flex-basis:100%\">\n<div class=\"wp-block-columns is-layout-flex wp-container-core-columns-layout-11 wp-block-columns-is-layout-flex\">\n<div class=\"wp-block-column is-layout-flow wp-block-column-is-layout-flow\" style=\"flex-basis:5%\"><\/div>\n\n\n\n<div class=\"wp-block-column is-layout-flow wp-block-column-is-layout-flow\">\n<h3 class=\"wp-block-heading\" id=\"h-archiwum-dokumentacji-z-wykazem-akt\">Archiwum dokumentacji z wykazem akt<\/h3>\n\n\n\n<h6 class=\"wp-block-heading\" id=\"h-to-rozwiazanie-sprawdza-sie-nie-tylko-w-urzedach-ale-i-w-firmach\">To rozwi\u0105zanie sprawdza si\u0119 nie tylko w urz\u0119dach, ale i w firmach. <\/h6>\n\n\n\n<ul><li>Jednolity Rzeczowy Wykaz Akt pomaga w zachowaniu porz\u0105dku i jednolitej numeracji.<\/li><li>Oznaczanie spraw przekazanych do archiwizacji i automatyczne przekazanie do archiwum zak\u0142adowego.<\/li><li>Obs\u0142uga proces\u00f3w archiwizacji sk\u0142ad\u00f3w chronologicznych.<\/li><li>Generowanie wniosk\u00f3w i paczek archiwalnych do przekazania do Archiwum Pa\u0144stwowego.<\/li><li>Wsparcie procesu brakowania dokument\u00f3w.<\/li><\/ul>\n\n\n\n<div class=\"wp-block-buttons is-layout-flex wp-block-buttons-is-layout-flex\"><\/div>\n<\/div>\n\n\n\n<div class=\"wp-block-column is-layout-flow wp-block-column-is-layout-flow\" style=\"flex-basis:8%\"><\/div>\n\n\n\n<div class=\"wp-block-column is-layout-flow wp-block-column-is-layout-flow\" style=\"flex-basis:47%\">\n<figure class=\"wp-block-image size-large\"><img decoding=\"async\" src=\"https:\/\/www2.ready-os.com\/wp-content\/uploads\/2022\/10\/Ready_\u2122-Archiwum-1024x627.png\" alt=\"\" class=\"wp-image-10331\"\/><\/figure>\n<\/div>\n<\/div>\n<\/div>\n<\/div>\n<\/div><\/div>\n\n\n\n<div style=\"height:60px\" aria-hidden=\"true\" class=\"wp-block-spacer\"><\/div>\n\n\n\n<div class=\"wp-block-columns is-layout-flex wp-container-core-columns-layout-13 wp-block-columns-is-layout-flex\">\n<div class=\"wp-block-column is-layout-flow wp-block-column-is-layout-flow\" style=\"flex-basis:47%\">\n<figure class=\"wp-block-image size-large\"><img decoding=\"async\" src=\"https:\/\/www2.ready-os.com\/wp-content\/uploads\/2020\/03\/struktura_organizacyjna_firmy-e1584468448157-1024x554.jpg\" alt=\"Struktura organizacyjna firmy\" class=\"wp-image-2524\"\/><\/figure>\n<\/div>\n\n\n\n<div class=\"wp-block-column is-layout-flow wp-block-column-is-layout-flow\" style=\"flex-basis:8%\"><\/div>\n\n\n\n<div class=\"wp-block-column is-layout-flow wp-block-column-is-layout-flow\">\n<h3 class=\"wp-block-heading\" id=\"h-struktura-organizacyjna-i-zarzadzanie-uzytkownikami\">Struktura organizacyjna i zarz\u0105dzanie u\u017cytkownikami<\/h3>\n\n\n\n<h6 class=\"wp-block-heading\" id=\"h-bezpiecznie-zarzadzaj-uprawnieniami-osob-lub-grup-do-dokumentacji-w-ezd\">Bezpiecznie zarz\u0105dzaj uprawnieniami os\u00f3b lub grup do dokumentacji w EZD. <\/h6>\n\n\n\n<ul><li>Wizualna prezentacja hierarchii.<\/li><li>Domy\u015blne regu\u0142y wpisane w okre\u015blone stanowiska.<\/li><li>Mo\u017cliwo\u015b\u0107 modyfikacji struktury oraz uprawnie\u0144 dla u\u017cytkownik\u00f3w.<\/li><li>Struktura pomaga w tworzeniu proces\u00f3w akceptacji i dekretacji.<\/li><\/ul>\n\n\n\n<div class=\"wp-block-buttons is-layout-flex wp-block-buttons-is-layout-flex\"><\/div>\n<\/div>\n\n\n\n<div class=\"wp-block-column is-layout-flow wp-block-column-is-layout-flow\" style=\"flex-basis:5%\"><\/div>\n<\/div>\n\n\n\n<div style=\"height:60px\" aria-hidden=\"true\" class=\"wp-block-spacer\"><\/div>\n\n\n\n<div class=\"wp-block-group is-layout-flow wp-block-group-is-layout-flow\"><div class=\"wp-block-group__inner-container\">\n<div class=\"wp-block-columns is-layout-flex wp-container-core-columns-layout-15 wp-block-columns-is-layout-flex\">\n<div class=\"wp-block-column reverse-mobile is-layout-flow wp-block-column-is-layout-flow\" style=\"flex-basis:100%\">\n<div class=\"wp-block-columns is-layout-flex wp-container-core-columns-layout-14 wp-block-columns-is-layout-flex\">\n<div class=\"wp-block-column is-layout-flow wp-block-column-is-layout-flow\" style=\"flex-basis:5%\"><\/div>\n\n\n\n<div class=\"wp-block-column is-layout-flow wp-block-column-is-layout-flow\">\n<h3 class=\"wp-block-heading\" id=\"h-ready-to-wiecej-niz-ezd\">Ready_\u2122 to wi\u0119cej ni\u017c EZD<\/h3>\n\n\n\n<h6 class=\"wp-block-heading\" id=\"h-system-ready-zostal-zaprojektowany-tak-by-nie-tylko-umozliwic-sprawny-obieg-dokumentow-ale-rowniez-i-zarzadzanie-zespolami-i-zadaniami-oraz-funkcjonowanie-calej-instytucji\">System Ready_\u2122 zosta\u0142 zaprojektowany, tak by nie tylko umo\u017cliwi\u0107 sprawny <a href=\"http:\/\/pl\/elektroniczny-obieg-dokumentow\/\" target=\"_blank\" rel=\"noreferrer noopener\">obieg dokument\u00f3w<\/a>, ale r\u00f3wnie\u017c i zarz\u0105dzanie zespo\u0142ami i zadaniami oraz funkcjonowanie ca\u0142ej instytucji.<\/h6>\n\n\n\n<ul><li>Pulpit podobny do Windows, Linux, MacOS.<\/li><li>Operacje Drag&amp;Drop.<\/li><li>Kolory r\u00f3\u017cnych segment\u00f3w u\u0142atwi\u0105 prac\u0119 i nawigacj\u0119 w systemie.<\/li><li>Strumie\u0144 powiadomie\u0144.<\/li><li><a href=\"http:\/\/pl\/zarzadzanie-zadaniami-i-komunikacja\/\" target=\"_blank\" rel=\"noreferrer noopener\">Narz\u0119dzia pracy grupowej<\/a>.<\/li><li>Baza klient\u00f3w i kontrahent\u00f3w.<\/li><\/ul>\n\n\n\n<div class=\"wp-block-buttons is-layout-flex wp-block-buttons-is-layout-flex\"><\/div>\n<\/div>\n\n\n\n<div class=\"wp-block-column is-layout-flow wp-block-column-is-layout-flow\" style=\"flex-basis:8%\"><\/div>\n\n\n\n<div class=\"wp-block-column is-layout-flow wp-block-column-is-layout-flow\" style=\"flex-basis:47%\">\n<figure class=\"wp-block-image size-full\"><img loading=\"lazy\" decoding=\"async\" width=\"908\" height=\"568\" src=\"https:\/\/ready-os.com\/wp-content\/uploads\/2021\/06\/Ready_kalendarz.png\" alt=\"Kalendarz w systemie Ready\" class=\"wp-image-6547\" srcset=\"https:\/\/www2.ready-os.com\/wp-content\/uploads\/2021\/06\/Ready_kalendarz.png 908w, https:\/\/www2.ready-os.com\/wp-content\/uploads\/2021\/06\/Ready_kalendarz-300x188.png 300w, https:\/\/www2.ready-os.com\/wp-content\/uploads\/2021\/06\/Ready_kalendarz-768x480.png 768w\" sizes=\"(max-width: 908px) 100vw, 908px\" \/><\/figure>\n<\/div>\n<\/div>\n<\/div>\n<\/div>\n<\/div><\/div>\n\n\n\n<h2 class=\"wp-block-heading\" id=\"h-dla-kogo-ezd\">Dla kogo EZD?<\/h2>\n\n\n\n<h3 class=\"wp-block-heading\" id=\"h-sektor-administracyjny-urzedy-i-spolki-skarbu-panstwa\"><strong>Sektor administracyjny, urz\u0119dy i Sp\u00f3\u0142ki Skarbu Pa\u0144stwa<\/strong><\/h3>\n\n\n\n<p>Administracja publiczna to zesp\u00f3\u0142 wielu struktur organizacyjnych \u2013 od urz\u0119d\u00f3w, po jednostki wsp\u00f3\u0142pracuj\u0105ce z nimi lub im podlegaj\u0105ce. Dlatego te\u017c wymiana dokumentacji mi\u0119dzy nimi musi by\u0107 klarowna oraz z zachowaniem wytycznych, w tym <a href=\"https:\/\/pl.wikipedia.org\/wiki\/Instrukcja_kancelaryjna\" target=\"_blank\" rel=\"noreferrer noopener\">instrukcji kancelaryjnej<\/a>. Spos\u00f3b zarz\u0105dzania dokumentacj\u0105 elektroniczn\u0105 i tradycyjn\u0105 ma znacz\u0105cy wp\u0142yw na efektywno\u015b\u0107 w realizacji zada\u0144 jednostki, a tym samym na obs\u0142ug\u0119 obywateli.<\/p>\n\n\n\n<h3 class=\"wp-block-heading\" id=\"h-sektor-edukacyjny\"><strong><strong>Sektor edukacyjny<\/strong><\/strong><\/h3>\n\n\n\n<p><a href=\"https:\/\/pl.wikipedia.org\/wiki\/Elektroniczne_zarz%C4%85dzanie_dokumentacj%C4%85\" target=\"_blank\" rel=\"noreferrer noopener\">System do zarz\u0105dzania dokumentami<\/a> znacz\u0105co poprawia komunikacj\u0119 w jednostce edukacyjnej. Przyspiesza te\u017c realizacj\u0119 proces\u00f3w wewn\u0119trznych. System mo\u017ce s\u0142u\u017cy\u0107 r\u00f3wnie\u017c do usprawnienia komunikacji z kontrahentami, innymi wsp\u00f3\u0142pracuj\u0105cymi plac\u00f3wkami naukowo-badawczymi oraz studentami. Ready_\u2122 nie tylko usprawnia prac\u0119 dziekanat\u00f3w, ale r\u00f3wnie\u017c wspomaga pe\u0142n\u0105 obs\u0142ug\u0119 kancelaryjn\u0105 szk\u00f3\u0142 i uczelni.<\/p>\n\n\n\n<h3 class=\"wp-block-heading\" id=\"h-sektor-prywatny\"><strong><strong>Sektor prywatny<\/strong><\/strong><\/h3>\n\n\n\n<p><a href=\"https:\/\/pl.wikipedia.org\/wiki\/Elektroniczne_zarz%C4%85dzanie_dokumentacj%C4%85\" target=\"_blank\" rel=\"noreferrer noopener\">Elektroniczne zarz\u0105dzanie dokumentacj\u0105<\/a> w firmach wynika z ich dynamiki rozwoju oraz rosn\u0105cych wymaga\u0144 klient\u00f3w. Aby spe\u0142ni\u0107 wymogi i mie\u0107 wszystko pod kontrol\u0105 warto wdro\u017cy\u0107 elektroniczny obieg dokumentacji w firmie. To pozwoli na skr\u00f3cenie czasu obs\u0142ugi kontrahenta lub klienta, zmniejszenie zu\u017cycia materia\u0142\u00f3w biurowych oraz przyspieszenie czasu realizacji zada\u0144. Dzi\u0119ki systemowi do wymiany dokument\u00f3w usprawnione zostaj\u0105 procesy komunikacyjne, a pismo przesy\u0142ane obiegiem szybciej i celniej trafia do zainteresowanych.<\/p>\n","protected":false},"excerpt":{"rendered":"<p>Zarz\u0105dzanie poczt\u0105 przychodz\u0105c\u0105&#8230; Wydajna ewidencja masowej korespondencji. Rejestracja korespondencji papierowej i elektronicznej m.in. emaili, wiadomo\u015b\u0107 z ePUAP w dzienniku korespondencji. Rejestracja przesy\u0142ek mieszanych \u2014 papierowych i na no\u015bnikach danych. Silnik OCR. Mo\u017cliwo\u015b\u0107 zeskanowania kilku dokument\u00f3w naraz i rozdzielenia ich kodami kreskowymi w systemie. Numeracja RPW. &#8230;i wychodz\u0105c\u0105 Ewidencja korespondencji wychodz\u0105cej w systemie mieszanym. Obs\u0142uga wysy\u0142ki [&hellip;]<\/p>\n","protected":false},"author":2,"featured_media":12850,"parent":0,"menu_order":0,"comment_status":"closed","ping_status":"closed","template":"template-parts\/page-app-16.php","meta":{"footnotes":""},"_links":{"self":[{"href":"https:\/\/www2.ready-os.com\/pl\/wp-json\/wp\/v2\/pages\/12837"}],"collection":[{"href":"https:\/\/www2.ready-os.com\/pl\/wp-json\/wp\/v2\/pages"}],"about":[{"href":"https:\/\/www2.ready-os.com\/pl\/wp-json\/wp\/v2\/types\/page"}],"author":[{"embeddable":true,"href":"https:\/\/www2.ready-os.com\/pl\/wp-json\/wp\/v2\/users\/2"}],"replies":[{"embeddable":true,"href":"https:\/\/www2.ready-os.com\/pl\/wp-json\/wp\/v2\/comments?post=12837"}],"version-history":[{"count":10,"href":"https:\/\/www2.ready-os.com\/pl\/wp-json\/wp\/v2\/pages\/12837\/revisions"}],"predecessor-version":[{"id":14425,"href":"https:\/\/www2.ready-os.com\/pl\/wp-json\/wp\/v2\/pages\/12837\/revisions\/14425"}],"wp:featuredmedia":[{"embeddable":true,"href":"https:\/\/www2.ready-os.com\/pl\/wp-json\/wp\/v2\/media\/12850"}],"wp:attachment":[{"href":"https:\/\/www2.ready-os.com\/pl\/wp-json\/wp\/v2\/media?parent=12837"}],"curies":[{"name":"wp","href":"https:\/\/api.w.org\/{rel}","templated":true}]}}